{"id":32678,"date":"2022-02-14T13:00:17","date_gmt":"2022-02-14T11:00:17","guid":{"rendered":"https:\/\/ddt.lv\/lv\/product\/led-gu10-7w-110-240v-600lm-4000k-spuldze-sylvania\/"},"modified":"2026-04-08T14:31:35","modified_gmt":"2026-04-08T11:31:35","slug":"led-gu10-7w-110-240v-600lm-4000k-spuldze-sylvania","status":"publish","type":"product","link":"https:\/\/ddt.lv\/lv\/product\/led-gu10-7w-110-240v-600lm-4000k-spuldze-sylvania\/","title":{"rendered":"LED GU10 7W 110&#8242; 240V 600lm 4000K spuldze Sylvania"},"content":{"rendered":"<p>Kompakta, energoefekt\u012bva un izcilas v\u0113rt\u012bbas LED GU10 lampa.<br \/>\nT\u0101da pati forma un izm\u0113rs k\u0101 halog\u0113na GU10 lampai.<br \/>\nCompact Cluster SMD tehnolo\u0123ija nodro\u0161ina augstu efektivit\u0101ti ar halog\u0113na izskatu.<br \/>\nSamazin\u0101ta redzam\u0101 siltuma izlietne no priek\u0161puses.<br \/>\nPieejams 110 gr\u0101du stara le\u0146\u0137\u012b.<br \/>\nAugsta l\u016bmena efektivit\u0101te.<br \/>\nVid\u0113jais nomin\u0101lais kalpo\u0161anas laiks 15 000 stundu.<\/p>","protected":false},"excerpt":{"rendered":"<p>Kompakta, energoefekt\u012bva un izcilas v\u0113rt\u012bbas LED GU10 lampa. T\u0101da pati forma un izm\u0113rs k\u0101 halog\u0113na GU10 lampai. Compact Cluster SMD tehnolo\u0123ija nodro\u0161ina augstu efektivit\u0101ti ar halog\u0113na izskatu. Samazin\u0101ta redzam\u0101 siltuma izlietne no priek\u0161puses. Pieejams 110 gr\u0101du stara le\u0146\u0137\u012b. Augsta l\u016bmena efektivit\u0101te. Vid\u0113jais nomin\u0101lais kalpo\u0161anas laiks 15 000 stundu.<\/p>\n","protected":false},"featured_media":32697,"comment_status":"closed","ping_status":"closed","template":"","meta":{"inline_featured_image":false},"product_cat":[772,852],"product_tag":[],"yst_prominent_words":[],"class_list":{"0":"post-32678","1":"product","2":"type-product","3":"status-publish","4":"has-post-thumbnail","6":"product_cat-atlaides","7":"product_cat-gu10-spuldzes","9":"first","10":"instock","11":"sale","12":"taxable","13":"shipping-taxable","14":"purchasable","15":"product-type-simple"},"jetpack_sharing_enabled":true,"_links":{"self":[{"href":"https:\/\/ddt.lv\/lv\/wp-json\/wp\/v2\/product\/32678"}],"collection":[{"href":"https:\/\/ddt.lv\/lv\/wp-json\/wp\/v2\/product"}],"about":[{"href":"https:\/\/ddt.lv\/lv\/wp-json\/wp\/v2\/types\/product"}],"replies":[{"embeddable":true,"href":"https:\/\/ddt.lv\/lv\/wp-json\/wp\/v2\/comments?post=32678"}],"wp:featuredmedia":[{"embeddable":true,"href":"https:\/\/ddt.lv\/lv\/wp-json\/wp\/v2\/media\/32697"}],"wp:attachment":[{"href":"https:\/\/ddt.lv\/lv\/wp-json\/wp\/v2\/media?parent=32678"}],"wp:term":[{"taxonomy":"product_cat","embeddable":true,"href":"https:\/\/ddt.lv\/lv\/wp-json\/wp\/v2\/product_cat?post=32678"},{"taxonomy":"product_tag","embeddable":true,"href":"https:\/\/ddt.lv\/lv\/wp-json\/wp\/v2\/product_tag?post=32678"},{"taxonomy":"yst_prominent_words","embeddable":true,"href":"https:\/\/ddt.lv\/lv\/wp-json\/wp\/v2\/yst_prominent_words?post=32678"}],"curies":[{"name":"wp","href":"https:\/\/api.w.org\/{rel}","templated":true}]}}