{"id":32632,"date":"2022-02-08T14:40:12","date_gmt":"2022-02-08T12:40:12","guid":{"rendered":"https:\/\/ddt.lv\/lv\/product\/led-gls-a60-filament-e27-4w-240v-700lm-ip54-zala-spuldze-sylvania\/"},"modified":"2026-04-13T10:01:49","modified_gmt":"2026-04-13T07:01:49","slug":"led-gls-a60-filament-e27-4w-240v-700lm-ip54-zala-spuldze-sylvania","status":"publish","type":"product","link":"https:\/\/ddt.lv\/lv\/product\/led-gls-a60-filament-e27-4w-240v-700lm-ip54-zala-spuldze-sylvania\/","title":{"rendered":"LED GLS A60 FILAMENT E27 4W 240V 700lm IP54 za\u013ca spuldze Sylvania"},"content":{"rendered":"<p>Katrs LED kv\u0113ldiegs ir p\u0101rkl\u0101ts ar unik\u0101lu kr\u0101sainu fluoresc\u0113jo\u0161u fosforu, radot visintens\u012bv\u0101k\u0101s un pies\u0101tin\u0101t\u0101k\u0101s kr\u0101sas tirg\u016b, &#8211; Caursp\u012bd\u012bga \u0101r\u0113j\u0101 A60 spuldze, kas nodro\u0161ina nek\u0101dus gaismas zudumus kr\u0101sota stikla spuldzes absorbcijas d\u0113\u013c, nodro\u0161inot augstu gaismas atdevi, &#8211; Pilna stikla konstrukcija bez \u0101r\u0113jais lakas p\u0101rkl\u0101jums, kas nolob\u0101s vai noskr\u0101p\u0113jas, lietojot \u0101rpus telp\u0101m, nodro\u0161inot ilgsto\u0161u kr\u0101su, &#8211; IP54 \u016bdens\/putek\u013cu\/net\u012brumu iztur\u012bgs.<\/p>","protected":false},"excerpt":{"rendered":"<p>Katrs LED kv\u0113ldiegs ir p\u0101rkl\u0101ts ar unik\u0101lu kr\u0101sainu fluoresc\u0113jo\u0161u fosforu, radot visintens\u012bv\u0101k\u0101s un pies\u0101tin\u0101t\u0101k\u0101s kr\u0101sas tirg\u016b, &#8211; Caursp\u012bd\u012bga \u0101r\u0113j\u0101 A60 spuldze, kas nodro\u0161ina nek\u0101dus gaismas zudumus kr\u0101sota stikla spuldzes absorbcijas d\u0113\u013c, nodro\u0161inot augstu gaismas atdevi, &#8211; Pilna stikla konstrukcija bez \u0101r\u0113jais lakas p\u0101rkl\u0101jums, kas nolob\u0101s vai noskr\u0101p\u0113jas, lietojot \u0101rpus telp\u0101m, nodro\u0161inot ilgsto\u0161u kr\u0101su, &#8211; IP54 [&hellip;]<\/p>\n","protected":false},"featured_media":32635,"comment_status":"closed","ping_status":"closed","template":"","meta":{"inline_featured_image":false},"product_cat":[772,1332],"product_tag":[],"yst_prominent_words":[],"class_list":{"0":"post-32632","1":"product","2":"type-product","3":"status-publish","4":"has-post-thumbnail","6":"product_cat-atlaides","7":"product_cat-krasainas-led-spuldzes","9":"first","10":"instock","11":"sale","12":"taxable","13":"shipping-taxable","14":"purchasable","15":"product-type-simple"},"jetpack_sharing_enabled":true,"_links":{"self":[{"href":"https:\/\/ddt.lv\/lv\/wp-json\/wp\/v2\/product\/32632"}],"collection":[{"href":"https:\/\/ddt.lv\/lv\/wp-json\/wp\/v2\/product"}],"about":[{"href":"https:\/\/ddt.lv\/lv\/wp-json\/wp\/v2\/types\/product"}],"replies":[{"embeddable":true,"href":"https:\/\/ddt.lv\/lv\/wp-json\/wp\/v2\/comments?post=32632"}],"wp:featuredmedia":[{"embeddable":true,"href":"https:\/\/ddt.lv\/lv\/wp-json\/wp\/v2\/media\/32635"}],"wp:attachment":[{"href":"https:\/\/ddt.lv\/lv\/wp-json\/wp\/v2\/media?parent=32632"}],"wp:term":[{"taxonomy":"product_cat","embeddable":true,"href":"https:\/\/ddt.lv\/lv\/wp-json\/wp\/v2\/product_cat?post=32632"},{"taxonomy":"product_tag","embeddable":true,"href":"https:\/\/ddt.lv\/lv\/wp-json\/wp\/v2\/product_tag?post=32632"},{"taxonomy":"yst_prominent_words","embeddable":true,"href":"https:\/\/ddt.lv\/lv\/wp-json\/wp\/v2\/yst_prominent_words?post=32632"}],"curies":[{"name":"wp","href":"https:\/\/api.w.org\/{rel}","templated":true}]}}