{"id":32626,"date":"2022-02-08T14:30:18","date_gmt":"2022-02-08T12:30:18","guid":{"rendered":"https:\/\/ddt.lv\/lv\/product\/led-gls-a60-e27-8w-240v-806lm-4000k-spuldze-sylvania\/"},"modified":"2026-04-01T00:21:56","modified_gmt":"2026-03-31T21:21:56","slug":"led-gls-a60-e27-8w-240v-806lm-4000k-spuldze-sylvania","status":"publish","type":"product","link":"https:\/\/ddt.lv\/lv\/product\/led-gls-a60-e27-8w-240v-806lm-4000k-spuldze-sylvania\/","title":{"rendered":"LED GLS A60 E27 8W 240V 806lm 4000K spuldze Sylvania"},"content":{"rendered":"<p>Kompakts un elegants dizains.<br \/>\nPiem\u0113rots halog\u0113nu, kv\u0113lspuld\u017eu un kompakto dienasgaismas spuld\u017eu nomai\u0146ai.<br \/>\nT\u016bl\u012bt\u0113ja gaisma, nospie\u017eot sl\u0113dzi.<br \/>\nVienm\u0113r\u012bgs gaismas sadal\u012bjums.<br \/>\nLaba kr\u0101su atveide (CRI 80).<br \/>\nLieliski piem\u0113rots viesn\u012bc\u0101m, restor\u0101niem, vestibiliem, koridoriem, k\u0101p\u0146u telp\u0101m, uz\u0146em\u0161anas zon\u0101m.<br \/>\nZem\u0101kas uztur\u0113\u0161anas izmaksas.<br \/>\nVid\u0113jais nomin\u0101lais kalpo\u0161anas laiks 15 000 stundu.<\/p>","protected":false},"excerpt":{"rendered":"<p>Kompakts un elegants dizains. Piem\u0113rots halog\u0113nu, kv\u0113lspuld\u017eu un kompakto dienasgaismas spuld\u017eu nomai\u0146ai. T\u016bl\u012bt\u0113ja gaisma, nospie\u017eot sl\u0113dzi. Vienm\u0113r\u012bgs gaismas sadal\u012bjums. Laba kr\u0101su atveide (CRI 80). Lieliski piem\u0113rots viesn\u012bc\u0101m, restor\u0101niem, vestibiliem, koridoriem, k\u0101p\u0146u telp\u0101m, uz\u0146em\u0161anas zon\u0101m. Zem\u0101kas uztur\u0113\u0161anas izmaksas. Vid\u0113jais nomin\u0101lais kalpo\u0161anas laiks 15 000 stundu.<\/p>\n","protected":false},"featured_media":32643,"comment_status":"closed","ping_status":"closed","template":"","meta":{"inline_featured_image":false},"product_cat":[850],"product_tag":[],"yst_prominent_words":[],"class_list":{"0":"post-32626","1":"product","2":"type-product","3":"status-publish","4":"has-post-thumbnail","6":"product_cat-e27-spuldzes","8":"first","9":"instock","10":"taxable","11":"shipping-taxable","12":"purchasable","13":"product-type-simple"},"jetpack_sharing_enabled":true,"_links":{"self":[{"href":"https:\/\/ddt.lv\/lv\/wp-json\/wp\/v2\/product\/32626"}],"collection":[{"href":"https:\/\/ddt.lv\/lv\/wp-json\/wp\/v2\/product"}],"about":[{"href":"https:\/\/ddt.lv\/lv\/wp-json\/wp\/v2\/types\/product"}],"replies":[{"embeddable":true,"href":"https:\/\/ddt.lv\/lv\/wp-json\/wp\/v2\/comments?post=32626"}],"wp:featuredmedia":[{"embeddable":true,"href":"https:\/\/ddt.lv\/lv\/wp-json\/wp\/v2\/media\/32643"}],"wp:attachment":[{"href":"https:\/\/ddt.lv\/lv\/wp-json\/wp\/v2\/media?parent=32626"}],"wp:term":[{"taxonomy":"product_cat","embeddable":true,"href":"https:\/\/ddt.lv\/lv\/wp-json\/wp\/v2\/product_cat?post=32626"},{"taxonomy":"product_tag","embeddable":true,"href":"https:\/\/ddt.lv\/lv\/wp-json\/wp\/v2\/product_tag?post=32626"},{"taxonomy":"yst_prominent_words","embeddable":true,"href":"https:\/\/ddt.lv\/lv\/wp-json\/wp\/v2\/yst_prominent_words?post=32626"}],"curies":[{"name":"wp","href":"https:\/\/api.w.org\/{rel}","templated":true}]}}