{"id":32625,"date":"2022-02-08T14:30:17","date_gmt":"2022-02-08T12:30:17","guid":{"rendered":"https:\/\/ddt.lv\/lv\/product\/led-mr11-4w-36-12v-345lm-3000k-spuldze-sylvania\/"},"modified":"2026-04-09T16:15:26","modified_gmt":"2026-04-09T13:15:26","slug":"led-mr11-4w-36-12v-345lm-3000k-spuldze-sylvania","status":"publish","type":"product","link":"https:\/\/ddt.lv\/lv\/product\/led-mr11-4w-36-12v-345lm-3000k-spuldze-sylvania\/","title":{"rendered":"LED MR11 4W 36&#8242; 12V 345lm 3000K spuldze Sylvania"},"content":{"rendered":"<p>LED MR11 kl\u0101sts ar t\u0101du pa\u0161u izskatu un saj\u016btu k\u0101 tradicion\u0101lajai halog\u0113na MR11 lampai.<br \/>\nPilna stikla dizains \u2013 tas noz\u012bm\u0113, ka starp lampu un armat\u016bru nav pretrun\u012bgas kr\u0101sas.<br \/>\nPieejams 36 gr\u0101du stara le\u0146\u0137\u012b.<br \/>\nVid\u0113jais nomin\u0101lais kalpo\u0161anas laiks 15 000 stundu.<br \/>\nP\u0101rsl\u0113g\u0161anas cikli: 50 000.<br \/>\nKr\u0101su atveide: CRI80.<br \/>\nLampas spriegums: 12V AC\/DC.<br \/>\nDarbojas ar magn\u0113tiskiem un sader\u012bgiem elektroniskajiem transformatoriem*.<\/p>","protected":false},"excerpt":{"rendered":"<p>LED MR11 kl\u0101sts ar t\u0101du pa\u0161u izskatu un saj\u016btu k\u0101 tradicion\u0101lajai halog\u0113na MR11 lampai. Pilna stikla dizains \u2013 tas noz\u012bm\u0113, ka starp lampu un armat\u016bru nav pretrun\u012bgas kr\u0101sas. Pieejams 36 gr\u0101du stara le\u0146\u0137\u012b. Vid\u0113jais nomin\u0101lais kalpo\u0161anas laiks 15 000 stundu. P\u0101rsl\u0113g\u0161anas cikli: 50 000. Kr\u0101su atveide: CRI80. Lampas spriegums: 12V AC\/DC. Darbojas ar magn\u0113tiskiem un [&hellip;]<\/p>\n","protected":false},"featured_media":32646,"comment_status":"closed","ping_status":"closed","template":"","meta":{"inline_featured_image":false},"product_cat":[853],"product_tag":[],"yst_prominent_words":[],"class_list":{"0":"post-32625","1":"product","2":"type-product","3":"status-publish","4":"has-post-thumbnail","6":"product_cat-g4-spuldzes-led-spuldzes","8":"first","9":"outofstock","10":"taxable","11":"shipping-taxable","12":"purchasable","13":"product-type-simple"},"jetpack_sharing_enabled":true,"_links":{"self":[{"href":"https:\/\/ddt.lv\/lv\/wp-json\/wp\/v2\/product\/32625"}],"collection":[{"href":"https:\/\/ddt.lv\/lv\/wp-json\/wp\/v2\/product"}],"about":[{"href":"https:\/\/ddt.lv\/lv\/wp-json\/wp\/v2\/types\/product"}],"replies":[{"embeddable":true,"href":"https:\/\/ddt.lv\/lv\/wp-json\/wp\/v2\/comments?post=32625"}],"wp:featuredmedia":[{"embeddable":true,"href":"https:\/\/ddt.lv\/lv\/wp-json\/wp\/v2\/media\/32646"}],"wp:attachment":[{"href":"https:\/\/ddt.lv\/lv\/wp-json\/wp\/v2\/media?parent=32625"}],"wp:term":[{"taxonomy":"product_cat","embeddable":true,"href":"https:\/\/ddt.lv\/lv\/wp-json\/wp\/v2\/product_cat?post=32625"},{"taxonomy":"product_tag","embeddable":true,"href":"https:\/\/ddt.lv\/lv\/wp-json\/wp\/v2\/product_tag?post=32625"},{"taxonomy":"yst_prominent_words","embeddable":true,"href":"https:\/\/ddt.lv\/lv\/wp-json\/wp\/v2\/yst_prominent_words?post=32625"}],"curies":[{"name":"wp","href":"https:\/\/api.w.org\/{rel}","templated":true}]}}