{"id":32623,"date":"2022-02-08T14:30:16","date_gmt":"2022-02-08T12:30:16","guid":{"rendered":"https:\/\/ddt.lv\/lv\/product\/led-gu10-es111-par-13w-25-240v-1150lm-3000k-dim-spuldze-sylvania\/"},"modified":"2026-04-08T14:41:38","modified_gmt":"2026-04-08T11:41:38","slug":"led-gu10-es111-par-13w-25-240v-1150lm-3000k-dim-spuldze-sylvania","status":"publish","type":"product","link":"https:\/\/ddt.lv\/lv\/product\/led-gu10-es111-par-13w-25-240v-1150lm-3000k-dim-spuldze-sylvania\/","title":{"rendered":"LED GU10 ES111 PAR 13W 25\u00b0 240V 1150lm 3000K DIM spuldze Sylvania"},"content":{"rendered":"<p>Augstas veiktsp\u0113jas LED ES111 lampa ar t\u0101du pa\u0161u izskatu un saj\u016btu k\u0101 tradicion\u0101lajai Haloegn ES111 lampai.<br \/>\nPilna stikla dizains \u2013 tas noz\u012bm\u0113, ka starp lampu un armat\u016bru nav pretrun\u012bgas kr\u0101sas.<br \/>\nAugsta l\u016bmena jauda &#8211; 1150 lm.<br \/>\nL\u0113cas ar plankumiem, lai pal\u012bdz\u0113tu samazin\u0101t atsp\u012bdumu un atjaunotu halog\u0113na gaismas efektu.<br \/>\n25\u00b0 staru k\u016b\u013ca le\u0146\u0137is.<br \/>\n87% ener\u0123ijas ietaup\u012bjums<br \/>\nAptum\u0161ojams.<br \/>\n25 000 H vid\u0113jais nomin\u0101lais kalpo\u0161anas laiks, kalpo 12,5 reizes ilg\u0101k nek\u0101 halog\u0113na alternat\u012bvas.<br \/>\n&gt; 100 000X p\u0101rsl\u0113g\u0161anas cikls.<br \/>\nAugsta l\u016bmena efektivit\u0101te \u2013 89 lm\/W.<br \/>\nLaba kr\u0101su atveide &#8211; CRI 80.<\/p>","protected":false},"excerpt":{"rendered":"<p>Augstas veiktsp\u0113jas LED ES111 lampa ar t\u0101du pa\u0161u izskatu un saj\u016btu k\u0101 tradicion\u0101lajai Haloegn ES111 lampai. Pilna stikla dizains \u2013 tas noz\u012bm\u0113, ka starp lampu un armat\u016bru nav pretrun\u012bgas kr\u0101sas. Augsta l\u016bmena jauda &#8211; 1150 lm. L\u0113cas ar plankumiem, lai pal\u012bdz\u0113tu samazin\u0101t atsp\u012bdumu un atjaunotu halog\u0113na gaismas efektu. 25\u00b0 staru k\u016b\u013ca le\u0146\u0137is. 87% ener\u0123ijas ietaup\u012bjums [&hellip;]<\/p>\n","protected":false},"featured_media":32648,"comment_status":"closed","ping_status":"closed","template":"","meta":{"inline_featured_image":false},"product_cat":[772,852],"product_tag":[],"yst_prominent_words":[],"class_list":{"0":"post-32623","1":"product","2":"type-product","3":"status-publish","4":"has-post-thumbnail","6":"product_cat-atlaides","7":"product_cat-gu10-spuldzes","9":"first","10":"outofstock","11":"sale","12":"taxable","13":"shipping-taxable","14":"purchasable","15":"product-type-simple"},"jetpack_sharing_enabled":true,"_links":{"self":[{"href":"https:\/\/ddt.lv\/lv\/wp-json\/wp\/v2\/product\/32623"}],"collection":[{"href":"https:\/\/ddt.lv\/lv\/wp-json\/wp\/v2\/product"}],"about":[{"href":"https:\/\/ddt.lv\/lv\/wp-json\/wp\/v2\/types\/product"}],"replies":[{"embeddable":true,"href":"https:\/\/ddt.lv\/lv\/wp-json\/wp\/v2\/comments?post=32623"}],"wp:featuredmedia":[{"embeddable":true,"href":"https:\/\/ddt.lv\/lv\/wp-json\/wp\/v2\/media\/32648"}],"wp:attachment":[{"href":"https:\/\/ddt.lv\/lv\/wp-json\/wp\/v2\/media?parent=32623"}],"wp:term":[{"taxonomy":"product_cat","embeddable":true,"href":"https:\/\/ddt.lv\/lv\/wp-json\/wp\/v2\/product_cat?post=32623"},{"taxonomy":"product_tag","embeddable":true,"href":"https:\/\/ddt.lv\/lv\/wp-json\/wp\/v2\/product_tag?post=32623"},{"taxonomy":"yst_prominent_words","embeddable":true,"href":"https:\/\/ddt.lv\/lv\/wp-json\/wp\/v2\/yst_prominent_words?post=32623"}],"curies":[{"name":"wp","href":"https:\/\/api.w.org\/{rel}","templated":true}]}}