{"id":32620,"date":"2022-02-08T14:30:15","date_gmt":"2022-02-08T12:30:15","guid":{"rendered":"https:\/\/ddt.lv\/lv\/product\/toledo-performer-t60-27w-3400lm-4000k-e27-spuldze-sylvania\/"},"modified":"2026-04-13T10:01:47","modified_gmt":"2026-04-13T07:01:47","slug":"toledo-performer-t60-27w-3400lm-4000k-e27-spuldze-sylvania","status":"publish","type":"product","link":"https:\/\/ddt.lv\/lv\/product\/toledo-performer-t60-27w-3400lm-4000k-e27-spuldze-sylvania\/","title":{"rendered":"ToLEDo Performer T60 27W 3400lm 4000K E27 spuldze Sylvania"},"content":{"rendered":"<p>Augstspiediena dz\u012bvsudraba tvaika spuld\u017eu (HPMV) tie\u0161a moderniz\u0113\u0161ana. 50 000 stundu vid\u0113jais nomin\u0101lais kalpo\u0161anas laiks.L\u012bdz pat 78% ener\u0123ijas ietaup\u012bjums sal\u012bdzin\u0101jum\u0101 ar standarta augstspiediena dz\u012bvsudraba tvaika lamp\u0101m. bez dz\u012bvsudraba risin\u0101jums. Zem\u0101kas uztur\u0113\u0161anas izmaksas.Augsta l\u016bmena efektivit\u0101te.Divk\u0101r\u0161s darb\u012bbas re\u017e\u012bms \u2013 sader\u012bgs ar HPMV magn\u0113tisko balastu un ar\u012b , piem\u0113rots mai\u0146str\u0101vas tie\u0161ajam t\u012bklam 120-240V Augsta p\u0101rsprieguma aizsardz\u012bba: 4kV piem\u0113rota gan atv\u0113rtiem, gan sl\u0113gtiem gaismek\u013ciem.Pla\u0161s gaismas sadal\u012bjums.Lieli p\u0101rsl\u0113g\u0161anas cikli \u2013 200 000X.Augsta kr\u0101su atveide \u2013 CRI80.Minim\u0101l\u0101 un maksim\u0101l\u0101 darba temperat\u016bra: -30\u00b0C l\u012bdz 50\u00b0C.<\/p>","protected":false},"excerpt":{"rendered":"<p>Augstspiediena dz\u012bvsudraba tvaika spuld\u017eu (HPMV) tie\u0161a moderniz\u0113\u0161ana. 50 000 stundu vid\u0113jais nomin\u0101lais kalpo\u0161anas laiks.L\u012bdz pat 78% ener\u0123ijas ietaup\u012bjums sal\u012bdzin\u0101jum\u0101 ar standarta augstspiediena dz\u012bvsudraba tvaika lamp\u0101m. bez dz\u012bvsudraba risin\u0101jums. Zem\u0101kas uztur\u0113\u0161anas izmaksas.Augsta l\u016bmena efektivit\u0101te.Divk\u0101r\u0161s darb\u012bbas re\u017e\u012bms \u2013 sader\u012bgs ar HPMV magn\u0113tisko balastu un ar\u012b , piem\u0113rots mai\u0146str\u0101vas tie\u0161ajam t\u012bklam 120-240V Augsta p\u0101rsprieguma aizsardz\u012bba: 4kV piem\u0113rota gan [&hellip;]<\/p>\n","protected":false},"featured_media":32649,"comment_status":"closed","ping_status":"closed","template":"","meta":{"inline_featured_image":false},"product_cat":[850],"product_tag":[],"yst_prominent_words":[],"class_list":{"0":"post-32620","1":"product","2":"type-product","3":"status-publish","4":"has-post-thumbnail","6":"product_cat-e27-spuldzes","8":"first","9":"outofstock","10":"taxable","11":"shipping-taxable","12":"purchasable","13":"product-type-simple"},"jetpack_sharing_enabled":true,"_links":{"self":[{"href":"https:\/\/ddt.lv\/lv\/wp-json\/wp\/v2\/product\/32620"}],"collection":[{"href":"https:\/\/ddt.lv\/lv\/wp-json\/wp\/v2\/product"}],"about":[{"href":"https:\/\/ddt.lv\/lv\/wp-json\/wp\/v2\/types\/product"}],"replies":[{"embeddable":true,"href":"https:\/\/ddt.lv\/lv\/wp-json\/wp\/v2\/comments?post=32620"}],"wp:featuredmedia":[{"embeddable":true,"href":"https:\/\/ddt.lv\/lv\/wp-json\/wp\/v2\/media\/32649"}],"wp:attachment":[{"href":"https:\/\/ddt.lv\/lv\/wp-json\/wp\/v2\/media?parent=32620"}],"wp:term":[{"taxonomy":"product_cat","embeddable":true,"href":"https:\/\/ddt.lv\/lv\/wp-json\/wp\/v2\/product_cat?post=32620"},{"taxonomy":"product_tag","embeddable":true,"href":"https:\/\/ddt.lv\/lv\/wp-json\/wp\/v2\/product_tag?post=32620"},{"taxonomy":"yst_prominent_words","embeddable":true,"href":"https:\/\/ddt.lv\/lv\/wp-json\/wp\/v2\/yst_prominent_words?post=32620"}],"curies":[{"name":"wp","href":"https:\/\/api.w.org\/{rel}","templated":true}]}}