{"id":32619,"date":"2022-02-08T14:30:14","date_gmt":"2022-02-08T12:30:14","guid":{"rendered":"https:\/\/ddt.lv\/lv\/product\/led-start-eco-spot-balts-9w-40-240v-740lm-3000k-ip44-gaismeklis-sylvania\/"},"modified":"2026-04-13T10:03:03","modified_gmt":"2026-04-13T07:03:03","slug":"led-start-eco-spot-balts-9w-40-240v-740lm-3000k-ip44-gaismeklis-sylvania","status":"publish","type":"product","link":"https:\/\/ddt.lv\/lv\/product\/led-start-eco-spot-balts-9w-40-240v-740lm-3000k-ip44-gaismeklis-sylvania\/","title":{"rendered":"LED Start eco SPOT balts 9W 40\u00b0 240V 740lm 3000K IP44 gaismeklis Sylvania"},"content":{"rendered":"<p>Integr\u0113ts LED padzi\u013cin\u0101ts pro\u017eektors, vertik\u0101ls sl\u012bpums 30\u00b0, balta ietvara kr\u0101sa, balts atk\u0101rtojams atstarot\u0101js, 740lm (balts atstarot\u0101js), 660lm (melns atstarot\u0101js), 9.0W, aptum\u0161ojama aizmugur\u0113j\u0101\/priek\u0161\u0113j\u0101 mala, 3000K, 40\u00b0 stara le\u0146\u0137is, polikarbon\u0101ts un alum\u012bnijs korpuss, zema profila 62 mm padzi\u013cin\u0101juma dzi\u013cums, IP44 no priek\u0161puses, IK03, cilpas\/cilpas spailes \u0101trai elektroinstal\u0101cijai, svars 0,165 kg, 85 mm r\u0101mja diametrs, 68-72 mm izgriezums, caursp\u012bd\u012bgs objekt\u012bvs. Iepakojum\u0101 iek\u013cauts papildu melns atstarot\u0101js.<\/p>\n<p><\/p>","protected":false},"excerpt":{"rendered":"<p>Integr\u0113ts LED padzi\u013cin\u0101ts pro\u017eektors, vertik\u0101ls sl\u012bpums 30\u00b0, balta ietvara kr\u0101sa, balts atk\u0101rtojams atstarot\u0101js, 740lm (balts atstarot\u0101js), 660lm (melns atstarot\u0101js), 9.0W, aptum\u0161ojama aizmugur\u0113j\u0101\/priek\u0161\u0113j\u0101 mala, 3000K, 40\u00b0 stara le\u0146\u0137is, polikarbon\u0101ts un alum\u012bnijs korpuss, zema profila 62 mm padzi\u013cin\u0101juma dzi\u013cums, IP44 no priek\u0161puses, IK03, cilpas\/cilpas spailes \u0101trai elektroinstal\u0101cijai, svars 0,165 kg, 85 mm r\u0101mja diametrs, 68-72 mm izgriezums, [&hellip;]<\/p>\n","protected":false},"featured_media":32651,"comment_status":"closed","ping_status":"closed","template":"","meta":{"inline_featured_image":false},"product_cat":[772,906],"product_tag":[],"yst_prominent_words":[],"class_list":{"0":"post-32619","1":"product","2":"type-product","3":"status-publish","4":"has-post-thumbnail","6":"product_cat-atlaides","7":"product_cat-spot-tipa-gaismekli-led-iekstelpu-gaismekli","9":"first","10":"instock","11":"sale","12":"taxable","13":"shipping-taxable","14":"purchasable","15":"product-type-simple"},"jetpack_sharing_enabled":true,"_links":{"self":[{"href":"https:\/\/ddt.lv\/lv\/wp-json\/wp\/v2\/product\/32619"}],"collection":[{"href":"https:\/\/ddt.lv\/lv\/wp-json\/wp\/v2\/product"}],"about":[{"href":"https:\/\/ddt.lv\/lv\/wp-json\/wp\/v2\/types\/product"}],"replies":[{"embeddable":true,"href":"https:\/\/ddt.lv\/lv\/wp-json\/wp\/v2\/comments?post=32619"}],"wp:featuredmedia":[{"embeddable":true,"href":"https:\/\/ddt.lv\/lv\/wp-json\/wp\/v2\/media\/32651"}],"wp:attachment":[{"href":"https:\/\/ddt.lv\/lv\/wp-json\/wp\/v2\/media?parent=32619"}],"wp:term":[{"taxonomy":"product_cat","embeddable":true,"href":"https:\/\/ddt.lv\/lv\/wp-json\/wp\/v2\/product_cat?post=32619"},{"taxonomy":"product_tag","embeddable":true,"href":"https:\/\/ddt.lv\/lv\/wp-json\/wp\/v2\/product_tag?post=32619"},{"taxonomy":"yst_prominent_words","embeddable":true,"href":"https:\/\/ddt.lv\/lv\/wp-json\/wp\/v2\/yst_prominent_words?post=32619"}],"curies":[{"name":"wp","href":"https:\/\/api.w.org\/{rel}","templated":true}]}}