{"id":32582,"date":"2022-02-03T15:10:18","date_gmt":"2022-02-03T13:10:18","guid":{"rendered":"https:\/\/ddt.lv\/lv\/product\/elektro-limlente-25mm-10m-melna-iep-10gab-emos\/"},"modified":"2026-04-13T10:01:53","modified_gmt":"2026-04-13T07:01:53","slug":"elektro-limlente-25mm-10m-melna-iep-10gab-emos","status":"publish","type":"product","link":"https:\/\/ddt.lv\/lv\/product\/elektro-limlente-25mm-10m-melna-iep-10gab-emos\/","title":{"rendered":"Elektro l\u012bmlente 25mm\/10m melna (iep.10gab) EMOS"},"content":{"rendered":"<p>PVC.<br \/>\nlentes platums 25 mm.<br \/>\nspoles garums 10 mm.<br \/>\nlentes biezums 0,13 mm.<br \/>\nmelna kr\u0101sa.<br \/>\npagarin\u0101jums vismaz 125%.<br \/>\nelektrisk\u0101 iztur\u012bba vismaz 40 kV \/ mm.<br \/>\nelektrisk\u0101 iztur\u012bba p\u0113c mitruma vismaz 35 kV \/ mm.<br \/>\natbilst ROHS direkt\u012bvai .<br \/>\natbilst REACH .<br \/>\nuzst\u0101d\u012b\u0161anas temperat\u016bras diapazons -25-90 \u00b0 C.<br \/>\nl\u012bmes materi\u0101ls gumija.<br \/>\nstiepes iztur\u012bba 150 N \/ 10 mm.<\/p>","protected":false},"excerpt":{"rendered":"<p>PVC. lentes platums 25 mm. spoles garums 10 mm. lentes biezums 0,13 mm. melna kr\u0101sa. pagarin\u0101jums vismaz 125%. elektrisk\u0101 iztur\u012bba vismaz 40 kV \/ mm. elektrisk\u0101 iztur\u012bba p\u0113c mitruma vismaz 35 kV \/ mm. atbilst ROHS direkt\u012bvai . atbilst REACH . uzst\u0101d\u012b\u0161anas temperat\u016bras diapazons -25-90 \u00b0 C. l\u012bmes materi\u0101ls gumija. stiepes iztur\u012bba 150 N \/ [&hellip;]<\/p>\n","protected":false},"featured_media":32587,"comment_status":"closed","ping_status":"closed","template":"","meta":{"inline_featured_image":false},"product_cat":[1295],"product_tag":[],"yst_prominent_words":[],"class_list":{"0":"post-32582","1":"product","2":"type-product","3":"status-publish","4":"has-post-thumbnail","6":"product_cat-limlentes","8":"first","9":"instock","10":"taxable","11":"shipping-taxable","12":"purchasable","13":"product-type-simple"},"jetpack_sharing_enabled":true,"_links":{"self":[{"href":"https:\/\/ddt.lv\/lv\/wp-json\/wp\/v2\/product\/32582"}],"collection":[{"href":"https:\/\/ddt.lv\/lv\/wp-json\/wp\/v2\/product"}],"about":[{"href":"https:\/\/ddt.lv\/lv\/wp-json\/wp\/v2\/types\/product"}],"replies":[{"embeddable":true,"href":"https:\/\/ddt.lv\/lv\/wp-json\/wp\/v2\/comments?post=32582"}],"wp:featuredmedia":[{"embeddable":true,"href":"https:\/\/ddt.lv\/lv\/wp-json\/wp\/v2\/media\/32587"}],"wp:attachment":[{"href":"https:\/\/ddt.lv\/lv\/wp-json\/wp\/v2\/media?parent=32582"}],"wp:term":[{"taxonomy":"product_cat","embeddable":true,"href":"https:\/\/ddt.lv\/lv\/wp-json\/wp\/v2\/product_cat?post=32582"},{"taxonomy":"product_tag","embeddable":true,"href":"https:\/\/ddt.lv\/lv\/wp-json\/wp\/v2\/product_tag?post=32582"},{"taxonomy":"yst_prominent_words","embeddable":true,"href":"https:\/\/ddt.lv\/lv\/wp-json\/wp\/v2\/yst_prominent_words?post=32582"}],"curies":[{"name":"wp","href":"https:\/\/api.w.org\/{rel}","templated":true}]}}