{"id":32581,"date":"2022-02-03T15:10:17","date_gmt":"2022-02-03T13:10:17","guid":{"rendered":"https:\/\/ddt.lv\/lv\/product\/led-gu10-4-2w-230v-400lm-120-3000k-spuldze-emos\/"},"modified":"2026-04-08T14:41:42","modified_gmt":"2026-04-08T11:41:42","slug":"led-gu10-4-2w-230v-400lm-120-3000k-spuldze-emos","status":"publish","type":"product","link":"https:\/\/ddt.lv\/lv\/product\/led-gu10-4-2w-230v-400lm-120-3000k-spuldze-emos\/","title":{"rendered":"LED GU10 4.2W 230V 400lm 120\u00b0 3000K spuldze EMOS"},"content":{"rendered":"<p>GU10.<br \/>\ngaismas kr\u0101sa silti balta.<br \/>\n35 W spuldzes nomai\u0146a.<br \/>\nener\u0123ijas pat\u0113ri\u0146\u0161 4,2 W.<br \/>\ngaismas pl\u016bsma 333 lm.<br \/>\nforma MR16.<br \/>\nhromatisk\u0101 temperat\u016bra 3 000 K.<br \/>\nspriegums 230 V ~ \/ 50 Hz.<br \/>\nstara le\u0146\u0137is 120\u00b0.<br \/>\nkr\u0101su render\u0113\u0161anas indekss (CRI) 80.<br \/>\nener\u0123ijas klase (no 1.9.2021.) F.<br \/>\nkalpo\u0161anas laiks 30 000 stundas.<br \/>\np\u0101rsl\u0113g\u0161anas ciklu skaits 25 000.<br \/>\ngaismas efektivit\u0101te 95 lm \/ W.<br \/>\nizm\u0113rs 50 \u00d7 52 mm.<\/p>","protected":false},"excerpt":{"rendered":"<p>GU10. gaismas kr\u0101sa silti balta. 35 W spuldzes nomai\u0146a. ener\u0123ijas pat\u0113ri\u0146\u0161 4,2 W. gaismas pl\u016bsma 333 lm. forma MR16. hromatisk\u0101 temperat\u016bra 3 000 K. spriegums 230 V ~ \/ 50 Hz. stara le\u0146\u0137is 120\u00b0. kr\u0101su render\u0113\u0161anas indekss (CRI) 80. ener\u0123ijas klase (no 1.9.2021.) F. kalpo\u0161anas laiks 30 000 stundas. p\u0101rsl\u0113g\u0161anas ciklu skaits 25 000. gaismas [&hellip;]<\/p>\n","protected":false},"featured_media":32597,"comment_status":"closed","ping_status":"closed","template":"","meta":{"inline_featured_image":false},"product_cat":[852],"product_tag":[],"yst_prominent_words":[],"class_list":{"0":"post-32581","1":"product","2":"type-product","3":"status-publish","4":"has-post-thumbnail","6":"product_cat-gu10-spuldzes","8":"first","9":"outofstock","10":"taxable","11":"shipping-taxable","12":"purchasable","13":"product-type-simple"},"jetpack_sharing_enabled":true,"_links":{"self":[{"href":"https:\/\/ddt.lv\/lv\/wp-json\/wp\/v2\/product\/32581"}],"collection":[{"href":"https:\/\/ddt.lv\/lv\/wp-json\/wp\/v2\/product"}],"about":[{"href":"https:\/\/ddt.lv\/lv\/wp-json\/wp\/v2\/types\/product"}],"replies":[{"embeddable":true,"href":"https:\/\/ddt.lv\/lv\/wp-json\/wp\/v2\/comments?post=32581"}],"wp:featuredmedia":[{"embeddable":true,"href":"https:\/\/ddt.lv\/lv\/wp-json\/wp\/v2\/media\/32597"}],"wp:attachment":[{"href":"https:\/\/ddt.lv\/lv\/wp-json\/wp\/v2\/media?parent=32581"}],"wp:term":[{"taxonomy":"product_cat","embeddable":true,"href":"https:\/\/ddt.lv\/lv\/wp-json\/wp\/v2\/product_cat?post=32581"},{"taxonomy":"product_tag","embeddable":true,"href":"https:\/\/ddt.lv\/lv\/wp-json\/wp\/v2\/product_tag?post=32581"},{"taxonomy":"yst_prominent_words","embeddable":true,"href":"https:\/\/ddt.lv\/lv\/wp-json\/wp\/v2\/yst_prominent_words?post=32581"}],"curies":[{"name":"wp","href":"https:\/\/api.w.org\/{rel}","templated":true}]}}