{"id":32580,"date":"2022-02-03T15:10:17","date_gmt":"2022-02-03T13:10:17","guid":{"rendered":"https:\/\/ddt.lv\/lv\/product\/akumulators-sla-12v-9ah-6-3mm-emos\/"},"modified":"2026-04-28T12:15:30","modified_gmt":"2026-04-28T09:15:30","slug":"akumulators-sla-12v-9ah-6-3mm-emos","status":"publish","type":"product","link":"https:\/\/ddt.lv\/lv\/product\/akumulators-sla-12v-9ah-6-3mm-emos\/","title":{"rendered":"Akumulators SLA 12V 9Ah 6.3mm EMOS"},"content":{"rendered":"<p>spriegums 12 V.<br \/>\njauda 9 Ah.<br \/>\nbez apkopes .<br \/>\nmak\u0161\u0137erniekim &#8211; eholotes, hidrolokators, laivas baro\u0161ana .<br \/>\nd\u0101rza traktori .UPS (nep\u0101rtraukt\u0101s baro\u0161anas avotim) .<br \/>\noptim\u0101lais kalpo\u0161anas laiks 5 gadi.<br \/>\nsvars 2,42 kg.<br \/>\nAGM tehnolo\u0123ija.<br \/>\nfaston spaile 6,3 mm.<br \/>\nPb \u0137\u012bmiskais sast\u0101vs.<br \/>\nizm\u0113rs 151 \u00d7 65 \u00d7 94 mm.<\/p>","protected":false},"excerpt":{"rendered":"<p>spriegums 12 V. jauda 9 Ah. bez apkopes . mak\u0161\u0137erniekim &#8211; eholotes, hidrolokators, laivas baro\u0161ana . d\u0101rza traktori .UPS (nep\u0101rtraukt\u0101s baro\u0161anas avotim) . optim\u0101lais kalpo\u0161anas laiks 5 gadi. svars 2,42 kg. AGM tehnolo\u0123ija. faston spaile 6,3 mm. Pb \u0137\u012bmiskais sast\u0101vs. izm\u0113rs 151 \u00d7 65 \u00d7 94 mm.<\/p>\n","protected":false},"featured_media":32591,"comment_status":"closed","ping_status":"closed","template":"","meta":{"inline_featured_image":false},"product_cat":[456],"product_tag":[],"yst_prominent_words":[],"class_list":{"0":"post-32580","1":"product","2":"type-product","3":"status-publish","4":"has-post-thumbnail","6":"product_cat-cf-akumulatori","8":"first","9":"instock","10":"taxable","11":"shipping-taxable","12":"purchasable","13":"product-type-simple"},"jetpack_sharing_enabled":true,"_links":{"self":[{"href":"https:\/\/ddt.lv\/lv\/wp-json\/wp\/v2\/product\/32580"}],"collection":[{"href":"https:\/\/ddt.lv\/lv\/wp-json\/wp\/v2\/product"}],"about":[{"href":"https:\/\/ddt.lv\/lv\/wp-json\/wp\/v2\/types\/product"}],"replies":[{"embeddable":true,"href":"https:\/\/ddt.lv\/lv\/wp-json\/wp\/v2\/comments?post=32580"}],"wp:featuredmedia":[{"embeddable":true,"href":"https:\/\/ddt.lv\/lv\/wp-json\/wp\/v2\/media\/32591"}],"wp:attachment":[{"href":"https:\/\/ddt.lv\/lv\/wp-json\/wp\/v2\/media?parent=32580"}],"wp:term":[{"taxonomy":"product_cat","embeddable":true,"href":"https:\/\/ddt.lv\/lv\/wp-json\/wp\/v2\/product_cat?post=32580"},{"taxonomy":"product_tag","embeddable":true,"href":"https:\/\/ddt.lv\/lv\/wp-json\/wp\/v2\/product_tag?post=32580"},{"taxonomy":"yst_prominent_words","embeddable":true,"href":"https:\/\/ddt.lv\/lv\/wp-json\/wp\/v2\/yst_prominent_words?post=32580"}],"curies":[{"name":"wp","href":"https:\/\/api.w.org\/{rel}","templated":true}]}}