{"id":32578,"date":"2022-02-03T15:10:16","date_gmt":"2022-02-03T13:10:16","guid":{"rendered":"https:\/\/ddt.lv\/lv\/product\/li-ion18650-lifep04-max-2000ma-ladejama-ierice-emos\/"},"modified":"2026-04-08T14:41:11","modified_gmt":"2026-04-08T11:41:11","slug":"li-ion18650-lifep04-max-2000ma-ladejama-ierice-emos","status":"publish","type":"product","link":"https:\/\/ddt.lv\/lv\/product\/li-ion18650-lifep04-max-2000ma-ladejama-ierice-emos\/","title":{"rendered":"Univers\u0101ls SMART l\u0101d\u0113t\u0101js Li-ion, NiMH\/NiCd akumulatoriem 18650, AA, AAA uc. EMOS"},"content":{"rendered":"<p>Univers\u0101lais l\u0101d\u0113t\u0101js EMOS BCL-20D \u0101tri uzl\u0101d\u0113 vair\u0101ku veidu akumulatorus. Un, ja nepiecie\u0161ams, tas var viegli apstr\u0101d\u0101t divus da\u017e\u0101dus akumulatorus vienlaikus. L\u0101d\u0113t\u0101js ir piel\u0101gots Li-ion, Ni-Cd, Li-FePo4 un NiMH akumulatoru uzl\u0101dei.L\u0101d\u0113t\u0101js BCL-20D ir apr\u012bkots ar nep\u0101rtrauktas akumulatora jaudas m\u0113r\u012b\u0161anas funkciju. Jums vienm\u0113r b\u016bs ide\u0101ls p\u0101rskats par savu akumulatoru pa\u0161reiz\u0113jo st\u0101vokli.<br \/>\nTurkl\u0101t l\u0101d\u0113t\u0101js sp\u0113j atdz\u012bvin\u0101t pat ilgu laiku neuzl\u0101d\u0113tu akumulatoru.<br \/>\nuzl\u0101d\u0113jamo elementu izm\u0113ri 10440 &#8211; 26650, AAA, AA, C, SC.<br \/>\nvienlaikus uzl\u0101d\u0113to akumulatoru skaits 1 vai 2.<br \/>\nUSB l\u0101d\u0113t\u0101ja savienojums.<br \/>\ns\u0101rma bateriju noteik\u0161ana .<br \/>\nUSB baro\u0161anas avots 5 V \/ 2 A.<br \/>\nuzl\u0101d\u0113jamo akumulatoru tips Li-ion, LiFePO4, NiMH, NiCd.<br \/>\nboj\u0101tu bateriju noteik\u0161ana .<br \/>\nkabelis komplekt\u0101 .<br \/>\napgriezt\u0101s polarit\u0101tes aizsardz\u012bba .<br \/>\n\u012bpa\u0161a jaudas m\u0113r\u012b\u0161anas funkcija.<br \/>\nizm\u0113rs 121 \u00d7 60 \u00d7 33 mm.<\/p>\n<p><\/p>","protected":false},"excerpt":{"rendered":"<p>Univers\u0101lais l\u0101d\u0113t\u0101js EMOS BCL-20D \u0101tri uzl\u0101d\u0113 vair\u0101ku veidu akumulatorus. Un, ja nepiecie\u0161ams, tas var viegli apstr\u0101d\u0101t divus da\u017e\u0101dus akumulatorus vienlaikus. L\u0101d\u0113t\u0101js ir piel\u0101gots Li-ion, Ni-Cd, Li-FePo4 un NiMH akumulatoru uzl\u0101dei.L\u0101d\u0113t\u0101js BCL-20D ir apr\u012bkots ar nep\u0101rtrauktas akumulatora jaudas m\u0113r\u012b\u0161anas funkciju. Jums vienm\u0113r b\u016bs ide\u0101ls p\u0101rskats par savu akumulatoru pa\u0161reiz\u0113jo st\u0101vokli. Turkl\u0101t l\u0101d\u0113t\u0101js sp\u0113j atdz\u012bvin\u0101t pat ilgu [&hellip;]<\/p>\n","protected":false},"featured_media":32599,"comment_status":"closed","ping_status":"closed","template":"","meta":{"inline_featured_image":false},"product_cat":[453],"product_tag":[],"yst_prominent_words":[],"class_list":{"0":"post-32578","1":"product","2":"type-product","3":"status-publish","4":"has-post-thumbnail","6":"product_cat-ladesanas-ierices","8":"first","9":"instock","10":"taxable","11":"shipping-taxable","12":"purchasable","13":"product-type-simple"},"jetpack_sharing_enabled":true,"_links":{"self":[{"href":"https:\/\/ddt.lv\/lv\/wp-json\/wp\/v2\/product\/32578"}],"collection":[{"href":"https:\/\/ddt.lv\/lv\/wp-json\/wp\/v2\/product"}],"about":[{"href":"https:\/\/ddt.lv\/lv\/wp-json\/wp\/v2\/types\/product"}],"replies":[{"embeddable":true,"href":"https:\/\/ddt.lv\/lv\/wp-json\/wp\/v2\/comments?post=32578"}],"wp:featuredmedia":[{"embeddable":true,"href":"https:\/\/ddt.lv\/lv\/wp-json\/wp\/v2\/media\/32599"}],"wp:attachment":[{"href":"https:\/\/ddt.lv\/lv\/wp-json\/wp\/v2\/media?parent=32578"}],"wp:term":[{"taxonomy":"product_cat","embeddable":true,"href":"https:\/\/ddt.lv\/lv\/wp-json\/wp\/v2\/product_cat?post=32578"},{"taxonomy":"product_tag","embeddable":true,"href":"https:\/\/ddt.lv\/lv\/wp-json\/wp\/v2\/product_tag?post=32578"},{"taxonomy":"yst_prominent_words","embeddable":true,"href":"https:\/\/ddt.lv\/lv\/wp-json\/wp\/v2\/yst_prominent_words?post=32578"}],"curies":[{"name":"wp","href":"https:\/\/api.w.org\/{rel}","templated":true}]}}