{"id":32524,"date":"2022-02-01T15:40:18","date_gmt":"2022-02-01T13:40:18","guid":{"rendered":"https:\/\/ddt.lv\/lv\/product\/lynx-q-16w-835-gr10q-kompakta-spuldze-sylvania\/"},"modified":"2026-04-08T14:41:23","modified_gmt":"2026-04-08T11:41:23","slug":"lynx-q-16w-835-gr10q-kompakta-spuldze-sylvania","status":"publish","type":"product","link":"https:\/\/ddt.lv\/lv\/product\/lynx-q-16w-835-gr10q-kompakta-spuldze-sylvania\/","title":{"rendered":"LYNX Q 16W\/835 GR10q kompakt\u0101 spuldze Sylvania"},"content":{"rendered":"<p>Fluoresc\u0113jo\u0161a.<br \/>\nJauda 16W<br \/>\nAptum\u0161ojams .<br \/>\nV\u0101ci\u0146\u0161\/b\u0101ze GR10q (4 kontaktu).<br \/>\nKr\u0101su temperat\u016bra (Kelvins) 3500K &#8211; Silti balta.<br \/>\nKr\u0101sas kods 835 &#8211; silti balts.<br \/>\nKr\u0101su atveide (Ra) 80-89.<br \/>\nGaismas jauda (l\u016bmeni) 1050.<br \/>\nIzm\u0113ri<br \/>\nAugstums (mm) 141.<br \/>\nDiametrs (mm) 27.<\/p>","protected":false},"excerpt":{"rendered":"<p>Fluoresc\u0113jo\u0161a. Jauda 16W Aptum\u0161ojams . V\u0101ci\u0146\u0161\/b\u0101ze GR10q (4 kontaktu). Kr\u0101su temperat\u016bra (Kelvins) 3500K &#8211; Silti balta. Kr\u0101sas kods 835 &#8211; silti balts. Kr\u0101su atveide (Ra) 80-89. Gaismas jauda (l\u016bmeni) 1050. Izm\u0113ri Augstums (mm) 141. Diametrs (mm) 27.<\/p>\n","protected":false},"featured_media":32532,"comment_status":"closed","ping_status":"closed","template":"","meta":{"inline_featured_image":false},"product_cat":[772,871],"product_tag":[],"yst_prominent_words":[],"class_list":{"0":"post-32524","1":"product","2":"type-product","3":"status-publish","4":"has-post-thumbnail","6":"product_cat-atlaides","7":"product_cat-gr10-spuldzes-cf-kompaktas-spuldzes-luminiscentas-spuldzes-spuldzes","9":"first","10":"outofstock","11":"sale","12":"taxable","13":"shipping-taxable","14":"purchasable","15":"product-type-simple"},"jetpack_sharing_enabled":true,"_links":{"self":[{"href":"https:\/\/ddt.lv\/lv\/wp-json\/wp\/v2\/product\/32524"}],"collection":[{"href":"https:\/\/ddt.lv\/lv\/wp-json\/wp\/v2\/product"}],"about":[{"href":"https:\/\/ddt.lv\/lv\/wp-json\/wp\/v2\/types\/product"}],"replies":[{"embeddable":true,"href":"https:\/\/ddt.lv\/lv\/wp-json\/wp\/v2\/comments?post=32524"}],"wp:featuredmedia":[{"embeddable":true,"href":"https:\/\/ddt.lv\/lv\/wp-json\/wp\/v2\/media\/32532"}],"wp:attachment":[{"href":"https:\/\/ddt.lv\/lv\/wp-json\/wp\/v2\/media?parent=32524"}],"wp:term":[{"taxonomy":"product_cat","embeddable":true,"href":"https:\/\/ddt.lv\/lv\/wp-json\/wp\/v2\/product_cat?post=32524"},{"taxonomy":"product_tag","embeddable":true,"href":"https:\/\/ddt.lv\/lv\/wp-json\/wp\/v2\/product_tag?post=32524"},{"taxonomy":"yst_prominent_words","embeddable":true,"href":"https:\/\/ddt.lv\/lv\/wp-json\/wp\/v2\/yst_prominent_words?post=32524"}],"curies":[{"name":"wp","href":"https:\/\/api.w.org\/{rel}","templated":true}]}}