{"id":32523,"date":"2022-02-01T15:40:17","date_gmt":"2022-02-01T13:40:17","guid":{"rendered":"https:\/\/ddt.lv\/lv\/product\/led-gaismeklis-iebuvejams-dl200-15w-120-1350lm-6000k-apals-inesa\/"},"modified":"2026-04-08T14:41:32","modified_gmt":"2026-04-08T11:41:32","slug":"led-gaismeklis-iebuvejams-dl200-15w-120-1350lm-6000k-apals-inesa","status":"publish","type":"product","link":"https:\/\/ddt.lv\/lv\/product\/led-gaismeklis-iebuvejams-dl200-15w-120-1350lm-6000k-apals-inesa\/","title":{"rendered":"LED gaismeklis Ieb\u016bv\u0113jams DL200 15W 120&#8242; 1350lm 6000K apa\u013c\u0161 INESA"},"content":{"rendered":"<p>Nomin\u0101l\u0101 jauda 15,0 W.<br \/>\nNomin\u0101lais spriegums 220-240V.<br \/>\nDarba frekvence 50\/60 Hz.<br \/>\nNomin\u0101l\u0101 str\u0101va 300 mA.<br \/>\nNomin\u0101l\u0101 gaismas pl\u016bsma 1350 Lm..<br \/>\nNomin\u0101lais stara le\u0146\u0137is (pusp\u012b\u0137a v\u0113rt\u012bba) 120 \u00b0.<br \/>\nKorel\u0113t\u0101 kr\u0101su temperat\u016bra 6000K.<br \/>\nKr\u0101su atveido\u0161anas indekss (Ra) 80 Ra.<br \/>\nKop\u0113jais diametrs 200 mm.<br \/>\nKop\u0113jais augstums 21 mm.<br \/>\nLampas forma Apa\u013ca.<br \/>\nSvars 0,400 kg.<br \/>\nMont\u0101\u017ea padzi\u013cin\u0101jum\u0101.<br \/>\nNomin\u0101lais kalpo\u0161anas laiks 30000 h.<\/p>\n<p><\/p>","protected":false},"excerpt":{"rendered":"<p>Nomin\u0101l\u0101 jauda 15,0 W. Nomin\u0101lais spriegums 220-240V. Darba frekvence 50\/60 Hz. Nomin\u0101l\u0101 str\u0101va 300 mA. Nomin\u0101l\u0101 gaismas pl\u016bsma 1350 Lm.. Nomin\u0101lais stara le\u0146\u0137is (pusp\u012b\u0137a v\u0113rt\u012bba) 120 \u00b0. Korel\u0113t\u0101 kr\u0101su temperat\u016bra 6000K. Kr\u0101su atveido\u0161anas indekss (Ra) 80 Ra. Kop\u0113jais diametrs 200 mm. Kop\u0113jais augstums 21 mm. Lampas forma Apa\u013ca. Svars 0,400 kg. Mont\u0101\u017ea padzi\u013cin\u0101jum\u0101. Nomin\u0101lais kalpo\u0161anas [&hellip;]<\/p>\n","protected":false},"featured_media":32534,"comment_status":"closed","ping_status":"closed","template":"","meta":{"inline_featured_image":false},"product_cat":[772,894],"product_tag":[],"yst_prominent_words":[],"class_list":{"0":"post-32523","1":"product","2":"type-product","3":"status-publish","4":"has-post-thumbnail","6":"product_cat-atlaides","7":"product_cat-led-iebuvejamie-gaismekli","9":"first","10":"instock","11":"sale","12":"taxable","13":"shipping-taxable","14":"purchasable","15":"product-type-simple"},"jetpack_sharing_enabled":true,"_links":{"self":[{"href":"https:\/\/ddt.lv\/lv\/wp-json\/wp\/v2\/product\/32523"}],"collection":[{"href":"https:\/\/ddt.lv\/lv\/wp-json\/wp\/v2\/product"}],"about":[{"href":"https:\/\/ddt.lv\/lv\/wp-json\/wp\/v2\/types\/product"}],"replies":[{"embeddable":true,"href":"https:\/\/ddt.lv\/lv\/wp-json\/wp\/v2\/comments?post=32523"}],"wp:featuredmedia":[{"embeddable":true,"href":"https:\/\/ddt.lv\/lv\/wp-json\/wp\/v2\/media\/32534"}],"wp:attachment":[{"href":"https:\/\/ddt.lv\/lv\/wp-json\/wp\/v2\/media?parent=32523"}],"wp:term":[{"taxonomy":"product_cat","embeddable":true,"href":"https:\/\/ddt.lv\/lv\/wp-json\/wp\/v2\/product_cat?post=32523"},{"taxonomy":"product_tag","embeddable":true,"href":"https:\/\/ddt.lv\/lv\/wp-json\/wp\/v2\/product_tag?post=32523"},{"taxonomy":"yst_prominent_words","embeddable":true,"href":"https:\/\/ddt.lv\/lv\/wp-json\/wp\/v2\/yst_prominent_words?post=32523"}],"curies":[{"name":"wp","href":"https:\/\/api.w.org\/{rel}","templated":true}]}}