{"id":32522,"date":"2022-02-01T15:40:16","date_gmt":"2022-02-01T13:40:16","guid":{"rendered":"https:\/\/ddt.lv\/lv\/product\/led-spot-l3-beacon-42w-240v-2978lm-50-3k-melns-ip20-dimm-gaismeklis-sylvania\/"},"modified":"2026-04-13T10:01:41","modified_gmt":"2026-04-13T07:01:41","slug":"led-spot-l3-beacon-42w-240v-2978lm-50-3k-melns-ip20-dimm-gaismeklis-sylvania","status":"publish","type":"product","link":"https:\/\/ddt.lv\/lv\/product\/led-spot-l3-beacon-42w-240v-2978lm-50-3k-melns-ip20-dimm-gaismeklis-sylvania\/","title":{"rendered":"LED SPOT L3 Beacon 42W 240V 2978lm 50\u00b0 3K melns IP20 DIMM gaismeklis Sylvania"},"content":{"rendered":"<p>M\u016bsdien\u012bga spiedienlieta alum\u012bnija konstrukcija.3 f\u0101\u017eu sliede.<br \/>\n    Lieljaudas 38 W LED pro\u017eektors. (kop\u0113j\u0101 jauda 42 W) &#8211; l\u012bdzv\u0113rt\u012bgs tradicion\u0101lajam 35 W daudzmet\u0101la gaismeklim.<br \/>\n    Pieejami tr\u012bs atv\u0113r\u0161anas le\u0146\u0137i, \u0161auri 12\u2070, vid\u0113ji 25\u2070 un 50\u2070 plati.<br \/>\n    Izst\u0101\u017eu un prezent\u0101ciju telpu elast\u012bgai p\u0101rveido\u0161anai var izmantot da\u017e\u0101dus aksesu\u0101rus, piem. regul\u0113jami atloku ierobe\u017eot\u0101ji, pagarin\u0101juma l\u0113ca.<br \/>\n    Pieejams meln\u0101  kr\u0101s\u0101.<br \/>\n    Kr\u0101su atveido\u0161anas indekss CRI 85 .<br \/>\n    Ide\u0101li piem\u0113rots veikaliem, muzejiem un galerij\u0101m.<\/p>\n<p><\/p>","protected":false},"excerpt":{"rendered":"<p>M\u016bsdien\u012bga spiedienlieta alum\u012bnija konstrukcija.3 f\u0101\u017eu sliede. Lieljaudas 38 W LED pro\u017eektors. (kop\u0113j\u0101 jauda 42 W) &#8211; l\u012bdzv\u0113rt\u012bgs tradicion\u0101lajam 35 W daudzmet\u0101la gaismeklim. Pieejami tr\u012bs atv\u0113r\u0161anas le\u0146\u0137i, \u0161auri 12\u2070, vid\u0113ji 25\u2070 un 50\u2070 plati. Izst\u0101\u017eu un prezent\u0101ciju telpu elast\u012bgai p\u0101rveido\u0161anai var izmantot da\u017e\u0101dus aksesu\u0101rus, piem. regul\u0113jami atloku ierobe\u017eot\u0101ji, pagarin\u0101juma l\u0113ca. Pieejams meln\u0101 kr\u0101s\u0101. Kr\u0101su atveido\u0161anas indekss [&hellip;]<\/p>\n","protected":false},"featured_media":32535,"comment_status":"closed","ping_status":"closed","template":"","meta":{"inline_featured_image":false},"product_cat":[772,906],"product_tag":[],"yst_prominent_words":[],"class_list":{"0":"post-32522","1":"product","2":"type-product","3":"status-publish","4":"has-post-thumbnail","6":"product_cat-atlaides","7":"product_cat-spot-tipa-gaismekli-led-iekstelpu-gaismekli","9":"first","10":"instock","11":"sale","12":"taxable","13":"shipping-taxable","14":"purchasable","15":"product-type-simple"},"jetpack_sharing_enabled":true,"_links":{"self":[{"href":"https:\/\/ddt.lv\/lv\/wp-json\/wp\/v2\/product\/32522"}],"collection":[{"href":"https:\/\/ddt.lv\/lv\/wp-json\/wp\/v2\/product"}],"about":[{"href":"https:\/\/ddt.lv\/lv\/wp-json\/wp\/v2\/types\/product"}],"replies":[{"embeddable":true,"href":"https:\/\/ddt.lv\/lv\/wp-json\/wp\/v2\/comments?post=32522"}],"wp:featuredmedia":[{"embeddable":true,"href":"https:\/\/ddt.lv\/lv\/wp-json\/wp\/v2\/media\/32535"}],"wp:attachment":[{"href":"https:\/\/ddt.lv\/lv\/wp-json\/wp\/v2\/media?parent=32522"}],"wp:term":[{"taxonomy":"product_cat","embeddable":true,"href":"https:\/\/ddt.lv\/lv\/wp-json\/wp\/v2\/product_cat?post=32522"},{"taxonomy":"product_tag","embeddable":true,"href":"https:\/\/ddt.lv\/lv\/wp-json\/wp\/v2\/product_tag?post=32522"},{"taxonomy":"yst_prominent_words","embeddable":true,"href":"https:\/\/ddt.lv\/lv\/wp-json\/wp\/v2\/yst_prominent_words?post=32522"}],"curies":[{"name":"wp","href":"https:\/\/api.w.org\/{rel}","templated":true}]}}