{"id":32521,"date":"2022-02-01T15:30:28","date_gmt":"2022-02-01T13:30:28","guid":{"rendered":"https:\/\/ddt.lv\/lv\/product\/led-spot-l3-beacon-42w-240v-3000lm-50-3k-balts-ip20-gaismeklis-sylvania\/"},"modified":"2026-04-08T14:41:32","modified_gmt":"2026-04-08T11:41:32","slug":"led-spot-l3-beacon-42w-240v-3000lm-50-3k-balts-ip20-gaismeklis-sylvania","status":"publish","type":"product","link":"https:\/\/ddt.lv\/lv\/product\/led-spot-l3-beacon-42w-240v-3000lm-50-3k-balts-ip20-gaismeklis-sylvania\/","title":{"rendered":"LED SPOT L3 Beacon 42W 240V 3000lm 50\u00b0 3K balts IP20 gaismeklis Sylvania"},"content":{"rendered":"<p>Integr\u0113ts LED pro\u017eektors, kompakts un minim\u0101listisks dizains, pas\u012bv\u0101s dzes\u0113\u0161anas radiators, tr\u012bs \u0137\u0113\u017eu slie\u017eu adapteris (L3), objekt\u012bva optika, horizont\u0101l\u0101 pagrie\u0161ana: 355\u00b0, vertik\u0101lais sl\u012bpums: 90\u00b0, fiks\u0113jama pozicion\u0113\u0161ana, izmantojot se\u0161skald\u0146u atsl\u0113gu, pres\u0113ta alum\u012bnija korpuss, 3000LM,  220\u2013240 V. 42W. 71lm\/W, 3000K, draivera str\u0101va: 1050mA, CRI85, 50\u00b0 plats stara le\u0146\u0137is, nav aptum\u0161ojams, IP20, IK02, 50 000 h (L70), (HxWxD) 157x167x\u00d8113mm<\/p>\n<p><\/p>","protected":false},"excerpt":{"rendered":"<p>Integr\u0113ts LED pro\u017eektors, kompakts un minim\u0101listisks dizains, pas\u012bv\u0101s dzes\u0113\u0161anas radiators, tr\u012bs \u0137\u0113\u017eu slie\u017eu adapteris (L3), objekt\u012bva optika, horizont\u0101l\u0101 pagrie\u0161ana: 355\u00b0, vertik\u0101lais sl\u012bpums: 90\u00b0, fiks\u0113jama pozicion\u0113\u0161ana, izmantojot se\u0161skald\u0146u atsl\u0113gu, pres\u0113ta alum\u012bnija korpuss, 3000LM, 220\u2013240 V. 42W. 71lm\/W, 3000K, draivera str\u0101va: 1050mA, CRI85, 50\u00b0 plats stara le\u0146\u0137is, nav aptum\u0161ojams, IP20, IK02, 50 000 h (L70), (HxWxD) 157x167x\u00d8113mm<\/p>\n","protected":false},"featured_media":32536,"comment_status":"closed","ping_status":"closed","template":"","meta":{"inline_featured_image":false},"product_cat":[772,906],"product_tag":[],"yst_prominent_words":[],"class_list":{"0":"post-32521","1":"product","2":"type-product","3":"status-publish","4":"has-post-thumbnail","6":"product_cat-atlaides","7":"product_cat-spot-tipa-gaismekli-led-iekstelpu-gaismekli","9":"first","10":"instock","11":"sale","12":"taxable","13":"shipping-taxable","14":"purchasable","15":"product-type-simple"},"jetpack_sharing_enabled":true,"_links":{"self":[{"href":"https:\/\/ddt.lv\/lv\/wp-json\/wp\/v2\/product\/32521"}],"collection":[{"href":"https:\/\/ddt.lv\/lv\/wp-json\/wp\/v2\/product"}],"about":[{"href":"https:\/\/ddt.lv\/lv\/wp-json\/wp\/v2\/types\/product"}],"replies":[{"embeddable":true,"href":"https:\/\/ddt.lv\/lv\/wp-json\/wp\/v2\/comments?post=32521"}],"wp:featuredmedia":[{"embeddable":true,"href":"https:\/\/ddt.lv\/lv\/wp-json\/wp\/v2\/media\/32536"}],"wp:attachment":[{"href":"https:\/\/ddt.lv\/lv\/wp-json\/wp\/v2\/media?parent=32521"}],"wp:term":[{"taxonomy":"product_cat","embeddable":true,"href":"https:\/\/ddt.lv\/lv\/wp-json\/wp\/v2\/product_cat?post=32521"},{"taxonomy":"product_tag","embeddable":true,"href":"https:\/\/ddt.lv\/lv\/wp-json\/wp\/v2\/product_tag?post=32521"},{"taxonomy":"yst_prominent_words","embeddable":true,"href":"https:\/\/ddt.lv\/lv\/wp-json\/wp\/v2\/yst_prominent_words?post=32521"}],"curies":[{"name":"wp","href":"https:\/\/api.w.org\/{rel}","templated":true}]}}