{"id":32519,"date":"2022-02-01T15:30:27","date_gmt":"2022-02-01T13:30:27","guid":{"rendered":"https:\/\/ddt.lv\/lv\/product\/avarijas-gaismeklis-sylsafe-ip65-led-3-6v-1-8ah-nicd-6-5w-sylvania\/"},"modified":"2026-04-13T10:01:41","modified_gmt":"2026-04-13T07:01:41","slug":"avarijas-gaismeklis-sylsafe-ip65-led-3-6v-1-8ah-nicd-6-5w-sylvania","status":"publish","type":"product","link":"https:\/\/ddt.lv\/lv\/product\/avarijas-gaismeklis-sylsafe-ip65-led-3-6v-1-8ah-nicd-6-5w-sylvania\/","title":{"rendered":"Av\u0101rijas gaismeklis SylSafe IP65 LED (3.6V 1.8Ah NiCd) 6.5W Sylvania"},"content":{"rendered":"<p>Padzi\u013cin\u0101ts LED av\u0101rijas apkopes gaismeklis ar piek\u0101rtu l\u0101psti\u0146u izejas le\u0123endu ar bulti\u0146u, kas v\u0113rsta uz leju. Pieejams ar 16 x balt\u0101m gaismas diod\u0113m. Ietver Ni-Cad akumulatorus (3,6 V 1,8 Ah NiCd). Baro\u0161anas jauda 6.5W (1.7W uzl\u0101de) 230V un 50Hz.<\/p>\n<p><\/p>","protected":false},"excerpt":{"rendered":"<p>Padzi\u013cin\u0101ts LED av\u0101rijas apkopes gaismeklis ar piek\u0101rtu l\u0101psti\u0146u izejas le\u0123endu ar bulti\u0146u, kas v\u0113rsta uz leju. Pieejams ar 16 x balt\u0101m gaismas diod\u0113m. Ietver Ni-Cad akumulatorus (3,6 V 1,8 Ah NiCd). Baro\u0161anas jauda 6.5W (1.7W uzl\u0101de) 230V un 50Hz.<\/p>\n","protected":false},"featured_media":32538,"comment_status":"closed","ping_status":"closed","template":"","meta":{"inline_featured_image":false},"product_cat":[1348],"product_tag":[],"yst_prominent_words":[],"class_list":{"0":"post-32519","1":"product","2":"type-product","3":"status-publish","4":"has-post-thumbnail","6":"product_cat-avarijas-gaismekli","8":"first","9":"instock","10":"taxable","11":"shipping-taxable","12":"purchasable","13":"product-type-simple"},"jetpack_sharing_enabled":true,"_links":{"self":[{"href":"https:\/\/ddt.lv\/lv\/wp-json\/wp\/v2\/product\/32519"}],"collection":[{"href":"https:\/\/ddt.lv\/lv\/wp-json\/wp\/v2\/product"}],"about":[{"href":"https:\/\/ddt.lv\/lv\/wp-json\/wp\/v2\/types\/product"}],"replies":[{"embeddable":true,"href":"https:\/\/ddt.lv\/lv\/wp-json\/wp\/v2\/comments?post=32519"}],"wp:featuredmedia":[{"embeddable":true,"href":"https:\/\/ddt.lv\/lv\/wp-json\/wp\/v2\/media\/32538"}],"wp:attachment":[{"href":"https:\/\/ddt.lv\/lv\/wp-json\/wp\/v2\/media?parent=32519"}],"wp:term":[{"taxonomy":"product_cat","embeddable":true,"href":"https:\/\/ddt.lv\/lv\/wp-json\/wp\/v2\/product_cat?post=32519"},{"taxonomy":"product_tag","embeddable":true,"href":"https:\/\/ddt.lv\/lv\/wp-json\/wp\/v2\/product_tag?post=32519"},{"taxonomy":"yst_prominent_words","embeddable":true,"href":"https:\/\/ddt.lv\/lv\/wp-json\/wp\/v2\/yst_prominent_words?post=32519"}],"curies":[{"name":"wp","href":"https:\/\/api.w.org\/{rel}","templated":true}]}}