{"id":32518,"date":"2022-02-01T15:30:26","date_gmt":"2022-02-01T13:30:26","guid":{"rendered":"https:\/\/ddt.lv\/lv\/product\/led-highbay-11klm-240v-4000k-10700lm-ip65-85-iekarts-aismeklis-sylvania\/"},"modified":"2026-04-01T00:21:47","modified_gmt":"2026-03-31T21:21:47","slug":"led-highbay-11klm-240v-4000k-10700lm-ip65-85-iekarts-aismeklis-sylvania","status":"publish","type":"product","link":"https:\/\/ddt.lv\/lv\/product\/led-highbay-11klm-240v-4000k-10700lm-ip65-85-iekarts-aismeklis-sylvania\/","title":{"rendered":"LED HIGHBAY 11KLM 240V 4000K 10700lm IP65 85\u00b0 iek\u0101rts gaismeklis Sylvania"},"content":{"rendered":"<p>START Highbay, ietver 1 m kabeli, sudraba (RAL 9006) magnija sakaus\u0113juma korpusu, 10 900 Lm, 80 W, 130 Lm\/W, 4000 K, piedzi\u0146as str\u0101va: 2100 mA, CRI 80, 55\u00b0 stara le\u0146\u0137is, neaptum\u0161ojams, IP65 , IK08, 50 000 stundas (L70\/B50), (D x A) 280 x 174 mm.<\/p>\n<p><\/p>","protected":false},"excerpt":{"rendered":"<p>START Highbay, ietver 1 m kabeli, sudraba (RAL 9006) magnija sakaus\u0113juma korpusu, 10 900 Lm, 80 W, 130 Lm\/W, 4000 K, piedzi\u0146as str\u0101va: 2100 mA, CRI 80, 55\u00b0 stara le\u0146\u0137is, neaptum\u0161ojams, IP65 , IK08, 50 000 stundas (L70\/B50), (D x A) 280 x 174 mm.<\/p>\n","protected":false},"featured_media":32540,"comment_status":"closed","ping_status":"closed","template":"","meta":{"inline_featured_image":false},"product_cat":[772,901],"product_tag":[],"yst_prominent_words":[],"class_list":{"0":"post-32518","1":"product","2":"type-product","3":"status-publish","4":"has-post-thumbnail","6":"product_cat-atlaides","7":"product_cat-gaismekli-iekarti-gaismekli-apgaismojums","9":"first","10":"outofstock","11":"sale","12":"taxable","13":"shipping-taxable","14":"purchasable","15":"product-type-simple"},"jetpack_sharing_enabled":true,"_links":{"self":[{"href":"https:\/\/ddt.lv\/lv\/wp-json\/wp\/v2\/product\/32518"}],"collection":[{"href":"https:\/\/ddt.lv\/lv\/wp-json\/wp\/v2\/product"}],"about":[{"href":"https:\/\/ddt.lv\/lv\/wp-json\/wp\/v2\/types\/product"}],"replies":[{"embeddable":true,"href":"https:\/\/ddt.lv\/lv\/wp-json\/wp\/v2\/comments?post=32518"}],"wp:featuredmedia":[{"embeddable":true,"href":"https:\/\/ddt.lv\/lv\/wp-json\/wp\/v2\/media\/32540"}],"wp:attachment":[{"href":"https:\/\/ddt.lv\/lv\/wp-json\/wp\/v2\/media?parent=32518"}],"wp:term":[{"taxonomy":"product_cat","embeddable":true,"href":"https:\/\/ddt.lv\/lv\/wp-json\/wp\/v2\/product_cat?post=32518"},{"taxonomy":"product_tag","embeddable":true,"href":"https:\/\/ddt.lv\/lv\/wp-json\/wp\/v2\/product_tag?post=32518"},{"taxonomy":"yst_prominent_words","embeddable":true,"href":"https:\/\/ddt.lv\/lv\/wp-json\/wp\/v2\/yst_prominent_words?post=32518"}],"curies":[{"name":"wp","href":"https:\/\/api.w.org\/{rel}","templated":true}]}}