{"id":32516,"date":"2022-02-01T15:30:25","date_gmt":"2022-02-01T13:30:25","guid":{"rendered":"https:\/\/ddt.lv\/lv\/product\/led-iebuvejams-gaismeklis-36w-230v-100-3000k-2700lm-g2-inesa\/"},"modified":"2026-04-13T10:01:40","modified_gmt":"2026-04-13T07:01:40","slug":"led-iebuvejams-gaismeklis-36w-230v-100-3000k-2700lm-g2-inesa","status":"publish","type":"product","link":"https:\/\/ddt.lv\/lv\/product\/led-iebuvejams-gaismeklis-36w-230v-100-3000k-2700lm-g2-inesa\/","title":{"rendered":"LED Ieb\u016bv\u0113jams gaismeklis 36W 230V 100&#8217; 3000K 2700lm G2 INESA"},"content":{"rendered":"<p>Nomin\u0101l\u0101 jauda 36,0 W.<br \/>\nNomin\u0101lais spriegums 220-240V.<br \/>\nDarba frekvence 50\/60Hz.<br \/>\nNomin\u0101l\u0101 str\u0101va 160 mA.<br \/>\nL\u012bdzv\u0113rt\u012bgas kv\u0113lspuldzes jauda 250W.<br \/>\nNomin\u0101l\u0101 gaismas pl\u016bsma 3000 Lm.<br \/>\nNomin\u0101lais staru k\u016b\u013ca le\u0146\u0137is (pusp\u012b\u0137a v\u0113rt\u012bba) 100 \u00b0.<br \/>\nKorel\u0113t\u0101 kr\u0101su temperat\u016bra 3000K.<br \/>\nKr\u0101su temperat\u016bras apz\u012bm\u0113jums Silti balts.<br \/>\nKr\u0101su atveido\u0161anas indekss (Ra) 80 Ra.<br \/>\nKop\u0113jais augstums 53 mm.<br \/>\nLampas forma Apa\u013ca.<br \/>\nSvars 0,645 kg.<br \/>\nMont\u0101\u017eas D200-210 mm izgriezums.<br \/>\nNomin\u0101lais kalpo\u0161anas laiks 35000 h.<\/p>\n<p><\/p>","protected":false},"excerpt":{"rendered":"<p>Nomin\u0101l\u0101 jauda 36,0 W. Nomin\u0101lais spriegums 220-240V. Darba frekvence 50\/60Hz. Nomin\u0101l\u0101 str\u0101va 160 mA. L\u012bdzv\u0113rt\u012bgas kv\u0113lspuldzes jauda 250W. Nomin\u0101l\u0101 gaismas pl\u016bsma 3000 Lm. Nomin\u0101lais staru k\u016b\u013ca le\u0146\u0137is (pusp\u012b\u0137a v\u0113rt\u012bba) 100 \u00b0. Korel\u0113t\u0101 kr\u0101su temperat\u016bra 3000K. Kr\u0101su temperat\u016bras apz\u012bm\u0113jums Silti balts. Kr\u0101su atveido\u0161anas indekss (Ra) 80 Ra. Kop\u0113jais augstums 53 mm. Lampas forma Apa\u013ca. Svars 0,645 [&hellip;]<\/p>\n","protected":false},"featured_media":32544,"comment_status":"closed","ping_status":"closed","template":"","meta":{"inline_featured_image":false},"product_cat":[772,894],"product_tag":[],"yst_prominent_words":[],"class_list":{"0":"post-32516","1":"product","2":"type-product","3":"status-publish","4":"has-post-thumbnail","6":"product_cat-atlaides","7":"product_cat-led-iebuvejamie-gaismekli","9":"first","10":"instock","11":"sale","12":"taxable","13":"shipping-taxable","14":"purchasable","15":"product-type-simple"},"jetpack_sharing_enabled":true,"_links":{"self":[{"href":"https:\/\/ddt.lv\/lv\/wp-json\/wp\/v2\/product\/32516"}],"collection":[{"href":"https:\/\/ddt.lv\/lv\/wp-json\/wp\/v2\/product"}],"about":[{"href":"https:\/\/ddt.lv\/lv\/wp-json\/wp\/v2\/types\/product"}],"replies":[{"embeddable":true,"href":"https:\/\/ddt.lv\/lv\/wp-json\/wp\/v2\/comments?post=32516"}],"wp:featuredmedia":[{"embeddable":true,"href":"https:\/\/ddt.lv\/lv\/wp-json\/wp\/v2\/media\/32544"}],"wp:attachment":[{"href":"https:\/\/ddt.lv\/lv\/wp-json\/wp\/v2\/media?parent=32516"}],"wp:term":[{"taxonomy":"product_cat","embeddable":true,"href":"https:\/\/ddt.lv\/lv\/wp-json\/wp\/v2\/product_cat?post=32516"},{"taxonomy":"product_tag","embeddable":true,"href":"https:\/\/ddt.lv\/lv\/wp-json\/wp\/v2\/product_tag?post=32516"},{"taxonomy":"yst_prominent_words","embeddable":true,"href":"https:\/\/ddt.lv\/lv\/wp-json\/wp\/v2\/yst_prominent_words?post=32516"}],"curies":[{"name":"wp","href":"https:\/\/api.w.org\/{rel}","templated":true}]}}