{"id":32515,"date":"2022-02-01T15:30:24","date_gmt":"2022-02-01T13:30:24","guid":{"rendered":"https:\/\/ddt.lv\/lv\/product\/led-gaismeklis-apals-iebuuvejams-24w-230v-100-3000k-1800lm-g2-inesa\/"},"modified":"2026-05-05T08:46:51","modified_gmt":"2026-05-05T05:46:51","slug":"led-gaismeklis-apals-iebuuvejams-24w-230v-100-3000k-1800lm-g2-inesa","status":"publish","type":"product","link":"https:\/\/ddt.lv\/lv\/product\/led-gaismeklis-apals-iebuuvejams-24w-230v-100-3000k-1800lm-g2-inesa\/","title":{"rendered":"LED gaismeklis apa\u013c\u0161 ieb\u016buv\u0113jams 24W 230V 100&#8217; 3000K 1800lm G2 INESA"},"content":{"rendered":"<p>Nomin\u0101l\u0101 jauda 24,0 W.<br \/>\nNomin\u0101lais spriegums 220-240V.<br \/>\nDarba frekvence 50\/60Hz.<br \/>\nNomin\u0101l\u0101 str\u0101va 120 mA.<br \/>\nJaudas koeficients 0,95.<br \/>\nL\u012bdzv\u0113rt\u012bgas kv\u0113lspuldzes jauda 180W.<br \/>\nNomin\u0101l\u0101 gaismas pl\u016bsma 2000 Lm.<br \/>\nNomin\u0101lais staru k\u016b\u013ca le\u0146\u0137is (pusp\u012b\u0137a v\u0113rt\u012bba) 100 \u00b0.<br \/>\nKorel\u0113t\u0101 kr\u0101su temperat\u016bra 3000K.<br \/>\nKr\u0101su temperat\u016bras apz\u012bm\u0113jums Silti balts.<br \/>\nKr\u0101su atveido\u0161anas indekss (Ra) 80 Ra.<br \/>\nKop\u0113jais diametrs 240 mm.<br \/>\nKop\u0113jais augstums 53 mm.<br \/>\nLampas forma Apa\u013ca<br \/>\nSvars 0,610 kg.<br \/>\nNomin\u0101lais kalpo\u0161anas laiks 35000 h.<\/p>\n<p><\/p>","protected":false},"excerpt":{"rendered":"<p>Nomin\u0101l\u0101 jauda 24,0 W. Nomin\u0101lais spriegums 220-240V. Darba frekvence 50\/60Hz. Nomin\u0101l\u0101 str\u0101va 120 mA. Jaudas koeficients 0,95. L\u012bdzv\u0113rt\u012bgas kv\u0113lspuldzes jauda 180W. Nomin\u0101l\u0101 gaismas pl\u016bsma 2000 Lm. Nomin\u0101lais staru k\u016b\u013ca le\u0146\u0137is (pusp\u012b\u0137a v\u0113rt\u012bba) 100 \u00b0. Korel\u0113t\u0101 kr\u0101su temperat\u016bra 3000K. Kr\u0101su temperat\u016bras apz\u012bm\u0113jums Silti balts. Kr\u0101su atveido\u0161anas indekss (Ra) 80 Ra. Kop\u0113jais diametrs 240 mm. Kop\u0113jais augstums [&hellip;]<\/p>\n","protected":false},"featured_media":32546,"comment_status":"closed","ping_status":"closed","template":"","meta":{"inline_featured_image":false},"product_cat":[772,894],"product_tag":[],"yst_prominent_words":[],"class_list":{"0":"post-32515","1":"product","2":"type-product","3":"status-publish","4":"has-post-thumbnail","6":"product_cat-atlaides","7":"product_cat-led-iebuvejamie-gaismekli","9":"first","10":"instock","11":"sale","12":"taxable","13":"shipping-taxable","14":"purchasable","15":"product-type-simple"},"jetpack_sharing_enabled":true,"_links":{"self":[{"href":"https:\/\/ddt.lv\/lv\/wp-json\/wp\/v2\/product\/32515"}],"collection":[{"href":"https:\/\/ddt.lv\/lv\/wp-json\/wp\/v2\/product"}],"about":[{"href":"https:\/\/ddt.lv\/lv\/wp-json\/wp\/v2\/types\/product"}],"replies":[{"embeddable":true,"href":"https:\/\/ddt.lv\/lv\/wp-json\/wp\/v2\/comments?post=32515"}],"wp:featuredmedia":[{"embeddable":true,"href":"https:\/\/ddt.lv\/lv\/wp-json\/wp\/v2\/media\/32546"}],"wp:attachment":[{"href":"https:\/\/ddt.lv\/lv\/wp-json\/wp\/v2\/media?parent=32515"}],"wp:term":[{"taxonomy":"product_cat","embeddable":true,"href":"https:\/\/ddt.lv\/lv\/wp-json\/wp\/v2\/product_cat?post=32515"},{"taxonomy":"product_tag","embeddable":true,"href":"https:\/\/ddt.lv\/lv\/wp-json\/wp\/v2\/product_tag?post=32515"},{"taxonomy":"yst_prominent_words","embeddable":true,"href":"https:\/\/ddt.lv\/lv\/wp-json\/wp\/v2\/yst_prominent_words?post=32515"}],"curies":[{"name":"wp","href":"https:\/\/api.w.org\/{rel}","templated":true}]}}