{"id":32514,"date":"2022-02-01T15:30:23","date_gmt":"2022-02-01T13:30:23","guid":{"rendered":"https:\/\/ddt.lv\/lv\/product\/led-iebuvets-giotto335-19w-240v-1510lm-4k-ip44-surface-gaismeklis-sylvania\/"},"modified":"2026-05-05T08:46:50","modified_gmt":"2026-05-05T05:46:50","slug":"led-iebuvets-giotto335-19w-240v-1510lm-4k-ip44-surface-gaismeklis-sylvania","status":"publish","type":"product","link":"https:\/\/ddt.lv\/lv\/product\/led-iebuvets-giotto335-19w-240v-1510lm-4k-ip44-surface-gaismeklis-sylvania\/","title":{"rendered":"LED Ieb\u016bv\u0113ts Giotto335 19W 240V 1510lm 4K IP44 Surface gaismeklis Sylvania"},"content":{"rendered":"<p>Apk\u0101rt\u0113j\u0101s vides un dekorat\u012bv\u0101s virsmas apa\u013ca LED starpsiena. Lieliski piem\u0113rots 1x38W TC-DD nomai\u0146ai. Balts, iztur\u012bgs polikarbon\u0101ta korpuss ar op\u0101la difuzoru. 1510LM. 19 W. 80lm\/W. 4000 t\u016bkst. Piedzi\u0146as str\u0101va: 700mA. CRI 80. Neaptum\u0161ojams draiveris. IP44. IK10. 50 000 h (L70). (AxPxD) 335x335x110mm. 5 pak\u0101pju MacAdam elipse. 1. klase. 220-240V.<\/p>\n<p><\/p>","protected":false},"excerpt":{"rendered":"<p>Apk\u0101rt\u0113j\u0101s vides un dekorat\u012bv\u0101s virsmas apa\u013ca LED starpsiena. Lieliski piem\u0113rots 1x38W TC-DD nomai\u0146ai. Balts, iztur\u012bgs polikarbon\u0101ta korpuss ar op\u0101la difuzoru. 1510LM. 19 W. 80lm\/W. 4000 t\u016bkst. Piedzi\u0146as str\u0101va: 700mA. CRI 80. Neaptum\u0161ojams draiveris. IP44. IK10. 50 000 h (L70). (AxPxD) 335x335x110mm. 5 pak\u0101pju MacAdam elipse. 1. klase. 220-240V.<\/p>\n","protected":false},"featured_media":32547,"comment_status":"closed","ping_status":"closed","template":"","meta":{"inline_featured_image":false},"product_cat":[772,894],"product_tag":[],"yst_prominent_words":[],"class_list":{"0":"post-32514","1":"product","2":"type-product","3":"status-publish","4":"has-post-thumbnail","6":"product_cat-atlaides","7":"product_cat-led-iebuvejamie-gaismekli","9":"first","10":"outofstock","11":"sale","12":"taxable","13":"shipping-taxable","14":"purchasable","15":"product-type-simple"},"jetpack_sharing_enabled":true,"_links":{"self":[{"href":"https:\/\/ddt.lv\/lv\/wp-json\/wp\/v2\/product\/32514"}],"collection":[{"href":"https:\/\/ddt.lv\/lv\/wp-json\/wp\/v2\/product"}],"about":[{"href":"https:\/\/ddt.lv\/lv\/wp-json\/wp\/v2\/types\/product"}],"replies":[{"embeddable":true,"href":"https:\/\/ddt.lv\/lv\/wp-json\/wp\/v2\/comments?post=32514"}],"wp:featuredmedia":[{"embeddable":true,"href":"https:\/\/ddt.lv\/lv\/wp-json\/wp\/v2\/media\/32547"}],"wp:attachment":[{"href":"https:\/\/ddt.lv\/lv\/wp-json\/wp\/v2\/media?parent=32514"}],"wp:term":[{"taxonomy":"product_cat","embeddable":true,"href":"https:\/\/ddt.lv\/lv\/wp-json\/wp\/v2\/product_cat?post=32514"},{"taxonomy":"product_tag","embeddable":true,"href":"https:\/\/ddt.lv\/lv\/wp-json\/wp\/v2\/product_tag?post=32514"},{"taxonomy":"yst_prominent_words","embeddable":true,"href":"https:\/\/ddt.lv\/lv\/wp-json\/wp\/v2\/yst_prominent_words?post=32514"}],"curies":[{"name":"wp","href":"https:\/\/api.w.org\/{rel}","templated":true}]}}