{"id":32513,"date":"2022-02-01T15:30:22","date_gmt":"2022-02-01T13:30:22","guid":{"rendered":"https:\/\/ddt.lv\/lv\/product\/led-iebuvets-apals-25w-240v-2071lm-3000k-dali-ip44-balts-gaismeklis-sylvania\/"},"modified":"2026-04-08T14:41:30","modified_gmt":"2026-04-08T11:41:30","slug":"led-iebuvets-apals-25w-240v-2071lm-3000k-dali-ip44-balts-gaismeklis-sylvania","status":"publish","type":"product","link":"https:\/\/ddt.lv\/lv\/product\/led-iebuvets-apals-25w-240v-2071lm-3000k-dali-ip44-balts-gaismeklis-sylvania\/","title":{"rendered":"LED Ieb\u016bv\u0113ts apa\u013c\u0161 25W 240V 2071lm 3000K DALI IP44 Balts gaismeklis Sylvania"},"content":{"rendered":"<p>Griestos ieb\u016bv\u0113ts IP44 LED leju apgaismojums, lieliski piem\u0113rots viet\u0101m, kur ir pieejams ierobe\u017eots griestu tuk\u0161ums ar tikai 65 mm izstr\u0101d\u0101juma dzi\u013cumu un 225 mm izgriezumu. Ide\u0101ls nomai\u0146a 2x26W CFL lejup\u0113jiem lukturiem. Polikarbon\u0101ta difuzors nodro\u0161ina pla\u0161\u0101ku gaismas sadal\u012bjumu un liel\u0101kus att\u0101lumus starp gaismek\u013ciem. Loop in loop out savienot\u0101js \u013cauj \u0101tri uzst\u0101d\u012bt. Lieta alum\u012bnija korpuss, 2071LM, 25W, 83lm\/W, 3000K, Vad\u012bt\u0101ja str\u0101va: 450mA, CRI80, 74\u00b0 stara le\u0146\u0137is, Dali aptum\u0161ojams TRIDONIC LED draiveris (2800671), IP44, IK07, 50,000 h, (LxW7) 65 x 225 mm, 5 pak\u0101pju MacAdam elipse, 0,65 kg, RAL9003, 2. klase, 220\u2013240 V,<\/p>\n<p><\/p>","protected":false},"excerpt":{"rendered":"<p>Griestos ieb\u016bv\u0113ts IP44 LED leju apgaismojums, lieliski piem\u0113rots viet\u0101m, kur ir pieejams ierobe\u017eots griestu tuk\u0161ums ar tikai 65 mm izstr\u0101d\u0101juma dzi\u013cumu un 225 mm izgriezumu. Ide\u0101ls nomai\u0146a 2x26W CFL lejup\u0113jiem lukturiem. Polikarbon\u0101ta difuzors nodro\u0161ina pla\u0161\u0101ku gaismas sadal\u012bjumu un liel\u0101kus att\u0101lumus starp gaismek\u013ciem. Loop in loop out savienot\u0101js \u013cauj \u0101tri uzst\u0101d\u012bt. Lieta alum\u012bnija korpuss, 2071LM, 25W, [&hellip;]<\/p>\n","protected":false},"featured_media":32549,"comment_status":"closed","ping_status":"closed","template":"","meta":{"inline_featured_image":false},"product_cat":[772,894],"product_tag":[],"yst_prominent_words":[],"class_list":{"0":"post-32513","1":"product","2":"type-product","3":"status-publish","4":"has-post-thumbnail","6":"product_cat-atlaides","7":"product_cat-led-iebuvejamie-gaismekli","9":"first","10":"instock","11":"sale","12":"taxable","13":"shipping-taxable","14":"purchasable","15":"product-type-simple"},"jetpack_sharing_enabled":true,"_links":{"self":[{"href":"https:\/\/ddt.lv\/lv\/wp-json\/wp\/v2\/product\/32513"}],"collection":[{"href":"https:\/\/ddt.lv\/lv\/wp-json\/wp\/v2\/product"}],"about":[{"href":"https:\/\/ddt.lv\/lv\/wp-json\/wp\/v2\/types\/product"}],"replies":[{"embeddable":true,"href":"https:\/\/ddt.lv\/lv\/wp-json\/wp\/v2\/comments?post=32513"}],"wp:featuredmedia":[{"embeddable":true,"href":"https:\/\/ddt.lv\/lv\/wp-json\/wp\/v2\/media\/32549"}],"wp:attachment":[{"href":"https:\/\/ddt.lv\/lv\/wp-json\/wp\/v2\/media?parent=32513"}],"wp:term":[{"taxonomy":"product_cat","embeddable":true,"href":"https:\/\/ddt.lv\/lv\/wp-json\/wp\/v2\/product_cat?post=32513"},{"taxonomy":"product_tag","embeddable":true,"href":"https:\/\/ddt.lv\/lv\/wp-json\/wp\/v2\/product_tag?post=32513"},{"taxonomy":"yst_prominent_words","embeddable":true,"href":"https:\/\/ddt.lv\/lv\/wp-json\/wp\/v2\/yst_prominent_words?post=32513"}],"curies":[{"name":"wp","href":"https:\/\/api.w.org\/{rel}","templated":true}]}}