{"id":32512,"date":"2022-02-01T15:30:21","date_gmt":"2022-02-01T13:30:21","guid":{"rendered":"https:\/\/ddt.lv\/lv\/product\/led-iebuvejams-gaismeklis-balts-sylfire-fix-3k-ip65-600lm-dimm-sylvania\/"},"modified":"2026-04-13T10:01:40","modified_gmt":"2026-04-13T07:01:40","slug":"led-iebuvejams-gaismeklis-balts-sylfire-fix-3k-ip65-600lm-dimm-sylvania","status":"publish","type":"product","link":"https:\/\/ddt.lv\/lv\/product\/led-iebuvejams-gaismeklis-balts-sylfire-fix-3k-ip65-600lm-dimm-sylvania\/","title":{"rendered":"LED ieb\u016bv\u0113jams gaismeklis balts SYLFIRE FIX 3K IP65 600lm DIMM Sylvania"},"content":{"rendered":"<p>LED.<br \/>\nKorpuss T\u0113rauds.<br \/>\nMount Griestu padzi\u013cin\u0101ta mont\u0101\u017ea.<br \/>\nVide Interjers.<br \/>\nVisp\u0101r\u0113js pielietojums viesm\u012bl\u012bbas, dz\u012bvojamo un pat\u0113r\u0113t\u0101ju jom\u0101.<br \/>\nGaismas pl\u016bsma (lm) 600.<br \/>\nKr\u0101su temperat\u016bra (K) 3000.<br \/>\nGaismas kr\u0101sa Silti balta.<br \/>\nCRI (Ra) 80.<br \/>\nStara le\u0146\u0137is (\u00b0) 40.<br \/>\nKop\u0113jais ener\u0123ijas pat\u0113ri\u0146\u0161 (W) 10.<br \/>\nElektrisk\u0101s aizsardz\u012bbas klase II.<br \/>\nVad\u012bbas meh\u0101nisma tipa LED vad\u012bt\u0101ja past\u0101v\u012bg\u0101 str\u0101va.<br \/>\nKorpusa kr\u0101sa Balta.<br \/>\nIP reitings IP65.<\/p>\n<p><\/p>","protected":false},"excerpt":{"rendered":"<p>LED. Korpuss T\u0113rauds. Mount Griestu padzi\u013cin\u0101ta mont\u0101\u017ea. Vide Interjers. Visp\u0101r\u0113js pielietojums viesm\u012bl\u012bbas, dz\u012bvojamo un pat\u0113r\u0113t\u0101ju jom\u0101. Gaismas pl\u016bsma (lm) 600. Kr\u0101su temperat\u016bra (K) 3000. Gaismas kr\u0101sa Silti balta. CRI (Ra) 80. Stara le\u0146\u0137is (\u00b0) 40. Kop\u0113jais ener\u0123ijas pat\u0113ri\u0146\u0161 (W) 10. Elektrisk\u0101s aizsardz\u012bbas klase II. Vad\u012bbas meh\u0101nisma tipa LED vad\u012bt\u0101ja past\u0101v\u012bg\u0101 str\u0101va. Korpusa kr\u0101sa Balta. IP [&hellip;]<\/p>\n","protected":false},"featured_media":32552,"comment_status":"closed","ping_status":"closed","template":"","meta":{"inline_featured_image":false},"product_cat":[772,894],"product_tag":[],"yst_prominent_words":[],"class_list":{"0":"post-32512","1":"product","2":"type-product","3":"status-publish","4":"has-post-thumbnail","6":"product_cat-atlaides","7":"product_cat-led-iebuvejamie-gaismekli","9":"first","10":"instock","11":"sale","12":"taxable","13":"shipping-taxable","14":"purchasable","15":"product-type-simple"},"jetpack_sharing_enabled":true,"_links":{"self":[{"href":"https:\/\/ddt.lv\/lv\/wp-json\/wp\/v2\/product\/32512"}],"collection":[{"href":"https:\/\/ddt.lv\/lv\/wp-json\/wp\/v2\/product"}],"about":[{"href":"https:\/\/ddt.lv\/lv\/wp-json\/wp\/v2\/types\/product"}],"replies":[{"embeddable":true,"href":"https:\/\/ddt.lv\/lv\/wp-json\/wp\/v2\/comments?post=32512"}],"wp:featuredmedia":[{"embeddable":true,"href":"https:\/\/ddt.lv\/lv\/wp-json\/wp\/v2\/media\/32552"}],"wp:attachment":[{"href":"https:\/\/ddt.lv\/lv\/wp-json\/wp\/v2\/media?parent=32512"}],"wp:term":[{"taxonomy":"product_cat","embeddable":true,"href":"https:\/\/ddt.lv\/lv\/wp-json\/wp\/v2\/product_cat?post=32512"},{"taxonomy":"product_tag","embeddable":true,"href":"https:\/\/ddt.lv\/lv\/wp-json\/wp\/v2\/product_tag?post=32512"},{"taxonomy":"yst_prominent_words","embeddable":true,"href":"https:\/\/ddt.lv\/lv\/wp-json\/wp\/v2\/yst_prominent_words?post=32512"}],"curies":[{"name":"wp","href":"https:\/\/api.w.org\/{rel}","templated":true}]}}