{"id":32510,"date":"2022-02-01T15:30:20","date_gmt":"2022-02-01T13:30:20","guid":{"rendered":"https:\/\/ddt.lv\/lv\/product\/ivy-led-panelis-43w-4000k-4082lm-ip20-600x600-eb-ugr19-sylvania\/"},"modified":"2026-04-06T11:01:46","modified_gmt":"2026-04-06T08:01:46","slug":"ivy-led-panelis-43w-4000k-4082lm-ip20-600x600-eb-ugr19-sylvania","status":"publish","type":"product","link":"https:\/\/ddt.lv\/lv\/product\/ivy-led-panelis-43w-4000k-4082lm-ip20-600x600-eb-ugr19-sylvania\/","title":{"rendered":"IVY Led panelis 43W 4000K 4082lm IP20 600&#215;600 EB UGR19 Sylvania"},"content":{"rendered":"<p>Padzi\u013cin\u0101ts 600 mm x 600 mm, ieb\u016bv\u0113jams, UGR<\/p>","protected":false},"excerpt":{"rendered":"<p>Padzi\u013cin\u0101ts 600 mm x 600 mm, ieb\u016bv\u0113jams, UGR<\/p>\n","protected":false},"featured_media":32555,"comment_status":"closed","ping_status":"closed","template":"","meta":{"inline_featured_image":false},"product_cat":[772,924],"product_tag":[],"yst_prominent_words":[],"class_list":{"0":"post-32510","1":"product","2":"type-product","3":"status-publish","4":"has-post-thumbnail","6":"product_cat-atlaides","7":"product_cat-led-paneli","9":"first","10":"instock","11":"sale","12":"taxable","13":"shipping-taxable","14":"purchasable","15":"product-type-simple"},"jetpack_sharing_enabled":true,"_links":{"self":[{"href":"https:\/\/ddt.lv\/lv\/wp-json\/wp\/v2\/product\/32510"}],"collection":[{"href":"https:\/\/ddt.lv\/lv\/wp-json\/wp\/v2\/product"}],"about":[{"href":"https:\/\/ddt.lv\/lv\/wp-json\/wp\/v2\/types\/product"}],"replies":[{"embeddable":true,"href":"https:\/\/ddt.lv\/lv\/wp-json\/wp\/v2\/comments?post=32510"}],"wp:featuredmedia":[{"embeddable":true,"href":"https:\/\/ddt.lv\/lv\/wp-json\/wp\/v2\/media\/32555"}],"wp:attachment":[{"href":"https:\/\/ddt.lv\/lv\/wp-json\/wp\/v2\/media?parent=32510"}],"wp:term":[{"taxonomy":"product_cat","embeddable":true,"href":"https:\/\/ddt.lv\/lv\/wp-json\/wp\/v2\/product_cat?post=32510"},{"taxonomy":"product_tag","embeddable":true,"href":"https:\/\/ddt.lv\/lv\/wp-json\/wp\/v2\/product_tag?post=32510"},{"taxonomy":"yst_prominent_words","embeddable":true,"href":"https:\/\/ddt.lv\/lv\/wp-json\/wp\/v2\/yst_prominent_words?post=32510"}],"curies":[{"name":"wp","href":"https:\/\/api.w.org\/{rel}","templated":true}]}}