{"id":32509,"date":"2022-02-01T15:30:19","date_gmt":"2022-02-01T13:30:19","guid":{"rendered":"https:\/\/ddt.lv\/lv\/product\/ls400-36w-t8-g13-230v-3000k-ip20-luminiscejoss-gaimeklis-sylvania\/"},"modified":"2026-04-01T00:21:45","modified_gmt":"2026-03-31T21:21:45","slug":"ls400-36w-t8-g13-230v-3000k-ip20-luminiscejoss-gaimeklis-sylvania","status":"publish","type":"product","link":"https:\/\/ddt.lv\/lv\/product\/ls400-36w-t8-g13-230v-3000k-ip20-luminiscejoss-gaimeklis-sylvania\/","title":{"rendered":"LS400 36W T8 G13 230V 3000K IP20 luminisc\u0113jo\u0161s gaimeklis Sylvania"},"content":{"rendered":"<p>Fluoresc\u0113jo\u0161s.<br \/>\nMont\u0101\u017ea Griestu virsmas mont\u0101\u017ea.<br \/>\nVide Interjers.<br \/>\nVisp\u0101r\u0113js pielietojums viesm\u012bl\u012bbas, dz\u012bvojamo un pat\u0113r\u0113t\u0101ju jom\u0101.<br \/>\nKr\u0101su temperat\u016bra (K) 3000.<br \/>\nGaismas kr\u0101sa Silti balta.<br \/>\nElektrisk\u0101s aizsardz\u012bbas klase I.<br \/>\nVad\u012bbas meh\u0101nisma tips Elektroniskais balasts.<br \/>\nVad\u012bbas meh\u0101nisma stiprin\u0101jums Integr\u0101ls.<br \/>\nKorpusa kr\u0101sa Balta.<br \/>\nIP reitings IP20.<\/p>\n<p><\/p>","protected":false},"excerpt":{"rendered":"<p>Fluoresc\u0113jo\u0161s. Mont\u0101\u017ea Griestu virsmas mont\u0101\u017ea. Vide Interjers. Visp\u0101r\u0113js pielietojums viesm\u012bl\u012bbas, dz\u012bvojamo un pat\u0113r\u0113t\u0101ju jom\u0101. Kr\u0101su temperat\u016bra (K) 3000. Gaismas kr\u0101sa Silti balta. Elektrisk\u0101s aizsardz\u012bbas klase I. Vad\u012bbas meh\u0101nisma tips Elektroniskais balasts. Vad\u012bbas meh\u0101nisma stiprin\u0101jums Integr\u0101ls. Korpusa kr\u0101sa Balta. IP reitings IP20.<\/p>\n","protected":false},"featured_media":32561,"comment_status":"closed","ping_status":"closed","template":"","meta":{"inline_featured_image":false},"product_cat":[899],"product_tag":[],"yst_prominent_words":[],"class_list":{"0":"post-32509","1":"product","2":"type-product","3":"status-publish","4":"has-post-thumbnail","6":"product_cat-luminiscences-gaismekli","8":"first","9":"outofstock","10":"taxable","11":"shipping-taxable","12":"purchasable","13":"product-type-simple"},"jetpack_sharing_enabled":true,"_links":{"self":[{"href":"https:\/\/ddt.lv\/lv\/wp-json\/wp\/v2\/product\/32509"}],"collection":[{"href":"https:\/\/ddt.lv\/lv\/wp-json\/wp\/v2\/product"}],"about":[{"href":"https:\/\/ddt.lv\/lv\/wp-json\/wp\/v2\/types\/product"}],"replies":[{"embeddable":true,"href":"https:\/\/ddt.lv\/lv\/wp-json\/wp\/v2\/comments?post=32509"}],"wp:featuredmedia":[{"embeddable":true,"href":"https:\/\/ddt.lv\/lv\/wp-json\/wp\/v2\/media\/32561"}],"wp:attachment":[{"href":"https:\/\/ddt.lv\/lv\/wp-json\/wp\/v2\/media?parent=32509"}],"wp:term":[{"taxonomy":"product_cat","embeddable":true,"href":"https:\/\/ddt.lv\/lv\/wp-json\/wp\/v2\/product_cat?post=32509"},{"taxonomy":"product_tag","embeddable":true,"href":"https:\/\/ddt.lv\/lv\/wp-json\/wp\/v2\/product_tag?post=32509"},{"taxonomy":"yst_prominent_words","embeddable":true,"href":"https:\/\/ddt.lv\/lv\/wp-json\/wp\/v2\/yst_prominent_words?post=32509"}],"curies":[{"name":"wp","href":"https:\/\/api.w.org\/{rel}","templated":true}]}}