{"id":32507,"date":"2022-02-01T15:30:18","date_gmt":"2022-02-01T13:30:18","guid":{"rendered":"https:\/\/ddt.lv\/lv\/product\/led-start-waterproof-1200mm-ip65-5000lm-g3-4000k-gaismeklis-sylvania\/"},"modified":"2026-04-08T14:41:29","modified_gmt":"2026-04-08T11:41:29","slug":"led-start-waterproof-1200mm-ip65-5000lm-g3-4000k-gaismeklis-sylvania","status":"publish","type":"product","link":"https:\/\/ddt.lv\/lv\/product\/led-start-waterproof-1200mm-ip65-5000lm-g3-4000k-gaismeklis-sylvania\/","title":{"rendered":"LED START Waterproof 1200mm IP65 5000lm G3 4000K DALI gaismeklis Sylvania"},"content":{"rendered":"<p>Start \u016adensiztur\u012bgs, integr\u0113ts LED laikapst\u0101k\u013ciem iztur\u012bgs gaismeklis ar UV stabiliz\u0113tu plakanu difuzoru un line\u0101r\u0101m prizm\u0101m, kas izstr\u0101d\u0101tas, lai pan\u0101ktu vienm\u0113r\u012bgu apgaismojumu, optimiz\u0113tu gaismas atdevi un samazin\u0101tu atsp\u012bdumu, ner\u016bs\u0113jo\u0161\u0101 t\u0113rauda difuzora skavas un stiprin\u0101juma kron\u0161teini mont\u0101\u017eai uz virsmas. Polikarbon\u0101ta korpuss, Polikarbon\u0101ta difuzors, 5000lm, 38W, 132lm\/W, 4000K, piedzi\u0146as str\u0101va 350mA, DALI aptum\u0161ojams, CRI80, IP65, IK08, I klase, nomin\u0101lais vid\u0113jais kalpo\u0161anas laiks (h):50000. 1278 mm x 110 mm x 78 mm<\/p>\n<p><\/p>","protected":false},"excerpt":{"rendered":"<p>Start \u016adensiztur\u012bgs, integr\u0113ts LED laikapst\u0101k\u013ciem iztur\u012bgs gaismeklis ar UV stabiliz\u0113tu plakanu difuzoru un line\u0101r\u0101m prizm\u0101m, kas izstr\u0101d\u0101tas, lai pan\u0101ktu vienm\u0113r\u012bgu apgaismojumu, optimiz\u0113tu gaismas atdevi un samazin\u0101tu atsp\u012bdumu, ner\u016bs\u0113jo\u0161\u0101 t\u0113rauda difuzora skavas un stiprin\u0101juma kron\u0161teini mont\u0101\u017eai uz virsmas. Polikarbon\u0101ta korpuss, Polikarbon\u0101ta difuzors, 5000lm, 38W, 132lm\/W, 4000K, piedzi\u0146as str\u0101va 350mA, DALI aptum\u0161ojams, CRI80, IP65, IK08, I klase, [&hellip;]<\/p>\n","protected":false},"featured_media":32559,"comment_status":"closed","ping_status":"closed","template":"","meta":{"inline_featured_image":false},"product_cat":[909],"product_tag":[],"yst_prominent_words":[],"class_list":{"0":"post-32507","1":"product","2":"type-product","3":"status-publish","4":"has-post-thumbnail","6":"product_cat-led-plafona-tipa-gaismekli-led-ara-gaismekli","8":"first","9":"outofstock","10":"taxable","11":"shipping-taxable","12":"purchasable","13":"product-type-simple"},"jetpack_sharing_enabled":true,"_links":{"self":[{"href":"https:\/\/ddt.lv\/lv\/wp-json\/wp\/v2\/product\/32507"}],"collection":[{"href":"https:\/\/ddt.lv\/lv\/wp-json\/wp\/v2\/product"}],"about":[{"href":"https:\/\/ddt.lv\/lv\/wp-json\/wp\/v2\/types\/product"}],"replies":[{"embeddable":true,"href":"https:\/\/ddt.lv\/lv\/wp-json\/wp\/v2\/comments?post=32507"}],"wp:featuredmedia":[{"embeddable":true,"href":"https:\/\/ddt.lv\/lv\/wp-json\/wp\/v2\/media\/32559"}],"wp:attachment":[{"href":"https:\/\/ddt.lv\/lv\/wp-json\/wp\/v2\/media?parent=32507"}],"wp:term":[{"taxonomy":"product_cat","embeddable":true,"href":"https:\/\/ddt.lv\/lv\/wp-json\/wp\/v2\/product_cat?post=32507"},{"taxonomy":"product_tag","embeddable":true,"href":"https:\/\/ddt.lv\/lv\/wp-json\/wp\/v2\/product_tag?post=32507"},{"taxonomy":"yst_prominent_words","embeddable":true,"href":"https:\/\/ddt.lv\/lv\/wp-json\/wp\/v2\/yst_prominent_words?post=32507"}],"curies":[{"name":"wp","href":"https:\/\/api.w.org\/{rel}","templated":true}]}}