{"id":32506,"date":"2022-02-01T15:30:17","date_gmt":"2022-02-01T13:30:17","guid":{"rendered":"https:\/\/ddt.lv\/lv\/product\/led-start-waterproof-1565mm-ip65-6500lm-6500k-gaismeklis-sylvania\/"},"modified":"2026-04-08T14:41:29","modified_gmt":"2026-04-08T11:41:29","slug":"led-start-waterproof-1565mm-ip65-6500lm-6500k-gaismeklis-sylvania","status":"publish","type":"product","link":"https:\/\/ddt.lv\/lv\/product\/led-start-waterproof-1565mm-ip65-6500lm-6500k-gaismeklis-sylvania\/","title":{"rendered":"LED START Waterproof 1565mm IP65 6500lm 6500K gaismeklis Sylvania"},"content":{"rendered":"<p>Laikapst\u0101k\u013cu iztur\u012bgs LED gaismeklis, 1565MM ar dubultu lampu, 60W pie 6500K, 108lm\/W. UV stabiliz\u0113ts polikarbon\u0101ta p\u0101rkl\u0101js ar \u012bpa\u0161i izstr\u0101d\u0101tu op\u0101la l\u0113cu &#8211; m\u012bkstina un kontrol\u0113 gaismu, vienlaikus optimiz\u0113jot izvadi. Nav dzeltenu traipu. Standarta komplekt\u0101cij\u0101 iek\u013cauts \u013coti efekt\u012bvs elektroniskais draiveris. Gluda korpusa apdare, viegli apstr\u0101d\u0101jama. Minim\u0101la apkope bez lampu nomai\u0146as. Caur vadu sasniedzams. IP65 reitings un IK08 korpuss iztur\u012bgs skarb\u0101m viet\u0101m. Profesion\u0101li apstr\u0101d\u0101ts ar ner\u016bs\u0113jo\u0161\u0101 t\u0113rauda kron\u0161teiniem. Sader\u012bga ar balstiek\u0101rtu.<\/p>\n<p><\/p>","protected":false},"excerpt":{"rendered":"<p>Laikapst\u0101k\u013cu iztur\u012bgs LED gaismeklis, 1565MM ar dubultu lampu, 60W pie 6500K, 108lm\/W. UV stabiliz\u0113ts polikarbon\u0101ta p\u0101rkl\u0101js ar \u012bpa\u0161i izstr\u0101d\u0101tu op\u0101la l\u0113cu &#8211; m\u012bkstina un kontrol\u0113 gaismu, vienlaikus optimiz\u0113jot izvadi. Nav dzeltenu traipu. Standarta komplekt\u0101cij\u0101 iek\u013cauts \u013coti efekt\u012bvs elektroniskais draiveris. Gluda korpusa apdare, viegli apstr\u0101d\u0101jama. Minim\u0101la apkope bez lampu nomai\u0146as. Caur vadu sasniedzams. IP65 reitings un [&hellip;]<\/p>\n","protected":false},"featured_media":32562,"comment_status":"closed","ping_status":"closed","template":"","meta":{"inline_featured_image":false},"product_cat":[909],"product_tag":[],"yst_prominent_words":[],"class_list":{"0":"post-32506","1":"product","2":"type-product","3":"status-publish","4":"has-post-thumbnail","6":"product_cat-led-plafona-tipa-gaismekli-led-ara-gaismekli","8":"first","9":"outofstock","10":"taxable","11":"shipping-taxable","12":"purchasable","13":"product-type-simple"},"jetpack_sharing_enabled":true,"_links":{"self":[{"href":"https:\/\/ddt.lv\/lv\/wp-json\/wp\/v2\/product\/32506"}],"collection":[{"href":"https:\/\/ddt.lv\/lv\/wp-json\/wp\/v2\/product"}],"about":[{"href":"https:\/\/ddt.lv\/lv\/wp-json\/wp\/v2\/types\/product"}],"replies":[{"embeddable":true,"href":"https:\/\/ddt.lv\/lv\/wp-json\/wp\/v2\/comments?post=32506"}],"wp:featuredmedia":[{"embeddable":true,"href":"https:\/\/ddt.lv\/lv\/wp-json\/wp\/v2\/media\/32562"}],"wp:attachment":[{"href":"https:\/\/ddt.lv\/lv\/wp-json\/wp\/v2\/media?parent=32506"}],"wp:term":[{"taxonomy":"product_cat","embeddable":true,"href":"https:\/\/ddt.lv\/lv\/wp-json\/wp\/v2\/product_cat?post=32506"},{"taxonomy":"product_tag","embeddable":true,"href":"https:\/\/ddt.lv\/lv\/wp-json\/wp\/v2\/product_tag?post=32506"},{"taxonomy":"yst_prominent_words","embeddable":true,"href":"https:\/\/ddt.lv\/lv\/wp-json\/wp\/v2\/yst_prominent_words?post=32506"}],"curies":[{"name":"wp","href":"https:\/\/api.w.org\/{rel}","templated":true}]}}