{"id":32505,"date":"2022-02-01T15:20:19","date_gmt":"2022-02-01T13:20:19","guid":{"rendered":"https:\/\/ddt.lv\/lv\/product\/iebuvets-gaismeklis-jade-sq-led-18w-110-1300lm-3000k-225x225-kvadrats-inesa\/"},"modified":"2026-04-08T14:35:30","modified_gmt":"2026-04-08T11:35:30","slug":"iebuvets-gaismeklis-jade-sq-led-18w-110-1300lm-3000k-225x225-kvadrats-inesa","status":"publish","type":"product","link":"https:\/\/ddt.lv\/lv\/product\/iebuvets-gaismeklis-jade-sq-led-18w-110-1300lm-3000k-225x225-kvadrats-inesa\/","title":{"rendered":"Ieb\u016bv\u0113ts gaismeklis Jade SQ LED 18W 110&#8242; 1300lm 3000K 225&#215;225 kvadr\u0101ts INESA"},"content":{"rendered":"<p>Ener\u0123ijas pat\u0113ri\u0146\u0161 18w.<br \/>\nSpriegums 220-240V.<br \/>\nT\u012bkla frekvence 50Hz.<br \/>\nJaudas koeficients&gt; 0,5.<br \/>\nNomin\u0101l\u0101 gaismas pl\u016bsma 1300.<br \/>\nStara le\u0146\u0137is 110.<br \/>\nKorel\u0113t\u0101 kr\u0101su temperat\u016bra silti balta.<br \/>\nKorel\u0113t\u0101 kr\u0101su temperat\u016bras apraksts 3000K.<br \/>\nKr\u0101su atveido\u0161anas indekss (CRI)&gt; 80.<br \/>\nGarums 225.<br \/>\nPlatums 225.<br \/>\nAugstums 26,8.<br \/>\nNomin\u0101lais kalpo\u0161anas laiks 15000h.<\/p>\n<p><\/p>","protected":false},"excerpt":{"rendered":"<p>Ener\u0123ijas pat\u0113ri\u0146\u0161 18w. Spriegums 220-240V. T\u012bkla frekvence 50Hz. Jaudas koeficients&gt; 0,5. Nomin\u0101l\u0101 gaismas pl\u016bsma 1300. Stara le\u0146\u0137is 110. Korel\u0113t\u0101 kr\u0101su temperat\u016bra silti balta. Korel\u0113t\u0101 kr\u0101su temperat\u016bras apraksts 3000K. Kr\u0101su atveido\u0161anas indekss (CRI)&gt; 80. Garums 225. Platums 225. Augstums 26,8. Nomin\u0101lais kalpo\u0161anas laiks 15000h.<\/p>\n","protected":false},"featured_media":32564,"comment_status":"closed","ping_status":"closed","template":"","meta":{"inline_featured_image":false},"product_cat":[772,894],"product_tag":[],"yst_prominent_words":[],"class_list":{"0":"post-32505","1":"product","2":"type-product","3":"status-publish","4":"has-post-thumbnail","6":"product_cat-atlaides","7":"product_cat-led-iebuvejamie-gaismekli","9":"first","10":"instock","11":"sale","12":"taxable","13":"shipping-taxable","14":"purchasable","15":"product-type-simple"},"jetpack_sharing_enabled":true,"_links":{"self":[{"href":"https:\/\/ddt.lv\/lv\/wp-json\/wp\/v2\/product\/32505"}],"collection":[{"href":"https:\/\/ddt.lv\/lv\/wp-json\/wp\/v2\/product"}],"about":[{"href":"https:\/\/ddt.lv\/lv\/wp-json\/wp\/v2\/types\/product"}],"replies":[{"embeddable":true,"href":"https:\/\/ddt.lv\/lv\/wp-json\/wp\/v2\/comments?post=32505"}],"wp:featuredmedia":[{"embeddable":true,"href":"https:\/\/ddt.lv\/lv\/wp-json\/wp\/v2\/media\/32564"}],"wp:attachment":[{"href":"https:\/\/ddt.lv\/lv\/wp-json\/wp\/v2\/media?parent=32505"}],"wp:term":[{"taxonomy":"product_cat","embeddable":true,"href":"https:\/\/ddt.lv\/lv\/wp-json\/wp\/v2\/product_cat?post=32505"},{"taxonomy":"product_tag","embeddable":true,"href":"https:\/\/ddt.lv\/lv\/wp-json\/wp\/v2\/product_tag?post=32505"},{"taxonomy":"yst_prominent_words","embeddable":true,"href":"https:\/\/ddt.lv\/lv\/wp-json\/wp\/v2\/yst_prominent_words?post=32505"}],"curies":[{"name":"wp","href":"https:\/\/api.w.org\/{rel}","templated":true}]}}