{"id":32504,"date":"2022-02-01T15:20:19","date_gmt":"2022-02-01T13:20:19","guid":{"rendered":"https:\/\/ddt.lv\/lv\/product\/led-prozektors-50w-ip65-4500lm-3000k-smd-melns-inesa\/"},"modified":"2026-04-08T14:42:46","modified_gmt":"2026-04-08T11:42:46","slug":"led-prozektors-50w-ip65-4500lm-3000k-smd-melns-inesa","status":"publish","type":"product","link":"https:\/\/ddt.lv\/lv\/product\/led-prozektors-50w-ip65-4500lm-3000k-smd-melns-inesa\/","title":{"rendered":"LED pro\u017eektors 50W IP65 4500Lm 3000K SMD melns  INESA"},"content":{"rendered":"<p>Nomin\u0101l\u0101 jauda 50,0 W.<br \/>\nNomin\u0101lais spriegums 220-240V.<br \/>\nDarba frekvence 50\/60Hz.<br \/>\nNomin\u0101l\u0101 str\u0101va 0,22A.<br \/>\nJaudas koeficients 0,9.<br \/>\nNomin\u0101l\u0101 gaismas pl\u016bsma 4500LM.<br \/>\nNomin\u0101lais stara le\u0146\u0137is (pusp\u012b\u0137a v\u0113rt\u012bba) 110\u00b0.<br \/>\nKorel\u0113t\u0101 kr\u0101su temperat\u016bra 3000K.<br \/>\nKr\u0101su atveido\u0161anas indekss (Ra) 80.<br \/>\nKop\u0113jais garums 251 mm.<br \/>\nKop\u0113jais platums 41 mm.<br \/>\nKop\u0113jais augstums 222 mm.<br \/>\nSvars 1,26 kg.<br \/>\nNomin\u0101lais kalpo\u0161anas laiks 25 000 h.<\/p>\n<p><\/p>","protected":false},"excerpt":{"rendered":"<p>Nomin\u0101l\u0101 jauda 50,0 W. Nomin\u0101lais spriegums 220-240V. Darba frekvence 50\/60Hz. Nomin\u0101l\u0101 str\u0101va 0,22A. Jaudas koeficients 0,9. Nomin\u0101l\u0101 gaismas pl\u016bsma 4500LM. Nomin\u0101lais stara le\u0146\u0137is (pusp\u012b\u0137a v\u0113rt\u012bba) 110\u00b0. Korel\u0113t\u0101 kr\u0101su temperat\u016bra 3000K. Kr\u0101su atveido\u0161anas indekss (Ra) 80. Kop\u0113jais garums 251 mm. Kop\u0113jais platums 41 mm. Kop\u0113jais augstums 222 mm. Svars 1,26 kg. Nomin\u0101lais kalpo\u0161anas laiks 25 000 [&hellip;]<\/p>\n","protected":false},"featured_media":32565,"comment_status":"closed","ping_status":"closed","template":"","meta":{"inline_featured_image":false},"product_cat":[772,908],"product_tag":[],"yst_prominent_words":[],"class_list":{"0":"post-32504","1":"product","2":"type-product","3":"status-publish","4":"has-post-thumbnail","6":"product_cat-atlaides","7":"product_cat-led-prozektori","9":"first","10":"instock","11":"sale","12":"taxable","13":"shipping-taxable","14":"purchasable","15":"product-type-simple"},"jetpack_sharing_enabled":true,"_links":{"self":[{"href":"https:\/\/ddt.lv\/lv\/wp-json\/wp\/v2\/product\/32504"}],"collection":[{"href":"https:\/\/ddt.lv\/lv\/wp-json\/wp\/v2\/product"}],"about":[{"href":"https:\/\/ddt.lv\/lv\/wp-json\/wp\/v2\/types\/product"}],"replies":[{"embeddable":true,"href":"https:\/\/ddt.lv\/lv\/wp-json\/wp\/v2\/comments?post=32504"}],"wp:featuredmedia":[{"embeddable":true,"href":"https:\/\/ddt.lv\/lv\/wp-json\/wp\/v2\/media\/32565"}],"wp:attachment":[{"href":"https:\/\/ddt.lv\/lv\/wp-json\/wp\/v2\/media?parent=32504"}],"wp:term":[{"taxonomy":"product_cat","embeddable":true,"href":"https:\/\/ddt.lv\/lv\/wp-json\/wp\/v2\/product_cat?post=32504"},{"taxonomy":"product_tag","embeddable":true,"href":"https:\/\/ddt.lv\/lv\/wp-json\/wp\/v2\/product_tag?post=32504"},{"taxonomy":"yst_prominent_words","embeddable":true,"href":"https:\/\/ddt.lv\/lv\/wp-json\/wp\/v2\/yst_prominent_words?post=32504"}],"curies":[{"name":"wp","href":"https:\/\/api.w.org\/{rel}","templated":true}]}}