{"id":32503,"date":"2022-02-01T15:20:18","date_gmt":"2022-02-01T13:20:18","guid":{"rendered":"https:\/\/ddt.lv\/lv\/product\/iebuvets-kvadrata-led-gaismeklis-24w-120-1600lm-3000k-301x30mm-balts-inesa\/"},"modified":"2026-04-01T00:12:41","modified_gmt":"2026-03-31T21:12:41","slug":"iebuvets-kvadrata-led-gaismeklis-24w-120-1600lm-3000k-301x30mm-balts-inesa","status":"publish","type":"product","link":"https:\/\/ddt.lv\/lv\/product\/iebuvets-kvadrata-led-gaismeklis-24w-120-1600lm-3000k-301x30mm-balts-inesa\/","title":{"rendered":"Ieb\u016bv\u0113ts kvadr\u0101ta LED gaismeklis 24W 120&#8242; 1600lm 3000K 301x30mm balts INESA"},"content":{"rendered":"<p>Nomin\u0101l\u0101 jauda 24,0 W.<br \/>\nNomin\u0101lais spriegums 220-240V.<br \/>\nDarba frekvence 50\/60 Hz.<br \/>\nNomin\u0101l\u0101 str\u0101va 360 mA.<br \/>\nJaudas koeficients 0,9.<br \/>\nNomin\u0101l\u0101 gaismas pl\u016bsma 1600 Lm.<br \/>\nNomin\u0101lais stara le\u0146\u0137is (pusp\u012b\u0137a v\u0113rt\u012bba) 120 \u00b0.<br \/>\nKorel\u0113t\u0101 kr\u0101su temperat\u016bra 3000K.<br \/>\nKr\u0101su temperat\u016bras apz\u012bm\u0113jums Silti balts.<br \/>\nKr\u0101su atveido\u0161anas indekss (Ra) 80 Ra.<br \/>\nKop\u0113jais garums 301 mm.<br \/>\nKop\u0113jais platums 301 mm.<br \/>\nKop\u0113jais augstums 21 mm.<br \/>\nLampas forma Kvadr\u0101ts.<br \/>\nSvars 1050 kg.<br \/>\nMont\u0101\u017eas izgriezums 282 mm x 282 mm.<br \/>\nNomin\u0101lais kalpo\u0161anas laiks 30000 h.<\/p>\n<p><\/p>","protected":false},"excerpt":{"rendered":"<p>Nomin\u0101l\u0101 jauda 24,0 W. Nomin\u0101lais spriegums 220-240V. Darba frekvence 50\/60 Hz. Nomin\u0101l\u0101 str\u0101va 360 mA. Jaudas koeficients 0,9. Nomin\u0101l\u0101 gaismas pl\u016bsma 1600 Lm. Nomin\u0101lais stara le\u0146\u0137is (pusp\u012b\u0137a v\u0113rt\u012bba) 120 \u00b0. Korel\u0113t\u0101 kr\u0101su temperat\u016bra 3000K. Kr\u0101su temperat\u016bras apz\u012bm\u0113jums Silti balts. Kr\u0101su atveido\u0161anas indekss (Ra) 80 Ra. Kop\u0113jais garums 301 mm. Kop\u0113jais platums 301 mm. Kop\u0113jais augstums [&hellip;]<\/p>\n","protected":false},"featured_media":32566,"comment_status":"closed","ping_status":"closed","template":"","meta":{"inline_featured_image":false},"product_cat":[772,894],"product_tag":[],"yst_prominent_words":[],"class_list":{"0":"post-32503","1":"product","2":"type-product","3":"status-publish","4":"has-post-thumbnail","6":"product_cat-atlaides","7":"product_cat-led-iebuvejamie-gaismekli","9":"first","10":"instock","11":"sale","12":"taxable","13":"shipping-taxable","14":"purchasable","15":"product-type-simple"},"jetpack_sharing_enabled":true,"_links":{"self":[{"href":"https:\/\/ddt.lv\/lv\/wp-json\/wp\/v2\/product\/32503"}],"collection":[{"href":"https:\/\/ddt.lv\/lv\/wp-json\/wp\/v2\/product"}],"about":[{"href":"https:\/\/ddt.lv\/lv\/wp-json\/wp\/v2\/types\/product"}],"replies":[{"embeddable":true,"href":"https:\/\/ddt.lv\/lv\/wp-json\/wp\/v2\/comments?post=32503"}],"wp:featuredmedia":[{"embeddable":true,"href":"https:\/\/ddt.lv\/lv\/wp-json\/wp\/v2\/media\/32566"}],"wp:attachment":[{"href":"https:\/\/ddt.lv\/lv\/wp-json\/wp\/v2\/media?parent=32503"}],"wp:term":[{"taxonomy":"product_cat","embeddable":true,"href":"https:\/\/ddt.lv\/lv\/wp-json\/wp\/v2\/product_cat?post=32503"},{"taxonomy":"product_tag","embeddable":true,"href":"https:\/\/ddt.lv\/lv\/wp-json\/wp\/v2\/product_tag?post=32503"},{"taxonomy":"yst_prominent_words","embeddable":true,"href":"https:\/\/ddt.lv\/lv\/wp-json\/wp\/v2\/yst_prominent_words?post=32503"}],"curies":[{"name":"wp","href":"https:\/\/api.w.org\/{rel}","templated":true}]}}