{"id":32500,"date":"2022-02-01T15:20:17","date_gmt":"2022-02-01T13:20:17","guid":{"rendered":"https:\/\/ddt.lv\/lv\/product\/iebuvets-sq-led-gaismeklis-36w-120-2700lm-3000k-301x301-kvadrats-inesa\/"},"modified":"2026-04-13T09:52:26","modified_gmt":"2026-04-13T06:52:26","slug":"iebuvets-sq-led-gaismeklis-36w-120-2700lm-3000k-301x301-kvadrats-inesa","status":"publish","type":"product","link":"https:\/\/ddt.lv\/lv\/product\/iebuvets-sq-led-gaismeklis-36w-120-2700lm-3000k-301x301-kvadrats-inesa\/","title":{"rendered":"Ieb\u016bv\u0113ts SQ LED gaismeklis 36W 120&#8242; 2700lm 3000K 301&#215;301 kvadr\u0101ts INESA"},"content":{"rendered":"<p>Nomin\u0101l\u0101 jauda 36,0 W.<br \/>\nNomin\u0101lais spriegums 220-240V.<br \/>\nDarba frekvence 50\/60Hz<br \/>\nNomin\u0101l\u0101 str\u0101va 700 mA.<br \/>\nJaudas koeficients 0,9.<br \/>\nNomin\u0101l\u0101 gaismas pl\u016bsma 2700 lm.<br \/>\nNomin\u0101lais staru k\u016b\u013ca le\u0146\u0137is (pusp\u012b\u0137a v\u0113rt\u012bba) 110\u00b0.<br \/>\nKorel\u0113t\u0101 kr\u0101su temperat\u016bra 3000K.<br \/>\nKr\u0101su temperat\u016bras apz\u012bm\u0113jums silti balts.<br \/>\nKr\u0101su atveido\u0161anas indekss (Ra) 80 Ra.<br \/>\nKop\u0113jais garums 301 mm.<br \/>\nKop\u0113jais platums 301 mm.<br \/>\nKop\u0113jais augstums 21 mm.<br \/>\nLampas forma Kvadr\u0101ts.<br \/>\nMont\u0101\u017eas izgriezums 282 mm x 282 mm.<br \/>\nNomin\u0101lais kalpo\u0161anas laiks 30 000 h.<\/p>\n<p><\/p>","protected":false},"excerpt":{"rendered":"<p>Nomin\u0101l\u0101 jauda 36,0 W. Nomin\u0101lais spriegums 220-240V. Darba frekvence 50\/60Hz Nomin\u0101l\u0101 str\u0101va 700 mA. Jaudas koeficients 0,9. Nomin\u0101l\u0101 gaismas pl\u016bsma 2700 lm. Nomin\u0101lais staru k\u016b\u013ca le\u0146\u0137is (pusp\u012b\u0137a v\u0113rt\u012bba) 110\u00b0. Korel\u0113t\u0101 kr\u0101su temperat\u016bra 3000K. Kr\u0101su temperat\u016bras apz\u012bm\u0113jums silti balts. Kr\u0101su atveido\u0161anas indekss (Ra) 80 Ra. Kop\u0113jais garums 301 mm. Kop\u0113jais platums 301 mm. Kop\u0113jais augstums 21 [&hellip;]<\/p>\n","protected":false},"featured_media":32571,"comment_status":"closed","ping_status":"closed","template":"","meta":{"inline_featured_image":false},"product_cat":[772,894],"product_tag":[],"yst_prominent_words":[],"class_list":{"0":"post-32500","1":"product","2":"type-product","3":"status-publish","4":"has-post-thumbnail","6":"product_cat-atlaides","7":"product_cat-led-iebuvejamie-gaismekli","9":"first","10":"instock","11":"sale","12":"taxable","13":"shipping-taxable","14":"purchasable","15":"product-type-simple"},"jetpack_sharing_enabled":true,"_links":{"self":[{"href":"https:\/\/ddt.lv\/lv\/wp-json\/wp\/v2\/product\/32500"}],"collection":[{"href":"https:\/\/ddt.lv\/lv\/wp-json\/wp\/v2\/product"}],"about":[{"href":"https:\/\/ddt.lv\/lv\/wp-json\/wp\/v2\/types\/product"}],"replies":[{"embeddable":true,"href":"https:\/\/ddt.lv\/lv\/wp-json\/wp\/v2\/comments?post=32500"}],"wp:featuredmedia":[{"embeddable":true,"href":"https:\/\/ddt.lv\/lv\/wp-json\/wp\/v2\/media\/32571"}],"wp:attachment":[{"href":"https:\/\/ddt.lv\/lv\/wp-json\/wp\/v2\/media?parent=32500"}],"wp:term":[{"taxonomy":"product_cat","embeddable":true,"href":"https:\/\/ddt.lv\/lv\/wp-json\/wp\/v2\/product_cat?post=32500"},{"taxonomy":"product_tag","embeddable":true,"href":"https:\/\/ddt.lv\/lv\/wp-json\/wp\/v2\/product_tag?post=32500"},{"taxonomy":"yst_prominent_words","embeddable":true,"href":"https:\/\/ddt.lv\/lv\/wp-json\/wp\/v2\/yst_prominent_words?post=32500"}],"curies":[{"name":"wp","href":"https:\/\/api.w.org\/{rel}","templated":true}]}}