{"id":32499,"date":"2022-02-01T15:20:17","date_gmt":"2022-02-01T13:20:17","guid":{"rendered":"https:\/\/ddt.lv\/lv\/product\/led-sylround-sup195-apals-iebubets-15w-1126lm-4k-ip44-balts-sylvania\/"},"modified":"2026-04-13T09:55:42","modified_gmt":"2026-04-13T06:55:42","slug":"led-sylround-sup195-apals-iebubets-15w-1126lm-4k-ip44-balts-sylvania","status":"publish","type":"product","link":"https:\/\/ddt.lv\/lv\/product\/led-sylround-sup195-apals-iebubets-15w-1126lm-4k-ip44-balts-sylvania\/","title":{"rendered":"LED SYLROUND SUP195 apa\u013c\u0161 ieb\u016bb\u0113ts 15W 1126lm 4K IP44 balts Sylvania"},"content":{"rendered":"<p>LED.<br \/>\nKorpuss PC Polikarbon\u0101ts<br \/>\nMount Griestu padzi\u013cin\u0101ta mont\u0101\u017ea.<br \/>\nVide Interjers.<br \/>\nVisp\u0101r\u0113js pielietojums viesm\u012bl\u012bbas, dz\u012bvojamo un pat\u0113r\u0113t\u0101ju jom\u0101.<br \/>\nGaismas pl\u016bsma (lm) 1126.<br \/>\nGaismek\u013cu efektivit\u0101te (lm\/W) 75.<br \/>\nLOR (%) 100.<br \/>\nKr\u0101su temperat\u016bra (K) 4000.<br \/>\nGaismas kr\u0101sa Neitr\u0101li balta.<br \/>\nCRI (Ra) 80.<br \/>\nElektrisk\u0101s aizsardz\u012bbas klase II.<br \/>\nKorpusa kr\u0101sa Balta.<br \/>\nIP reitings IP44.<\/p>\n<p><\/p>","protected":false},"excerpt":{"rendered":"<p>LED. Korpuss PC Polikarbon\u0101ts Mount Griestu padzi\u013cin\u0101ta mont\u0101\u017ea. Vide Interjers. Visp\u0101r\u0113js pielietojums viesm\u012bl\u012bbas, dz\u012bvojamo un pat\u0113r\u0113t\u0101ju jom\u0101. Gaismas pl\u016bsma (lm) 1126. Gaismek\u013cu efektivit\u0101te (lm\/W) 75. LOR (%) 100. Kr\u0101su temperat\u016bra (K) 4000. Gaismas kr\u0101sa Neitr\u0101li balta. CRI (Ra) 80. Elektrisk\u0101s aizsardz\u012bbas klase II. Korpusa kr\u0101sa Balta. IP reitings IP44.<\/p>\n","protected":false},"featured_media":32568,"comment_status":"closed","ping_status":"closed","template":"","meta":{"inline_featured_image":false},"product_cat":[772,894],"product_tag":[],"yst_prominent_words":[],"class_list":{"0":"post-32499","1":"product","2":"type-product","3":"status-publish","4":"has-post-thumbnail","6":"product_cat-atlaides","7":"product_cat-led-iebuvejamie-gaismekli","9":"first","10":"instock","11":"sale","12":"taxable","13":"shipping-taxable","14":"purchasable","15":"product-type-simple"},"jetpack_sharing_enabled":true,"_links":{"self":[{"href":"https:\/\/ddt.lv\/lv\/wp-json\/wp\/v2\/product\/32499"}],"collection":[{"href":"https:\/\/ddt.lv\/lv\/wp-json\/wp\/v2\/product"}],"about":[{"href":"https:\/\/ddt.lv\/lv\/wp-json\/wp\/v2\/types\/product"}],"replies":[{"embeddable":true,"href":"https:\/\/ddt.lv\/lv\/wp-json\/wp\/v2\/comments?post=32499"}],"wp:featuredmedia":[{"embeddable":true,"href":"https:\/\/ddt.lv\/lv\/wp-json\/wp\/v2\/media\/32568"}],"wp:attachment":[{"href":"https:\/\/ddt.lv\/lv\/wp-json\/wp\/v2\/media?parent=32499"}],"wp:term":[{"taxonomy":"product_cat","embeddable":true,"href":"https:\/\/ddt.lv\/lv\/wp-json\/wp\/v2\/product_cat?post=32499"},{"taxonomy":"product_tag","embeddable":true,"href":"https:\/\/ddt.lv\/lv\/wp-json\/wp\/v2\/product_tag?post=32499"},{"taxonomy":"yst_prominent_words","embeddable":true,"href":"https:\/\/ddt.lv\/lv\/wp-json\/wp\/v2\/yst_prominent_words?post=32499"}],"curies":[{"name":"wp","href":"https:\/\/api.w.org\/{rel}","templated":true}]}}