{"id":32364,"date":"2022-01-27T14:40:30","date_gmt":"2022-01-27T12:40:30","guid":{"rendered":"https:\/\/ddt.lv\/lv\/product\/skidro-ziepju-dozetajs-ar-sensoru-250ml-25-4xaaa-balts-platinet\/"},"modified":"2026-04-08T14:41:37","modified_gmt":"2026-04-08T11:41:37","slug":"skidro-ziepju-dozetajs-ar-sensoru-250ml-25-4xaaa-balts-platinet","status":"publish","type":"product","link":"https:\/\/ddt.lv\/lv\/product\/skidro-ziepju-dozetajs-ar-sensoru-250ml-25-4xaaa-balts-platinet\/","title":{"rendered":"\u0160\u0137idro ziepju doz\u0113t\u0101js ar sensoru 250ml 25\u00b0 4xAAA balts Platinet"},"content":{"rendered":"<p>Platinet PHS280 bezkontakta ziepju dozators \u013cauj viegli un dro\u0161i mazg\u0101t rokas. Ier\u012bce autom\u0101tiski doz\u0113 ziepes un nepil. Piem\u0113rots lieto\u0161anai gan virtuv\u0113, gan vannas istab\u0101. Lai lietotu, novietojiet roku zem dozatora, un \u0161\u0137idrums tiks autom\u0101tiski izs\u016bkn\u0113ts. Dozatoru ir viegli uzst\u0101d\u012bt, un to darbina \u010detras AAA baterijas. Ziepju dozatoru var izmantot ar\u012b trauku mazg\u0101\u0161anas l\u012bdzek\u013ca vai roku kr\u0113ma doz\u0113\u0161anai.<\/p>\n<p>    Izgatavots no ABS plastmasas.<br \/>\n    Tilpums: 250 ml.<br \/>\n    Jauda: 4 \u00d7 AAA baterijas.<br \/>\n    Izm\u0113ri: 85 \u00d7 85 \u00d7 200 mm.<br \/>\n    Svars: 280 g.<\/p>\n<p><\/p>","protected":false},"excerpt":{"rendered":"<p>Platinet PHS280 bezkontakta ziepju dozators \u013cauj viegli un dro\u0161i mazg\u0101t rokas. Ier\u012bce autom\u0101tiski doz\u0113 ziepes un nepil. Piem\u0113rots lieto\u0161anai gan virtuv\u0113, gan vannas istab\u0101. Lai lietotu, novietojiet roku zem dozatora, un \u0161\u0137idrums tiks autom\u0101tiski izs\u016bkn\u0113ts. Dozatoru ir viegli uzst\u0101d\u012bt, un to darbina \u010detras AAA baterijas. Ziepju dozatoru var izmantot ar\u012b trauku mazg\u0101\u0161anas l\u012bdzek\u013ca vai roku [&hellip;]<\/p>\n","protected":false},"featured_media":32365,"comment_status":"closed","ping_status":"closed","template":"","meta":{"inline_featured_image":false},"product_cat":[1476],"product_tag":[],"yst_prominent_words":[],"class_list":{"0":"post-32364","1":"product","2":"type-product","3":"status-publish","4":"has-post-thumbnail","6":"product_cat-ziepju-dozetaji","8":"first","9":"instock","10":"taxable","11":"shipping-taxable","12":"purchasable","13":"product-type-simple"},"jetpack_sharing_enabled":true,"_links":{"self":[{"href":"https:\/\/ddt.lv\/lv\/wp-json\/wp\/v2\/product\/32364"}],"collection":[{"href":"https:\/\/ddt.lv\/lv\/wp-json\/wp\/v2\/product"}],"about":[{"href":"https:\/\/ddt.lv\/lv\/wp-json\/wp\/v2\/types\/product"}],"replies":[{"embeddable":true,"href":"https:\/\/ddt.lv\/lv\/wp-json\/wp\/v2\/comments?post=32364"}],"wp:featuredmedia":[{"embeddable":true,"href":"https:\/\/ddt.lv\/lv\/wp-json\/wp\/v2\/media\/32365"}],"wp:attachment":[{"href":"https:\/\/ddt.lv\/lv\/wp-json\/wp\/v2\/media?parent=32364"}],"wp:term":[{"taxonomy":"product_cat","embeddable":true,"href":"https:\/\/ddt.lv\/lv\/wp-json\/wp\/v2\/product_cat?post=32364"},{"taxonomy":"product_tag","embeddable":true,"href":"https:\/\/ddt.lv\/lv\/wp-json\/wp\/v2\/product_tag?post=32364"},{"taxonomy":"yst_prominent_words","embeddable":true,"href":"https:\/\/ddt.lv\/lv\/wp-json\/wp\/v2\/yst_prominent_words?post=32364"}],"curies":[{"name":"wp","href":"https:\/\/api.w.org\/{rel}","templated":true}]}}