{"id":32360,"date":"2022-01-27T14:30:32","date_gmt":"2022-01-27T12:30:32","guid":{"rendered":"https:\/\/ddt.lv\/lv\/product\/infrasarkanais-bez-kontakta-kermena-termometrs-32-42-9-2xaaa-platinet\/"},"modified":"2026-04-06T11:01:54","modified_gmt":"2026-04-06T08:01:54","slug":"infrasarkanais-bez-kontakta-kermena-termometrs-32-42-9-2xaaa-platinet","status":"publish","type":"product","link":"https:\/\/ddt.lv\/lv\/product\/infrasarkanais-bez-kontakta-kermena-termometrs-32-42-9-2xaaa-platinet\/","title":{"rendered":"Infrasarkanais bez kontakta \u0137erme\u0146a termometrs 32-42.9\u00b0 2xAAA Platinet"},"content":{"rendered":"<p>Higi\u0113nisks bezkontakta infrasarkanais termometrs. Bezkontakta elektroniskais termometrs izmanto infrasarkano tehnolo\u0123iju \u0137erme\u0146a vai virsmas temperat\u016bras m\u0113r\u012b\u0161anai. M\u0113r\u012bjumu rezult\u0101ts tiek par\u0101d\u012bts ekr\u0101n\u0101, kas sniedz ar\u012b inform\u0101ciju par bateriju st\u0101vokli. Ier\u012bce ir paredz\u0113ta lieto\u0161anai m\u0101j\u0101s, tai ir sensors, kas to autom\u0101tiski izsl\u0113dz p\u0113c aptuveni 15 sekun\u017eu neaktivit\u0101tes, kas pagarina bateriju darb\u012bbas laiku.<\/p>\n<p>Tehnisk\u0101s specifik\u0101cijas:<br \/>\nDarba vides temperat\u016bra: 16 \u00b0 C -35 \u00b0 C.<br \/>\nDarba atmosf\u0113ras spiediens: 70 kPa-106 kPa.<br \/>\nDarba gaisa mitrums: l\u012bdz 85%.<br \/>\nBaro\u0161anas spriegums: 3,0 V DC (2 AAA s\u0101rma baterijas); Izm\u0113rs: 149 x 77 x 43 mm; Svars: 105 g .<br \/>\nM\u0113r\u012b\u0161anas diapazons: \u0136erme\u0146a temperat\u016bra: 32 \u00b0 C &#8211; 42,9 \u00b0 C.<br \/>\nM\u0113r\u012bjumu precizit\u0101te: 35,0-42,0 \u00b0 C: \u00b1 0,2 \u00b0 C;.<br \/>\n\u0101rpus diapazona 35,0-42,0 \u00b0 C: \u00b1 0,3 \u00b0 C.<br \/>\nM\u0113r\u012b\u0161anas att\u0101lums: 3-5 cm.<br \/>\nM\u0113r\u012b\u0161anas laiks:<\/p>","protected":false},"excerpt":{"rendered":"<p>Higi\u0113nisks bezkontakta infrasarkanais termometrs. Bezkontakta elektroniskais termometrs izmanto infrasarkano tehnolo\u0123iju \u0137erme\u0146a vai virsmas temperat\u016bras m\u0113r\u012b\u0161anai. M\u0113r\u012bjumu rezult\u0101ts tiek par\u0101d\u012bts ekr\u0101n\u0101, kas sniedz ar\u012b inform\u0101ciju par bateriju st\u0101vokli. Ier\u012bce ir paredz\u0113ta lieto\u0161anai m\u0101j\u0101s, tai ir sensors, kas to autom\u0101tiski izsl\u0113dz p\u0113c aptuveni 15 sekun\u017eu neaktivit\u0101tes, kas pagarina bateriju darb\u012bbas laiku. Tehnisk\u0101s specifik\u0101cijas: Darba vides temperat\u016bra: 16 [&hellip;]<\/p>\n","protected":false},"featured_media":32380,"comment_status":"closed","ping_status":"closed","template":"","meta":{"inline_featured_image":false},"product_cat":[541],"product_tag":[],"yst_prominent_words":[],"class_list":{"0":"post-32360","1":"product","2":"type-product","3":"status-publish","4":"has-post-thumbnail","6":"product_cat-termometri-meteostacijas","8":"first","9":"outofstock","10":"taxable","11":"shipping-taxable","12":"purchasable","13":"product-type-simple"},"jetpack_sharing_enabled":true,"_links":{"self":[{"href":"https:\/\/ddt.lv\/lv\/wp-json\/wp\/v2\/product\/32360"}],"collection":[{"href":"https:\/\/ddt.lv\/lv\/wp-json\/wp\/v2\/product"}],"about":[{"href":"https:\/\/ddt.lv\/lv\/wp-json\/wp\/v2\/types\/product"}],"replies":[{"embeddable":true,"href":"https:\/\/ddt.lv\/lv\/wp-json\/wp\/v2\/comments?post=32360"}],"wp:featuredmedia":[{"embeddable":true,"href":"https:\/\/ddt.lv\/lv\/wp-json\/wp\/v2\/media\/32380"}],"wp:attachment":[{"href":"https:\/\/ddt.lv\/lv\/wp-json\/wp\/v2\/media?parent=32360"}],"wp:term":[{"taxonomy":"product_cat","embeddable":true,"href":"https:\/\/ddt.lv\/lv\/wp-json\/wp\/v2\/product_cat?post=32360"},{"taxonomy":"product_tag","embeddable":true,"href":"https:\/\/ddt.lv\/lv\/wp-json\/wp\/v2\/product_tag?post=32360"},{"taxonomy":"yst_prominent_words","embeddable":true,"href":"https:\/\/ddt.lv\/lv\/wp-json\/wp\/v2\/yst_prominent_words?post=32360"}],"curies":[{"name":"wp","href":"https:\/\/api.w.org\/{rel}","templated":true}]}}