{"id":32359,"date":"2022-01-27T14:30:32","date_gmt":"2022-01-27T12:30:32","guid":{"rendered":"https:\/\/ddt.lv\/lv\/product\/bluetooth-skalrunis-crude-2x15w-5400mah-usb-aux-platinet\/"},"modified":"2026-04-06T11:01:54","modified_gmt":"2026-04-06T08:01:54","slug":"bluetooth-skalrunis-crude-2x15w-5400mah-usb-aux-platinet","status":"publish","type":"product","link":"https:\/\/ddt.lv\/lv\/product\/bluetooth-skalrunis-crude-2x15w-5400mah-usb-aux-platinet\/","title":{"rendered":"Bluetooth Ska\u013crunis CRUDE 2x15W 5400mAh USB\/AUX Platinet"},"content":{"rendered":"<p>Unik\u0101ls dizains .Izstr\u0101d\u0101jot ska\u013cruni Crude, tika nolemts tam pie\u0161\u0137irt piln\u012bb\u0101 klasisko \u0123it\u0101ru pastiprin\u0101t\u0101ju atg\u0101dino\u0161u izskatu. Kombin\u0101cija, ko veido tum\u0161s \u0101das imit\u0101cijas materi\u0101ls ar pel\u0113ku mask\u0113jumu un analog\u0101s pogas, padara Crude par eleganta izskata ier\u012bci. Jaud\u012bga ska\u0146a Modelis Crude ir apr\u012bkots ar diviem ska\u013cru\u0146iem ar kop\u0113jo jaudu 30 W. Augstas kvalit\u0101tes komponentes \u0123ener\u0113 dinamisku, ska\u013cu un skaidru ska\u0146u, kas bag\u0101tin\u0101ta ar dzi\u013ciem basiem. Analogais re\u017e\u012bms un ska\u013cuma pogas padara darbin\u0101m\u012bbu v\u0113l prec\u012bz\u0101ku. Aizmirstiet par kabe\u013ciem Platinet Crude ir jaunas paaudzes ska\u013crunis, kur\u0101 izmantota Bluetooth 4.0 tehnolo\u0123ija. Pievienojiet savu viedt\u0101lruni, plan\u0161etdatoru vai kl\u0113pjdatoru un atska\u0146ojiet savu iecien\u012bt\u0101ko m\u016bziku, atrodoties l\u012bdz pat 10 metru att\u0101lum\u0101 no ska\u013cru\u0146a. Izj\u016btiet br\u012bv\u012bbu M\u0101j\u0101s, piknik\u0101 vai varb\u016bt \u0101ra ball\u012bt\u0113? Ska\u013cruni Crude varat \u0146emt sev l\u012bdzi, lai kurp j\u016bs dotos, neraiz\u0113joties par elektr\u012bbas rozetes pieejam\u012bbu. Ieb\u016bv\u0113tais jaud\u012bgais akumulators ar 5400 mAh ietilp\u012bbu \u013cauj nep\u0101rtraukti atska\u0146ot m\u016bziku vair\u0101ku stundu garum\u0101. M\u016bzika no vair\u0101kiem avotiem Platinet Crude ir apr\u012bkots ar USB savienojumu m\u016bzikas atska\u0146o\u0161anai no zibatmi\u0146as. Varat ar\u012b pievienot mediju atska\u0146ot\u0101ju (piem., iPod) pie 3,5 mm AUX savienojuma, lai atska\u0146otu savu iem\u012b\u013cot\u0101ko m\u016bziku.<br \/>\n<\/p>","protected":false},"excerpt":{"rendered":"<p>Unik\u0101ls dizains .Izstr\u0101d\u0101jot ska\u013cruni Crude, tika nolemts tam pie\u0161\u0137irt piln\u012bb\u0101 klasisko \u0123it\u0101ru pastiprin\u0101t\u0101ju atg\u0101dino\u0161u izskatu. Kombin\u0101cija, ko veido tum\u0161s \u0101das imit\u0101cijas materi\u0101ls ar pel\u0113ku mask\u0113jumu un analog\u0101s pogas, padara Crude par eleganta izskata ier\u012bci. Jaud\u012bga ska\u0146a Modelis Crude ir apr\u012bkots ar diviem ska\u013cru\u0146iem ar kop\u0113jo jaudu 30 W. Augstas kvalit\u0101tes komponentes \u0123ener\u0113 dinamisku, ska\u013cu un [&hellip;]<\/p>\n","protected":false},"featured_media":32384,"comment_status":"closed","ping_status":"closed","template":"","meta":{"inline_featured_image":false},"product_cat":[845],"product_tag":[],"yst_prominent_words":[],"class_list":{"0":"post-32359","1":"product","2":"type-product","3":"status-publish","4":"has-post-thumbnail","6":"product_cat-radio-bluetooth-skalruni","8":"first","9":"outofstock","10":"taxable","11":"shipping-taxable","12":"purchasable","13":"product-type-simple"},"jetpack_sharing_enabled":true,"_links":{"self":[{"href":"https:\/\/ddt.lv\/lv\/wp-json\/wp\/v2\/product\/32359"}],"collection":[{"href":"https:\/\/ddt.lv\/lv\/wp-json\/wp\/v2\/product"}],"about":[{"href":"https:\/\/ddt.lv\/lv\/wp-json\/wp\/v2\/types\/product"}],"replies":[{"embeddable":true,"href":"https:\/\/ddt.lv\/lv\/wp-json\/wp\/v2\/comments?post=32359"}],"wp:featuredmedia":[{"embeddable":true,"href":"https:\/\/ddt.lv\/lv\/wp-json\/wp\/v2\/media\/32384"}],"wp:attachment":[{"href":"https:\/\/ddt.lv\/lv\/wp-json\/wp\/v2\/media?parent=32359"}],"wp:term":[{"taxonomy":"product_cat","embeddable":true,"href":"https:\/\/ddt.lv\/lv\/wp-json\/wp\/v2\/product_cat?post=32359"},{"taxonomy":"product_tag","embeddable":true,"href":"https:\/\/ddt.lv\/lv\/wp-json\/wp\/v2\/product_tag?post=32359"},{"taxonomy":"yst_prominent_words","embeddable":true,"href":"https:\/\/ddt.lv\/lv\/wp-json\/wp\/v2\/yst_prominent_words?post=32359"}],"curies":[{"name":"wp","href":"https:\/\/api.w.org\/{rel}","templated":true}]}}