{"id":32358,"date":"2022-01-27T14:30:31","date_gmt":"2022-01-27T12:30:31","guid":{"rendered":"https:\/\/ddt.lv\/lv\/product\/32358\/"},"modified":"2026-04-13T10:01:46","modified_gmt":"2026-04-13T07:01:46","slug":"32358","status":"publish","type":"product","link":"https:\/\/ddt.lv\/lv\/product\/bluetooth-karaoke-skalrunis-50w-extra-bass-fm-usb-aux-rgb-platinet\/","title":{"rendered":"Bluetooth Karaoke Ska\u013crunis 50w extra bass FM\/USB\/AUX RGB Platinet"},"content":{"rendered":"<p>Jaud\u012bga ska\u0146a .PMG50 modelis ir apr\u012bkots ar stabiliem ska\u013cru\u0146iem, kuru kop\u0113j\u0101 jauda ir 50 W. Pateicoties tam, raid\u012bt\u0101 ska\u0146a ir ska\u013ca, skaidra, dinamiska un bag\u0101tin\u0101ta ar j\u016btamiem basiem. Izv\u0113les br\u012bv\u012bba Platinet PMG50 ska\u013crunis var atska\u0146ot m\u016bziku bezvadu re\u017e\u012bm\u0101, izmantojot Bluetooth 5.0 tehnolo\u0123iju, vai ar\u012b vadu re\u017e\u012bm\u0101, pateicoties AUX savienot\u0101jam, kas, izmantojot 3,5 mm mini jack kabeli, \u013cauj piesl\u0113gt jebkuru m\u016bzikas ier\u012bci, piem\u0113ram, MP4 atska\u0146ot\u0101ju. Ska\u013cru\u0146a \u013cauj atska\u0146ot m\u016bziku ar\u012b no \u0101r\u0113jiem datu nes\u0113jiem &#8211; MicroSD atmi\u0146as kart\u0113m un USB zibatmi\u0146as diskiem. Mikrofona savienojums Ar PMG50 ska\u013cruni varat k\u013c\u016bt par izpild\u012bt\u0101ju. Ieb\u016bv\u0113tais 6,3 mm jack savienot\u0101js \u013cauj pievienot mikrofonu. Run\u0101\u0161ana, \u010dukst\u0113\u0161ana, dzied\u0101\u0161ana tiks p\u0101rv\u0113rsta ska\u013c\u0101 un skaidr\u0101 ska\u0146\u0101. \u0112rts dizains \u0112rts rokturis, kas integr\u0113ts korpus\u0101, \u013cauj \u0113rti p\u0101rn\u0113s\u0101t ska\u013cruni uz jebkuru vietu. Hitu ritm\u0101 Ieb\u016bv\u0113ts FM uztv\u0113r\u0113js \u013cauj klaus\u012bties iecien\u012bt\u0101k\u0101s radiostacijas jebkur\u0101 viet\u0101. Bluetooth 5.0 .Atska\u0146o\u0161ana no USB un atmi\u0146as kart\u0113m. FM radio .Karaoke funkcija (mikrofona savienojums). RGB aizmugur\u0113jais apgaismojums.Darb\u012bbas diapazons: 10 metri .Integr\u0113ts akumulators: 4400 mAh. Izm\u0113ri: 23 \u00d7 28,7 \u00d7 63,2 mm .<\/p>","protected":false},"excerpt":{"rendered":"<p>Jaud\u012bga ska\u0146a .PMG50 modelis ir apr\u012bkots ar stabiliem ska\u013cru\u0146iem, kuru kop\u0113j\u0101 jauda ir 50 W. Pateicoties tam, raid\u012bt\u0101 ska\u0146a ir ska\u013ca, skaidra, dinamiska un bag\u0101tin\u0101ta ar j\u016btamiem basiem. Izv\u0113les br\u012bv\u012bba Platinet PMG50 ska\u013crunis var atska\u0146ot m\u016bziku bezvadu re\u017e\u012bm\u0101, izmantojot Bluetooth 5.0 tehnolo\u0123iju, vai ar\u012b vadu re\u017e\u012bm\u0101, pateicoties AUX savienot\u0101jam, kas, izmantojot 3,5 mm mini jack [&hellip;]<\/p>\n","protected":false},"featured_media":32390,"comment_status":"closed","ping_status":"closed","template":"","meta":{"inline_featured_image":false},"product_cat":[845],"product_tag":[],"yst_prominent_words":[],"class_list":{"0":"post-32358","1":"product","2":"type-product","3":"status-publish","4":"has-post-thumbnail","6":"product_cat-radio-bluetooth-skalruni","8":"first","9":"outofstock","10":"taxable","11":"shipping-taxable","12":"purchasable","13":"product-type-simple"},"jetpack_sharing_enabled":true,"_links":{"self":[{"href":"https:\/\/ddt.lv\/lv\/wp-json\/wp\/v2\/product\/32358"}],"collection":[{"href":"https:\/\/ddt.lv\/lv\/wp-json\/wp\/v2\/product"}],"about":[{"href":"https:\/\/ddt.lv\/lv\/wp-json\/wp\/v2\/types\/product"}],"replies":[{"embeddable":true,"href":"https:\/\/ddt.lv\/lv\/wp-json\/wp\/v2\/comments?post=32358"}],"wp:featuredmedia":[{"embeddable":true,"href":"https:\/\/ddt.lv\/lv\/wp-json\/wp\/v2\/media\/32390"}],"wp:attachment":[{"href":"https:\/\/ddt.lv\/lv\/wp-json\/wp\/v2\/media?parent=32358"}],"wp:term":[{"taxonomy":"product_cat","embeddable":true,"href":"https:\/\/ddt.lv\/lv\/wp-json\/wp\/v2\/product_cat?post=32358"},{"taxonomy":"product_tag","embeddable":true,"href":"https:\/\/ddt.lv\/lv\/wp-json\/wp\/v2\/product_tag?post=32358"},{"taxonomy":"yst_prominent_words","embeddable":true,"href":"https:\/\/ddt.lv\/lv\/wp-json\/wp\/v2\/yst_prominent_words?post=32358"}],"curies":[{"name":"wp","href":"https:\/\/api.w.org\/{rel}","templated":true}]}}