{"id":32357,"date":"2022-01-27T14:30:30","date_gmt":"2022-01-27T12:30:30","guid":{"rendered":"https:\/\/ddt.lv\/lv\/product\/bluetooth-skalrunis-duo-2x3w-20w-subwoofer-aux-1050mah-platinet\/"},"modified":"2026-04-06T11:01:53","modified_gmt":"2026-04-06T08:01:53","slug":"bluetooth-skalrunis-duo-2x3w-20w-subwoofer-aux-1050mah-platinet","status":"publish","type":"product","link":"https:\/\/ddt.lv\/lv\/product\/bluetooth-skalrunis-duo-2x3w-20w-subwoofer-aux-1050mah-platinet\/","title":{"rendered":"Bluetooth Ska\u013crunis DUO 2x3W+20W subwoofer AUX 1050mAh Platinet"},"content":{"rendered":"<p>Stil\u012bgs Bluetooth ska\u013crunis ar dokstaciju un Subwoofer 2in1.<br \/>\nPLATINET DUO faktiski ir divas ier\u012bces, kas apvienotas vien\u0101 daudzfunkcion\u0101laj\u0101 iek\u0101rt\u0101. B\u0101ze ir ska\u013crunis, kas var darboties piln\u012bgi neatkar\u012bgi. Pateicoties t\u0101 kompaktajam izm\u0113ram un zemam svaram, j\u016bs to varat izmantot jebkur\u0101 viet\u0101. Jebkur\u0101 laik\u0101 j\u016bs varat papla\u0161in\u0101t savas iesp\u0113jas un ievietot to dok\u0101, kas darbojas ar\u012b k\u0101 20 W ska\u0146as frekvences. \u0160\u012b kombin\u0101cija \u013caus jums uz\u0146emt visas dejas dal\u012bbniekus.<br \/>\nPLATINET DUO ska\u013crunis ir apr\u012bkots ar diviem stereo ska\u013cru\u0146iem, kuru faktisk\u0101 jauda ir 6 W. Papildus tam dokstacij\u0101 ir 20 W ska\u0146as frekven\u010du ska\u013crunis. \u0160\u012b kombin\u0101cija pied\u0101v\u0101 dinamisku, ska\u013cu un skaidru ska\u0146u, kas apvienota ar sp\u0113c\u012bgu izteiksm\u012bgu basu.<br \/>\nDUO ska\u013cru\u0146a korpuss ir p\u0101rkl\u0101ts ar est\u0113tisku audumu, kas ir pat\u012bkami pieskarties un aizsarg\u0101 ier\u012bci, cita starp\u0101 pret skr\u0101p\u0113jumiem. Liel\u0101s pogas, kas novietotas uz t\u0101s aug\u0161\u0113j\u0101s virsmas, \u013cauj jums vad\u012bt m\u016bziku bez vajadz\u012bbas apl\u016bkot ier\u012bci.<br \/>\nPLATINET DUO ir jaun\u0101s paaudzes ska\u013crunis, kur\u0101 m\u0113s izmantoj\u0101m Bluetooth 4.2. Bezvadu savienojiet viedt\u0101lruni, plan\u0161etdatoru vai kl\u0113pjdatoru un atska\u0146ojiet savu iecien\u012bto m\u016bziku l\u012bdz pat 10 metru att\u0101lumam no ska\u013cruni.<br \/>\nM\u0101jas, pikniks vai varb\u016bt \u0101ra puse? J\u016bs varat lietot DUO ska\u013cruni ar jums, kur vien v\u0113laties, neuztraucoties par elektr\u012bbas kontaktligzdas kl\u0101tb\u016btni. Ieb\u016bv\u0113ta uzl\u0101d\u0113jama akumulatora jauda 1050 mAh \u013cauj atska\u0146ot nep\u0101rtrauktu m\u016bziku vair\u0101kas stundas.<br \/>\nVai v\u0113laties piesl\u0113gt MP3 atska\u0146ot\u0101ju, iPod vai citu m\u016bzikas atska\u0146ot\u0101ju, kam nav ska\u013cru\u0146a Bluetooth savienojuma? M\u0113s zin\u0101m risin\u0101jumu! PLATINET DUO ir l\u012bnijas savienot\u0101js (AUX IN), pateicoties tam, t\u0101 k\u013c\u016bst par simtprocent\u012bgu univers\u0101lo apr\u012bkojumu.<br \/>\nTEHNISK\u0100S SPECIFIK\u0100CIJAS<br \/>\nSka\u013cru\u0146i: 2 x 3 W (ska\u013crunis) + 20 W ska\u0146as frekvence (dokstacija).Bluetooth 4.2.Diapazons: l\u012bdz 10 metriem.AUX-INAkumulators: 1050 mAh.Izm\u0113ri: 180 x 35 x 65 mm. (ska\u013crunis), 220 x 112,5 x 157,5 mm (dokstacija).Svars: 240 g(ska\u013crunis), 1,5 kg (dokstacija).<\/p>","protected":false},"excerpt":{"rendered":"<p>Stil\u012bgs Bluetooth ska\u013crunis ar dokstaciju un Subwoofer 2in1. PLATINET DUO faktiski ir divas ier\u012bces, kas apvienotas vien\u0101 daudzfunkcion\u0101laj\u0101 iek\u0101rt\u0101. B\u0101ze ir ska\u013crunis, kas var darboties piln\u012bgi neatkar\u012bgi. Pateicoties t\u0101 kompaktajam izm\u0113ram un zemam svaram, j\u016bs to varat izmantot jebkur\u0101 viet\u0101. Jebkur\u0101 laik\u0101 j\u016bs varat papla\u0161in\u0101t savas iesp\u0113jas un ievietot to dok\u0101, kas darbojas ar\u012b k\u0101 [&hellip;]<\/p>\n","protected":false},"featured_media":32397,"comment_status":"closed","ping_status":"closed","template":"","meta":{"inline_featured_image":false},"product_cat":[845],"product_tag":[],"yst_prominent_words":[],"class_list":{"0":"post-32357","1":"product","2":"type-product","3":"status-publish","4":"has-post-thumbnail","6":"product_cat-radio-bluetooth-skalruni","8":"first","9":"instock","10":"taxable","11":"shipping-taxable","12":"purchasable","13":"product-type-simple"},"jetpack_sharing_enabled":true,"_links":{"self":[{"href":"https:\/\/ddt.lv\/lv\/wp-json\/wp\/v2\/product\/32357"}],"collection":[{"href":"https:\/\/ddt.lv\/lv\/wp-json\/wp\/v2\/product"}],"about":[{"href":"https:\/\/ddt.lv\/lv\/wp-json\/wp\/v2\/types\/product"}],"replies":[{"embeddable":true,"href":"https:\/\/ddt.lv\/lv\/wp-json\/wp\/v2\/comments?post=32357"}],"wp:featuredmedia":[{"embeddable":true,"href":"https:\/\/ddt.lv\/lv\/wp-json\/wp\/v2\/media\/32397"}],"wp:attachment":[{"href":"https:\/\/ddt.lv\/lv\/wp-json\/wp\/v2\/media?parent=32357"}],"wp:term":[{"taxonomy":"product_cat","embeddable":true,"href":"https:\/\/ddt.lv\/lv\/wp-json\/wp\/v2\/product_cat?post=32357"},{"taxonomy":"product_tag","embeddable":true,"href":"https:\/\/ddt.lv\/lv\/wp-json\/wp\/v2\/product_tag?post=32357"},{"taxonomy":"yst_prominent_words","embeddable":true,"href":"https:\/\/ddt.lv\/lv\/wp-json\/wp\/v2\/yst_prominent_words?post=32357"}],"curies":[{"name":"wp","href":"https:\/\/api.w.org\/{rel}","templated":true}]}}