{"id":32356,"date":"2022-01-27T14:30:30","date_gmt":"2022-01-27T12:30:30","guid":{"rendered":"https:\/\/ddt.lv\/lv\/product\/32356\/"},"modified":"2026-04-06T11:01:53","modified_gmt":"2026-04-06T08:01:53","slug":"32356","status":"publish","type":"product","link":"https:\/\/ddt.lv\/lv\/product\/mini-bluetooth-skalrunis-usb-3w-95db-apals-oranzs-omega\/","title":{"rendered":"Mini bluetooth ska\u013crunis USB 3W 95dB apa\u013c\u0161 oran\u017es OMEGA"},"content":{"rendered":"<p>\u0160is kompaktais, ta\u010du \u013coti kvalitat\u012bvais alum\u012bnija Bluetooth ska\u013crunis ir sader\u012bgs ar mobilajiem telefoniem, viedt\u0101lru\u0146iem, plan\u0161etdatoriem un cit\u0101m ier\u012bc\u0113m ar Bluetooth funkciju. Br\u012bvroku funkcija. FM radio. microSD kar\u0161u las\u012bt\u0101js. Izejas jauda: 3 W. Frekven\u010du diapazons: 280 \u2013 16 000 Hz. Aux savienot\u0101js. Darb\u012bbas r\u0101diuss l\u012bdz 10 m. Darb\u012bbas laiks: ~5 stundas.Akumulatora ietilp\u012bba: 350 mAh. Akumulatora uzl\u0101des laiks: ~2 stundas. Izm\u0113ri: 60 \u00d7 60 \u00d7 50 mm .Svars: 230 g.<\/p>","protected":false},"excerpt":{"rendered":"<p>\u0160is kompaktais, ta\u010du \u013coti kvalitat\u012bvais alum\u012bnija Bluetooth ska\u013crunis ir sader\u012bgs ar mobilajiem telefoniem, viedt\u0101lru\u0146iem, plan\u0161etdatoriem un cit\u0101m ier\u012bc\u0113m ar Bluetooth funkciju. Br\u012bvroku funkcija. FM radio. microSD kar\u0161u las\u012bt\u0101js. Izejas jauda: 3 W. Frekven\u010du diapazons: 280 \u2013 16 000 Hz. Aux savienot\u0101js. Darb\u012bbas r\u0101diuss l\u012bdz 10 m. Darb\u012bbas laiks: ~5 stundas.Akumulatora ietilp\u012bba: 350 mAh. Akumulatora uzl\u0101des [&hellip;]<\/p>\n","protected":false},"featured_media":32396,"comment_status":"closed","ping_status":"closed","template":"","meta":{"inline_featured_image":false},"product_cat":[845],"product_tag":[],"yst_prominent_words":[],"class_list":{"0":"post-32356","1":"product","2":"type-product","3":"status-publish","4":"has-post-thumbnail","6":"product_cat-radio-bluetooth-skalruni","8":"first","9":"outofstock","10":"taxable","11":"shipping-taxable","12":"purchasable","13":"product-type-simple"},"jetpack_sharing_enabled":true,"_links":{"self":[{"href":"https:\/\/ddt.lv\/lv\/wp-json\/wp\/v2\/product\/32356"}],"collection":[{"href":"https:\/\/ddt.lv\/lv\/wp-json\/wp\/v2\/product"}],"about":[{"href":"https:\/\/ddt.lv\/lv\/wp-json\/wp\/v2\/types\/product"}],"replies":[{"embeddable":true,"href":"https:\/\/ddt.lv\/lv\/wp-json\/wp\/v2\/comments?post=32356"}],"wp:featuredmedia":[{"embeddable":true,"href":"https:\/\/ddt.lv\/lv\/wp-json\/wp\/v2\/media\/32396"}],"wp:attachment":[{"href":"https:\/\/ddt.lv\/lv\/wp-json\/wp\/v2\/media?parent=32356"}],"wp:term":[{"taxonomy":"product_cat","embeddable":true,"href":"https:\/\/ddt.lv\/lv\/wp-json\/wp\/v2\/product_cat?post=32356"},{"taxonomy":"product_tag","embeddable":true,"href":"https:\/\/ddt.lv\/lv\/wp-json\/wp\/v2\/product_tag?post=32356"},{"taxonomy":"yst_prominent_words","embeddable":true,"href":"https:\/\/ddt.lv\/lv\/wp-json\/wp\/v2\/yst_prominent_words?post=32356"}],"curies":[{"name":"wp","href":"https:\/\/api.w.org\/{rel}","templated":true}]}}