{"id":32355,"date":"2022-01-27T14:30:29","date_gmt":"2022-01-27T12:30:29","guid":{"rendered":"https:\/\/ddt.lv\/lv\/product\/bluetooth-skalrunis-bazooka-525-25w-usb-fm-aux-omega\/"},"modified":"2026-04-06T11:01:53","modified_gmt":"2026-04-06T08:01:53","slug":"bluetooth-skalrunis-bazooka-525-25w-usb-fm-aux-omega","status":"publish","type":"product","link":"https:\/\/ddt.lv\/lv\/product\/bluetooth-skalrunis-bazooka-525-25w-usb-fm-aux-omega\/","title":{"rendered":"Bluetooth Ska\u013crunis BAZOOKA 5,25&#8221; 25W USB\/FM\/AUX OMEGA"},"content":{"rendered":"<p> Omega OG72P ir jaud\u012bgs Bluetooth bezvadu ska\u013crunis ar karaoke funkciju un modern\u0101m m\u016bzikas atska\u0146o\u0161anas vad\u012bbas iesp\u0113j\u0101m. Tas ir ide\u0101li piem\u0113rots da\u017e\u0101diem pas\u0101kumiem. Ar OG72P varat k\u013c\u016bt par dzied\u0101t\u0101ju. Ieb\u016bv\u0113ta 6,3 mm ligzda \u013cauj pievienot mikrofonu. Run\u0101\u0161ana, dungo\u0161ana, dzied\u0101\u0161ana \u2014 tas viss tiks transform\u0113ts ska\u013c\u0101 un skaidr\u0101 ska\u0146\u0101. Ska\u013crunis: 1 x 15 W + 2 x 5 W (25 W) .Frekven\u010du diapazons: 100 Hz &#8211; 20 kHz .Jut\u012bba: 85 dB .Akumulators: 4000 mAh .Baro\u0161anas avots: microUSB 5V DC. Savienojums: Bluetooth, AUX IN, atmi\u0146as karte, USB piesl\u0113gvieta. Bluetooth darb\u012bbas r\u0101diuss: l\u012bdz 10 metriem. Izm\u0113ri: 320 x 160 x 180 mm.<\/p>","protected":false},"excerpt":{"rendered":"<p>Omega OG72P ir jaud\u012bgs Bluetooth bezvadu ska\u013crunis ar karaoke funkciju un modern\u0101m m\u016bzikas atska\u0146o\u0161anas vad\u012bbas iesp\u0113j\u0101m. Tas ir ide\u0101li piem\u0113rots da\u017e\u0101diem pas\u0101kumiem. Ar OG72P varat k\u013c\u016bt par dzied\u0101t\u0101ju. Ieb\u016bv\u0113ta 6,3 mm ligzda \u013cauj pievienot mikrofonu. Run\u0101\u0161ana, dungo\u0161ana, dzied\u0101\u0161ana \u2014 tas viss tiks transform\u0113ts ska\u013c\u0101 un skaidr\u0101 ska\u0146\u0101. Ska\u013crunis: 1 x 15 W + 2 x [&hellip;]<\/p>\n","protected":false},"featured_media":32402,"comment_status":"closed","ping_status":"closed","template":"","meta":{"inline_featured_image":false},"product_cat":[845],"product_tag":[],"yst_prominent_words":[],"class_list":{"0":"post-32355","1":"product","2":"type-product","3":"status-publish","4":"has-post-thumbnail","6":"product_cat-radio-bluetooth-skalruni","8":"first","9":"outofstock","10":"taxable","11":"shipping-taxable","12":"purchasable","13":"product-type-simple"},"jetpack_sharing_enabled":true,"_links":{"self":[{"href":"https:\/\/ddt.lv\/lv\/wp-json\/wp\/v2\/product\/32355"}],"collection":[{"href":"https:\/\/ddt.lv\/lv\/wp-json\/wp\/v2\/product"}],"about":[{"href":"https:\/\/ddt.lv\/lv\/wp-json\/wp\/v2\/types\/product"}],"replies":[{"embeddable":true,"href":"https:\/\/ddt.lv\/lv\/wp-json\/wp\/v2\/comments?post=32355"}],"wp:featuredmedia":[{"embeddable":true,"href":"https:\/\/ddt.lv\/lv\/wp-json\/wp\/v2\/media\/32402"}],"wp:attachment":[{"href":"https:\/\/ddt.lv\/lv\/wp-json\/wp\/v2\/media?parent=32355"}],"wp:term":[{"taxonomy":"product_cat","embeddable":true,"href":"https:\/\/ddt.lv\/lv\/wp-json\/wp\/v2\/product_cat?post=32355"},{"taxonomy":"product_tag","embeddable":true,"href":"https:\/\/ddt.lv\/lv\/wp-json\/wp\/v2\/product_tag?post=32355"},{"taxonomy":"yst_prominent_words","embeddable":true,"href":"https:\/\/ddt.lv\/lv\/wp-json\/wp\/v2\/yst_prominent_words?post=32355"}],"curies":[{"name":"wp","href":"https:\/\/api.w.org\/{rel}","templated":true}]}}