{"id":32354,"date":"2022-01-27T14:30:28","date_gmt":"2022-01-27T12:30:28","guid":{"rendered":"https:\/\/ddt.lv\/lv\/product\/lukturis-1w-led-40lm-ip44-melns-zoom3xaaa-multitools-platinet\/"},"modified":"2026-04-13T10:01:45","modified_gmt":"2026-04-13T07:01:45","slug":"lukturis-1w-led-40lm-ip44-melns-zoom3xaaa-multitools-platinet","status":"publish","type":"product","link":"https:\/\/ddt.lv\/lv\/product\/fonar-1vt-led-40lm-ip44-chernyj-zoom-3xaaa-multitools-platinet\/","title":{"rendered":"Lukturis 1W LED 40lm IP44 melns ZOOM(3xAAA)+MultiTools Platinet"},"content":{"rendered":"<p>LED luktur\u012btis ar daudzfunkcion\u0101liem instrumentiem. PAFMT luktur\u012b\u0161u korpus\u0101 ir pasl\u0113pti daudzfunkcion\u0101li instrumenti, piem\u0113ram, skr\u016bvgriezis ar galvu, stikla \u0101murs, nazis, pude\u013cu attais\u0101mais, dro\u0161\u012bbas jostas \u0161\u0137\u0113res, \u0161\u0137\u0113res un uzgrie\u017e\u0146u atsl\u0113ga. Ener\u0123ijas taupo\u0161s LED apgaismojums ar jaudu 1W un 40 l\u016bmenu spilgtumu veiksm\u012bgi apgaismo j\u016bs vis\u0101di. Ieb\u016bv\u0113t\u0101 t\u0101lummai\u0146as funkcija \u013caus prec\u012bz\u0101k novirz\u012bt gaismu v\u0113lamajam elementam. Luktur\u012bti darbina tr\u012bs standarta AAA baterijas. P\u0113c izl\u0101des t\u0101s var viegli aizst\u0101t ar jaunu komplektu.  Cietais korpuss \u013cauj luktur\u012btim labi ieder\u0113ties rok\u0101 un nebaid\u0101s no skr\u0101p\u0113jumiem un kritieniem no maza augstuma. Korpus\u0101 pasl\u0113ptie instrumenti ir izgatavoti no iztur\u012bga materi\u0101la, kas iztur\u012bgs pret p\u0101rr\u0101vumiem un locijumiem. TEHNISK\u0100S SPECIFIK\u0100CIJAS; Baro\u0161anas avots: 4.5 V DC 500mA.Dz\u012bves ilgums: 50 000 apgaismojuma stundu, 100 000 iesl\u0113g\u0161anas \/ izsl\u0113g\u0161anas ciklu.Kr\u0101su temperat\u016bra: 6000K.Gaisma: 1x 1W gaismas diode.Gaismas pl\u016bsma: 40 l\u016bmeni.Jaudas koeficients: PF&gt; 0,4.Darba temperat\u016bra: -25&#8242; ~ + 50&#8242;.CRI: 90&gt;. Ra&gt; 80.Izm\u0113ri: 146x40x40 .mmSvars: 159 g.Baro\u0161ana: 3x AAA .Gaismas re\u017e\u012bmi: t\u0101lummai\u0146as funkcija, zibspuldze.Multitool: Phillips skr\u016bvgriezis, stikla \u0101murs, nazis, pude\u013cu attais\u0101mais, dro\u0161\u012bbas jostas \u0161\u0137\u0113res, \u0161\u0137\u0113res un uzgrie\u017e\u0146u atsl\u0113ga.<br \/>\n<\/p>","protected":false},"excerpt":{"rendered":"<p>LED luktur\u012btis ar daudzfunkcion\u0101liem instrumentiem. PAFMT luktur\u012b\u0161u korpus\u0101 ir pasl\u0113pti daudzfunkcion\u0101li instrumenti, piem\u0113ram, skr\u016bvgriezis ar galvu, stikla \u0101murs, nazis, pude\u013cu attais\u0101mais, dro\u0161\u012bbas jostas \u0161\u0137\u0113res, \u0161\u0137\u0113res un uzgrie\u017e\u0146u atsl\u0113ga. Ener\u0123ijas taupo\u0161s LED apgaismojums ar jaudu 1W un 40 l\u016bmenu spilgtumu veiksm\u012bgi apgaismo j\u016bs vis\u0101di. Ieb\u016bv\u0113t\u0101 t\u0101lummai\u0146as funkcija \u013caus prec\u012bz\u0101k novirz\u012bt gaismu v\u0113lamajam elementam. Luktur\u012bti darbina tr\u012bs [&hellip;]<\/p>\n","protected":false},"featured_media":32407,"comment_status":"closed","ping_status":"closed","template":"","meta":{"inline_featured_image":false},"product_cat":[727,726],"product_tag":[],"yst_prominent_words":[],"class_list":{"0":"post-32354","1":"product","2":"type-product","3":"status-publish","4":"has-post-thumbnail","6":"product_cat-galvas","7":"product_cat-kabatas","9":"first","10":"outofstock","11":"taxable","12":"shipping-taxable","13":"purchasable","14":"product-type-simple"},"jetpack_sharing_enabled":true,"_links":{"self":[{"href":"https:\/\/ddt.lv\/lv\/wp-json\/wp\/v2\/product\/32354"}],"collection":[{"href":"https:\/\/ddt.lv\/lv\/wp-json\/wp\/v2\/product"}],"about":[{"href":"https:\/\/ddt.lv\/lv\/wp-json\/wp\/v2\/types\/product"}],"replies":[{"embeddable":true,"href":"https:\/\/ddt.lv\/lv\/wp-json\/wp\/v2\/comments?post=32354"}],"wp:featuredmedia":[{"embeddable":true,"href":"https:\/\/ddt.lv\/lv\/wp-json\/wp\/v2\/media\/32407"}],"wp:attachment":[{"href":"https:\/\/ddt.lv\/lv\/wp-json\/wp\/v2\/media?parent=32354"}],"wp:term":[{"taxonomy":"product_cat","embeddable":true,"href":"https:\/\/ddt.lv\/lv\/wp-json\/wp\/v2\/product_cat?post=32354"},{"taxonomy":"product_tag","embeddable":true,"href":"https:\/\/ddt.lv\/lv\/wp-json\/wp\/v2\/product_tag?post=32354"},{"taxonomy":"yst_prominent_words","embeddable":true,"href":"https:\/\/ddt.lv\/lv\/wp-json\/wp\/v2\/yst_prominent_words?post=32354"}],"curies":[{"name":"wp","href":"https:\/\/api.w.org\/{rel}","templated":true}]}}