{"id":32353,"date":"2022-01-27T14:30:27","date_gmt":"2022-01-27T12:30:27","guid":{"rendered":"https:\/\/ddt.lv\/lv\/product\/lukturis-3w-led-150lm-ip44-aluminija-melns-zoom3xaaa-platinet\/"},"modified":"2026-04-13T10:01:45","modified_gmt":"2026-04-13T07:01:45","slug":"lukturis-3w-led-150lm-ip44-aluminija-melns-zoom3xaaa-platinet","status":"publish","type":"product","link":"https:\/\/ddt.lv\/lv\/product\/lukturis-3w-led-150lm-ip44-aluminija-melns-zoom3xaaa-platinet\/","title":{"rendered":"Lukturis 3W LED 150lm IP44 alum\u012bnija melns ZOOM(3xAAA) Platinet"},"content":{"rendered":"<p><br \/>\nLED kabatas luktur\u012btis ar t\u0101lummai\u0146as re\u017e\u012bmu un stiprin\u0101juma siksnu. Ener\u0123ijas taupo\u0161s LED apgaismojums ar 3W jaudu un 150 l\u016bmenu spilgtumu veiksm\u012bgi apgaismo j\u016bs vis\u0101di. Ieb\u016bv\u0113t\u0101 t\u0101lummai\u0146as funkcija \u013caus prec\u012bz\u0101k novirz\u012bt gaismu v\u0113lamajam elementam. Luktur\u012bti darbina tr\u012bs standarta AAA baterijas. P\u0113c izl\u0101des tos var viegli aizst\u0101t ar jaunu komplektu . Cietais korpuss \u013cauj luktur\u012btim labi ieder\u0113ties rok\u0101 un nebaid\u0101s no skr\u0101p\u0113jumiem un kritieniem no maza augstuma. TEHNISK\u0100S SPECIFIK\u0100CIJAS; Baro\u0161anas avots: 4.5 V DC 500mA.Dz\u012bves ilgums: 50 000 apgaismojuma stundu, 100 000 iesl\u0113g\u0161anas \/ izsl\u0113g\u0161anas ciklu.Kr\u0101su temperat\u016bra: 6000K.Gaisma: 1x XPE LED 3W.Gaismas pl\u016bsma: ne vair\u0101k k\u0101 150 lm.Jaudas koeficients: PF&gt; 0,4.Darba temperat\u016bra: -25&#8242; ~ + 50&#8242;.CRI: 90&gt;. Ra&gt; 80.Izm\u0113ri: 133x37x24 mm.Svars: 119 g.Baro\u0161anas avots: 3x AAA.<\/p>","protected":false},"excerpt":{"rendered":"<p>LED kabatas luktur\u012btis ar t\u0101lummai\u0146as re\u017e\u012bmu un stiprin\u0101juma siksnu. Ener\u0123ijas taupo\u0161s LED apgaismojums ar 3W jaudu un 150 l\u016bmenu spilgtumu veiksm\u012bgi apgaismo j\u016bs vis\u0101di. Ieb\u016bv\u0113t\u0101 t\u0101lummai\u0146as funkcija \u013caus prec\u012bz\u0101k novirz\u012bt gaismu v\u0113lamajam elementam. Luktur\u012bti darbina tr\u012bs standarta AAA baterijas. P\u0113c izl\u0101des tos var viegli aizst\u0101t ar jaunu komplektu . Cietais korpuss \u013cauj luktur\u012btim labi ieder\u0113ties [&hellip;]<\/p>\n","protected":false},"featured_media":32410,"comment_status":"closed","ping_status":"closed","template":"","meta":{"inline_featured_image":false},"product_cat":[727,726],"product_tag":[],"yst_prominent_words":[],"class_list":{"0":"post-32353","1":"product","2":"type-product","3":"status-publish","4":"has-post-thumbnail","6":"product_cat-galvas","7":"product_cat-kabatas","9":"first","10":"instock","11":"taxable","12":"shipping-taxable","13":"purchasable","14":"product-type-simple"},"jetpack_sharing_enabled":true,"_links":{"self":[{"href":"https:\/\/ddt.lv\/lv\/wp-json\/wp\/v2\/product\/32353"}],"collection":[{"href":"https:\/\/ddt.lv\/lv\/wp-json\/wp\/v2\/product"}],"about":[{"href":"https:\/\/ddt.lv\/lv\/wp-json\/wp\/v2\/types\/product"}],"replies":[{"embeddable":true,"href":"https:\/\/ddt.lv\/lv\/wp-json\/wp\/v2\/comments?post=32353"}],"wp:featuredmedia":[{"embeddable":true,"href":"https:\/\/ddt.lv\/lv\/wp-json\/wp\/v2\/media\/32410"}],"wp:attachment":[{"href":"https:\/\/ddt.lv\/lv\/wp-json\/wp\/v2\/media?parent=32353"}],"wp:term":[{"taxonomy":"product_cat","embeddable":true,"href":"https:\/\/ddt.lv\/lv\/wp-json\/wp\/v2\/product_cat?post=32353"},{"taxonomy":"product_tag","embeddable":true,"href":"https:\/\/ddt.lv\/lv\/wp-json\/wp\/v2\/product_tag?post=32353"},{"taxonomy":"yst_prominent_words","embeddable":true,"href":"https:\/\/ddt.lv\/lv\/wp-json\/wp\/v2\/yst_prominent_words?post=32353"}],"curies":[{"name":"wp","href":"https:\/\/api.w.org\/{rel}","templated":true}]}}