{"id":32351,"date":"2022-01-27T14:30:26","date_gmt":"2022-01-27T12:30:26","guid":{"rendered":"https:\/\/ddt.lv\/lv\/product\/galda-lampa-e27-25w-240v-balta-keramiska-28x17cm-platinet\/"},"modified":"2026-04-22T08:46:41","modified_gmt":"2026-04-22T05:46:41","slug":"galda-lampa-e27-25w-240v-balta-keramiska-28x17cm-platinet","status":"publish","type":"product","link":"https:\/\/ddt.lv\/lv\/product\/galda-lampa-e27-25w-240v-balta-keramiska-28x17cm-platinet\/","title":{"rendered":"Galda lampa E27 25W 240V balta keramiska  28x17cm Platinet"},"content":{"rendered":"<p>\u2022 Spuldze E27 MAX 25 W (nav komplekt\u0101)<br \/>\n\u2022 Materi\u0101ls: met\u0101ls + keramika<br \/>\n\u2022 Apdare: sp\u012bd\u012bga apdare smidzin\u0101\u0161anas kr\u0101so\u0161ana.<br \/>\n\u2022 1,5 m balts PVC kabelis . iesl\u0113g\u0161anas\/izsl\u0113g\u0161anas sl\u0113dzis.<br \/>\n\u2022 Augstumss 28cm.<br \/>\n\u2022 Balta\/Melna kr\u0101sa.<\/p>\n<p><\/p>","protected":false},"excerpt":{"rendered":"<p>\u2022 Spuldze E27 MAX 25 W (nav komplekt\u0101) \u2022 Materi\u0101ls: met\u0101ls + keramika \u2022 Apdare: sp\u012bd\u012bga apdare smidzin\u0101\u0161anas kr\u0101so\u0161ana. \u2022 1,5 m balts PVC kabelis . iesl\u0113g\u0161anas\/izsl\u0113g\u0161anas sl\u0113dzis. \u2022 Augstumss 28cm. \u2022 Balta\/Melna kr\u0101sa.<\/p>\n","protected":false},"featured_media":32427,"comment_status":"closed","ping_status":"closed","template":"","meta":{"inline_featured_image":false},"product_cat":[1292],"product_tag":[],"yst_prominent_words":[],"class_list":{"0":"post-32351","1":"product","2":"type-product","3":"status-publish","4":"has-post-thumbnail","6":"product_cat-galda-lampas-un-stavlampas-apgaismojums","8":"first","9":"outofstock","10":"taxable","11":"shipping-taxable","12":"purchasable","13":"product-type-simple"},"jetpack_sharing_enabled":true,"_links":{"self":[{"href":"https:\/\/ddt.lv\/lv\/wp-json\/wp\/v2\/product\/32351"}],"collection":[{"href":"https:\/\/ddt.lv\/lv\/wp-json\/wp\/v2\/product"}],"about":[{"href":"https:\/\/ddt.lv\/lv\/wp-json\/wp\/v2\/types\/product"}],"replies":[{"embeddable":true,"href":"https:\/\/ddt.lv\/lv\/wp-json\/wp\/v2\/comments?post=32351"}],"wp:featuredmedia":[{"embeddable":true,"href":"https:\/\/ddt.lv\/lv\/wp-json\/wp\/v2\/media\/32427"}],"wp:attachment":[{"href":"https:\/\/ddt.lv\/lv\/wp-json\/wp\/v2\/media?parent=32351"}],"wp:term":[{"taxonomy":"product_cat","embeddable":true,"href":"https:\/\/ddt.lv\/lv\/wp-json\/wp\/v2\/product_cat?post=32351"},{"taxonomy":"product_tag","embeddable":true,"href":"https:\/\/ddt.lv\/lv\/wp-json\/wp\/v2\/product_tag?post=32351"},{"taxonomy":"yst_prominent_words","embeddable":true,"href":"https:\/\/ddt.lv\/lv\/wp-json\/wp\/v2\/yst_prominent_words?post=32351"}],"curies":[{"name":"wp","href":"https:\/\/api.w.org\/{rel}","templated":true}]}}