{"id":32349,"date":"2022-01-27T14:30:24","date_gmt":"2022-01-27T12:30:24","guid":{"rendered":"https:\/\/ddt.lv\/lv\/product\/nopusama-led-nakts-lampa-0-4w-30lm-dim-3000k-zelta-platinet\/"},"modified":"2026-04-08T14:41:35","modified_gmt":"2026-04-08T11:41:35","slug":"nopusama-led-nakts-lampa-0-4w-30lm-dim-3000k-zelta-platinet","status":"publish","type":"product","link":"https:\/\/ddt.lv\/lv\/product\/nopusama-led-nakts-lampa-0-4w-30lm-dim-3000k-zelta-platinet\/","title":{"rendered":"Nop\u016b\u0161ama LED nakts lampa 0.4W 30lm DIM 3000K zelta PLATINET"},"content":{"rendered":"<p>Moderna, bezvadu un ener\u0123iju taupo\u0161a LED lampa, kas stiliz\u0113ta uz klasisk\u0101m e\u013c\u013cas lamp\u0101m, ir risin\u0101jums, kas rad\u012bs unik\u0101lu atmosf\u0113ru katr\u0101 viesistab\u0101 un gu\u013camistab\u0101. Maiga gaisma, kas atg\u0101dina liesmu, \u013cauj atp\u016bsties pirms gul\u0113tie\u0161anas.<br \/>\nP\u016b\u0161ot liesmas virzien\u0101, imit\u0113jot LED, tiek iesl\u0113gts apgaismojums. V\u0113l viens p\u016btiens &#8211; tas tos nodz\u0113\u0161.Uz lampas korpusa ir uzlikta speci\u0101la poga, ar kuru regul\u0113 gaismas spilgtumu.Lampai ir ieb\u016bv\u0113ts akumulators ar ietilp\u012bbu 400 mAh, t\u0101p\u0113c t\u0101 darbojas bez vadiem un ir uzst\u0101d\u0101ma jebkur m\u0101j\u0101. Uzl\u0101de notiek, izmantojot popul\u0101ro microUSB savienot\u0101ju.<\/p>","protected":false},"excerpt":{"rendered":"<p>Moderna, bezvadu un ener\u0123iju taupo\u0161a LED lampa, kas stiliz\u0113ta uz klasisk\u0101m e\u013c\u013cas lamp\u0101m, ir risin\u0101jums, kas rad\u012bs unik\u0101lu atmosf\u0113ru katr\u0101 viesistab\u0101 un gu\u013camistab\u0101. Maiga gaisma, kas atg\u0101dina liesmu, \u013cauj atp\u016bsties pirms gul\u0113tie\u0161anas. P\u016b\u0161ot liesmas virzien\u0101, imit\u0113jot LED, tiek iesl\u0113gts apgaismojums. V\u0113l viens p\u016btiens &#8211; tas tos nodz\u0113\u0161.Uz lampas korpusa ir uzlikta speci\u0101la poga, ar kuru [&hellip;]<\/p>\n","protected":false},"featured_media":32433,"comment_status":"closed","ping_status":"closed","template":"","meta":{"inline_featured_image":false},"product_cat":[1293,746],"product_tag":[],"yst_prominent_words":[],"class_list":{"0":"post-32349","1":"product","2":"type-product","3":"status-publish","4":"has-post-thumbnail","6":"product_cat-naktslampas","7":"product_cat-pagarinataji-pagarinataji-un-sadalitaji","9":"first","10":"outofstock","11":"taxable","12":"shipping-taxable","13":"purchasable","14":"product-type-simple"},"jetpack_sharing_enabled":true,"_links":{"self":[{"href":"https:\/\/ddt.lv\/lv\/wp-json\/wp\/v2\/product\/32349"}],"collection":[{"href":"https:\/\/ddt.lv\/lv\/wp-json\/wp\/v2\/product"}],"about":[{"href":"https:\/\/ddt.lv\/lv\/wp-json\/wp\/v2\/types\/product"}],"replies":[{"embeddable":true,"href":"https:\/\/ddt.lv\/lv\/wp-json\/wp\/v2\/comments?post=32349"}],"wp:featuredmedia":[{"embeddable":true,"href":"https:\/\/ddt.lv\/lv\/wp-json\/wp\/v2\/media\/32433"}],"wp:attachment":[{"href":"https:\/\/ddt.lv\/lv\/wp-json\/wp\/v2\/media?parent=32349"}],"wp:term":[{"taxonomy":"product_cat","embeddable":true,"href":"https:\/\/ddt.lv\/lv\/wp-json\/wp\/v2\/product_cat?post=32349"},{"taxonomy":"product_tag","embeddable":true,"href":"https:\/\/ddt.lv\/lv\/wp-json\/wp\/v2\/product_tag?post=32349"},{"taxonomy":"yst_prominent_words","embeddable":true,"href":"https:\/\/ddt.lv\/lv\/wp-json\/wp\/v2\/yst_prominent_words?post=32349"}],"curies":[{"name":"wp","href":"https:\/\/api.w.org\/{rel}","templated":true}]}}