{"id":32347,"date":"2022-01-27T14:30:23","date_gmt":"2022-01-27T12:30:23","guid":{"rendered":"https:\/\/ddt.lv\/lv\/product\/galda-lampa-e14-25w-240v-melna-metala-37x16-5cm-platinet\/"},"modified":"2026-04-22T08:46:41","modified_gmt":"2026-04-22T05:46:41","slug":"galda-lampa-e14-25w-240v-melna-metala-37x16-5cm-platinet","status":"publish","type":"product","link":"https:\/\/ddt.lv\/lv\/product\/galda-lampa-e14-25w-240v-melna-metala-37x16-5cm-platinet\/","title":{"rendered":"Galda lampa E14 25W 240V melna met\u0101la 37&#215;16.5cm Platinet"},"content":{"rendered":"<p>Platinet PDL2537B ir praktiska galda lampa, kuras korpuss un aba\u017e\u016brs ir izgatavoti no met\u0101la. Ide\u0101li piem\u0113rots m\u0101c\u012bb\u0101m, k\u0101 ar\u012b pieklusin\u0101tam, smalkam interjera apgaismojumam.<br \/>\nMet\u0101la pamatne un aba\u017e\u016brs.<br \/>\nAugstas kvalit\u0101tes.<br \/>\nSavietojams ar E14 spuldz\u0113m.<br \/>\nSpuldzes: E14, jauda maks. 25W (nav iek\u013cauts).<br \/>\nKorpuss: met\u0101ls.<br \/>\nStr\u0101vas kabelis: 1,5 m.<br \/>\nAba\u017e\u016bra diametrs: 9,5 cm.<br \/>\nAba\u017e\u016bra augstums: 11,5 cm.<br \/>\nPamatnes diametrs: 16,5 cm..<br \/>\nPamatnes augstums: 2,2 cm.<br \/>\nKop\u0113jais augstums: 37 cm.<\/p>\n<p><\/p>","protected":false},"excerpt":{"rendered":"<p>Platinet PDL2537B ir praktiska galda lampa, kuras korpuss un aba\u017e\u016brs ir izgatavoti no met\u0101la. Ide\u0101li piem\u0113rots m\u0101c\u012bb\u0101m, k\u0101 ar\u012b pieklusin\u0101tam, smalkam interjera apgaismojumam. Met\u0101la pamatne un aba\u017e\u016brs. Augstas kvalit\u0101tes. Savietojams ar E14 spuldz\u0113m. Spuldzes: E14, jauda maks. 25W (nav iek\u013cauts). Korpuss: met\u0101ls. Str\u0101vas kabelis: 1,5 m. Aba\u017e\u016bra diametrs: 9,5 cm. Aba\u017e\u016bra augstums: 11,5 cm. Pamatnes [&hellip;]<\/p>\n","protected":false},"featured_media":32437,"comment_status":"closed","ping_status":"closed","template":"","meta":{"inline_featured_image":false},"product_cat":[1292],"product_tag":[],"yst_prominent_words":[],"class_list":{"0":"post-32347","1":"product","2":"type-product","3":"status-publish","4":"has-post-thumbnail","6":"product_cat-galda-lampas-un-stavlampas-apgaismojums","8":"first","9":"outofstock","10":"taxable","11":"shipping-taxable","12":"purchasable","13":"product-type-simple"},"jetpack_sharing_enabled":true,"_links":{"self":[{"href":"https:\/\/ddt.lv\/lv\/wp-json\/wp\/v2\/product\/32347"}],"collection":[{"href":"https:\/\/ddt.lv\/lv\/wp-json\/wp\/v2\/product"}],"about":[{"href":"https:\/\/ddt.lv\/lv\/wp-json\/wp\/v2\/types\/product"}],"replies":[{"embeddable":true,"href":"https:\/\/ddt.lv\/lv\/wp-json\/wp\/v2\/comments?post=32347"}],"wp:featuredmedia":[{"embeddable":true,"href":"https:\/\/ddt.lv\/lv\/wp-json\/wp\/v2\/media\/32437"}],"wp:attachment":[{"href":"https:\/\/ddt.lv\/lv\/wp-json\/wp\/v2\/media?parent=32347"}],"wp:term":[{"taxonomy":"product_cat","embeddable":true,"href":"https:\/\/ddt.lv\/lv\/wp-json\/wp\/v2\/product_cat?post=32347"},{"taxonomy":"product_tag","embeddable":true,"href":"https:\/\/ddt.lv\/lv\/wp-json\/wp\/v2\/product_tag?post=32347"},{"taxonomy":"yst_prominent_words","embeddable":true,"href":"https:\/\/ddt.lv\/lv\/wp-json\/wp\/v2\/yst_prominent_words?post=32347"}],"curies":[{"name":"wp","href":"https:\/\/api.w.org\/{rel}","templated":true}]}}