{"id":32345,"date":"2022-01-27T14:20:23","date_gmt":"2022-01-27T12:20:23","guid":{"rendered":"https:\/\/ddt.lv\/lv\/product\/usb-3-2-gen-1-zibatmina-64gb-75mb-s-melna-verbatim\/"},"modified":"2026-04-13T10:01:44","modified_gmt":"2026-04-13T07:01:44","slug":"usb-3-2-gen-1-zibatmina-64gb-75mb-s-melna-verbatim","status":"publish","type":"product","link":"https:\/\/ddt.lv\/lv\/product\/usb-3-2-gen-1-zibatmina-64gb-75mb-s-melna-verbatim\/","title":{"rendered":"USB 3.2 GEN 1 Zibatmi\u0146a 64GB 75MB\/s melna Verbatim"},"content":{"rendered":"<p>Store &#8216;n&#8217; Go V3 USB diskdzinis ir l\u012bdz pat 10 reiz\u0113m \u0101tr\u0101ks nek\u0101 USB 2.0 diskdzi\u0146i, pateicoties USB 3.0 interfeisam, kas nodro\u0161ina izcili \u0101tru datu p\u0101rs\u016bt\u012b\u0161anas \u0101trumu. Tas \u013cauj iev\u0113rojami pa\u0101trin\u0101t jebkura veida lielu failu saglab\u0101\u0161anu.<br \/>\n&#8220;B\u012bd\u012b\u0161anas un blo\u0137\u0113\u0161anas&#8221; meh\u0101nisms aizsarg\u0101 V3 USB diska USB savienot\u0101ju. Kad diskdzinis tiek lietots, savienot\u0101js tiek pagarin\u0101ts, un p\u0113c darba pabeig\u0161anas to var ievilkt un nofiks\u0113t ier\u012bces iek\u0161pus\u0113.<br \/>\nDisks ir \u013coti vienk\u0101r\u0161s un \u0113rts lieto\u0161an\u0101: vienk\u0101r\u0161i pievienojiet to jebkuram USB 3.0 portam (ir pieejams 2.0 porta atbalsts) un p\u0113c tam kop\u0113jiet atlas\u012bt\u0101s mapes un failus, izmantojot vilk\u0161anas un nome\u0161anas metodi.<br \/>\nIetilp\u012bba: 64 GB.<br \/>\nLas\u012b\u0161anas \u0101trums: l\u012bdz 60 MB \/ s (USB 3.0 resursdatora sist\u0113ma).<br \/>\nRakst\u012b\u0161anas \u0101trums: l\u012bdz 12 MB\/s (USB 3.0 resursdatora sist\u0113ma).<\/p>\n<p>Sist\u0113mas pras\u012bbas.<br \/>\nUSB 3.0 \/ USB 2.0 porti.<br \/>\nWindows 10, 8, 7, XP.<br \/>\nMac OS X 10.4 vai jaun\u0101ka versija.<br \/>\nLinux 2.4.0 vai jaun\u0101ka versija.<\/p>\n<p>Tehniskie dati.<br \/>\nProdukta svars: 10 g.<br \/>\nProdukta izm\u0113ri: 58 mm x 20 mm x 11 mm (G. x. G. x. A.).<br \/>\nDatu saglab\u0101\u0161ana: 10 gadi.<br \/>\nBaro\u0161anas avots: USB kopne (nav nepiecie\u0161ams akumulators).<br \/>\nInterfeiss: USB 3.0 &#8211; sader\u012bgs ar USB 2.0 standartu.<\/p>","protected":false},"excerpt":{"rendered":"<p>Store &#8216;n&#8217; Go V3 USB diskdzinis ir l\u012bdz pat 10 reiz\u0113m \u0101tr\u0101ks nek\u0101 USB 2.0 diskdzi\u0146i, pateicoties USB 3.0 interfeisam, kas nodro\u0161ina izcili \u0101tru datu p\u0101rs\u016bt\u012b\u0161anas \u0101trumu. Tas \u013cauj iev\u0113rojami pa\u0101trin\u0101t jebkura veida lielu failu saglab\u0101\u0161anu. &#8220;B\u012bd\u012b\u0161anas un blo\u0137\u0113\u0161anas&#8221; meh\u0101nisms aizsarg\u0101 V3 USB diska USB savienot\u0101ju. Kad diskdzinis tiek lietots, savienot\u0101js tiek pagarin\u0101ts, un p\u0113c [&hellip;]<\/p>\n","protected":false},"featured_media":32443,"comment_status":"closed","ping_status":"closed","template":"","meta":{"inline_featured_image":false},"product_cat":[1431],"product_tag":[],"yst_prominent_words":[],"class_list":{"0":"post-32345","1":"product","2":"type-product","3":"status-publish","4":"has-post-thumbnail","6":"product_cat-karsu-lasitajiadapterizibatm","8":"first","9":"outofstock","10":"taxable","11":"shipping-taxable","12":"purchasable","13":"product-type-simple"},"jetpack_sharing_enabled":true,"_links":{"self":[{"href":"https:\/\/ddt.lv\/lv\/wp-json\/wp\/v2\/product\/32345"}],"collection":[{"href":"https:\/\/ddt.lv\/lv\/wp-json\/wp\/v2\/product"}],"about":[{"href":"https:\/\/ddt.lv\/lv\/wp-json\/wp\/v2\/types\/product"}],"replies":[{"embeddable":true,"href":"https:\/\/ddt.lv\/lv\/wp-json\/wp\/v2\/comments?post=32345"}],"wp:featuredmedia":[{"embeddable":true,"href":"https:\/\/ddt.lv\/lv\/wp-json\/wp\/v2\/media\/32443"}],"wp:attachment":[{"href":"https:\/\/ddt.lv\/lv\/wp-json\/wp\/v2\/media?parent=32345"}],"wp:term":[{"taxonomy":"product_cat","embeddable":true,"href":"https:\/\/ddt.lv\/lv\/wp-json\/wp\/v2\/product_cat?post=32345"},{"taxonomy":"product_tag","embeddable":true,"href":"https:\/\/ddt.lv\/lv\/wp-json\/wp\/v2\/product_tag?post=32345"},{"taxonomy":"yst_prominent_words","embeddable":true,"href":"https:\/\/ddt.lv\/lv\/wp-json\/wp\/v2\/yst_prominent_words?post=32345"}],"curies":[{"name":"wp","href":"https:\/\/api.w.org\/{rel}","templated":true}]}}