{"id":32344,"date":"2022-01-27T14:20:22","date_gmt":"2022-01-27T12:20:22","guid":{"rendered":"https:\/\/ddt.lv\/lv\/product\/usb-3-0-type-c-zibatmina-64gb-melna-platinet\/"},"modified":"2026-04-27T08:41:42","modified_gmt":"2026-04-27T05:41:42","slug":"usb-3-0-type-c-zibatmina-64gb-melna-platinet","status":"publish","type":"product","link":"https:\/\/ddt.lv\/lv\/product\/usb-3-0-type-c-zibatmina-64gb-melna-platinet\/","title":{"rendered":"USB 3.0 + Type-C Zibatmi\u0146a 64GB melna  PLATINET"},"content":{"rendered":"<p>Pateicoties modern\u0101 USB Type-C savienot\u0101ja izmanto\u0161anai, PMFC64 atmi\u0146a ir sader\u012bga ar moderniem ultrabook datoriem un viedt\u0101lru\u0146iem \u2013 tas viss notiek bez lieku adapteru izmanto\u0161anas. Divpus\u0113jais C tipa USB savienot\u0101js nov\u0113r\u0161 risku ievietot atmi\u0146u port\u0101 ar nepareizo pusi un t\u0101d\u0113j\u0101di saboj\u0101t t\u0101s kontaktus.<br \/>\nCiets, met\u0101la korpuss izskat\u0101s eleganti, un taj\u0101 pa\u0161\u0101 laik\u0101 palielina atmi\u0146as iztur\u012bbu pret iesp\u0113jamo kritienu ietekmi.<br \/>\nZibatmi\u0146as disks ir iepakots ori\u0123in\u0101laj\u0101 blister\u012b, kas garant\u0113, ka p\u0113rkat jaunu, ori\u0123in\u0101lu produktu.<\/p>\n<p>Oper\u0113t\u0101jsist\u0113mas: Windows 10, Windows 8, Vista Home Basic \/ Home Premium \/ Business \/ Enterprise \/ Ultimate \/ Starter, Windows XP Professional \/ Home Edition, Windows 2000 Professional, Windows Me, Mac OS10.1 ~ 10.4.7, Linux ar kodolu 2.4, Android un jaun\u0101kas versijas.<br \/>\nDarba temperat\u016bra: 0 &#8211; 60 o C.<br \/>\nIetilp\u012bba: 64 GB.<br \/>\nSavietojams ar USB 2.0 un USB 1.1 standartiem.<br \/>\nIzm\u0113ri: 29 x 13 x 6 mm.<\/p>\n<p><\/p>","protected":false},"excerpt":{"rendered":"<p>Pateicoties modern\u0101 USB Type-C savienot\u0101ja izmanto\u0161anai, PMFC64 atmi\u0146a ir sader\u012bga ar moderniem ultrabook datoriem un viedt\u0101lru\u0146iem \u2013 tas viss notiek bez lieku adapteru izmanto\u0161anas. Divpus\u0113jais C tipa USB savienot\u0101js nov\u0113r\u0161 risku ievietot atmi\u0146u port\u0101 ar nepareizo pusi un t\u0101d\u0113j\u0101di saboj\u0101t t\u0101s kontaktus. Ciets, met\u0101la korpuss izskat\u0101s eleganti, un taj\u0101 pa\u0161\u0101 laik\u0101 palielina atmi\u0146as iztur\u012bbu pret [&hellip;]<\/p>\n","protected":false},"featured_media":32445,"comment_status":"closed","ping_status":"closed","template":"","meta":{"inline_featured_image":false},"product_cat":[1431],"product_tag":[],"yst_prominent_words":[],"class_list":{"0":"post-32344","1":"product","2":"type-product","3":"status-publish","4":"has-post-thumbnail","6":"product_cat-karsu-lasitajiadapterizibatm","8":"first","9":"outofstock","10":"taxable","11":"shipping-taxable","12":"purchasable","13":"product-type-simple"},"jetpack_sharing_enabled":true,"_links":{"self":[{"href":"https:\/\/ddt.lv\/lv\/wp-json\/wp\/v2\/product\/32344"}],"collection":[{"href":"https:\/\/ddt.lv\/lv\/wp-json\/wp\/v2\/product"}],"about":[{"href":"https:\/\/ddt.lv\/lv\/wp-json\/wp\/v2\/types\/product"}],"replies":[{"embeddable":true,"href":"https:\/\/ddt.lv\/lv\/wp-json\/wp\/v2\/comments?post=32344"}],"wp:featuredmedia":[{"embeddable":true,"href":"https:\/\/ddt.lv\/lv\/wp-json\/wp\/v2\/media\/32445"}],"wp:attachment":[{"href":"https:\/\/ddt.lv\/lv\/wp-json\/wp\/v2\/media?parent=32344"}],"wp:term":[{"taxonomy":"product_cat","embeddable":true,"href":"https:\/\/ddt.lv\/lv\/wp-json\/wp\/v2\/product_cat?post=32344"},{"taxonomy":"product_tag","embeddable":true,"href":"https:\/\/ddt.lv\/lv\/wp-json\/wp\/v2\/product_tag?post=32344"},{"taxonomy":"yst_prominent_words","embeddable":true,"href":"https:\/\/ddt.lv\/lv\/wp-json\/wp\/v2\/yst_prominent_words?post=32344"}],"curies":[{"name":"wp","href":"https:\/\/api.w.org\/{rel}","templated":true}]}}