{"id":32342,"date":"2022-01-27T14:20:21","date_gmt":"2022-01-27T12:20:21","guid":{"rendered":"https:\/\/ddt.lv\/lv\/product\/usb-2-0-zibatmina-128gb-melna-platinet\/"},"modified":"2026-04-13T10:01:44","modified_gmt":"2026-04-13T07:01:44","slug":"usb-2-0-zibatmina-128gb-melna-platinet","status":"publish","type":"product","link":"https:\/\/ddt.lv\/lv\/product\/usb-2-0-zibatmina-128gb-melna-platinet\/","title":{"rendered":"USB 2.0 Zibatmi\u0146a 128GB melna PLATINET"},"content":{"rendered":"<p>Alum\u012bnija korpusa konstrukcija nodro\u0161ina j\u016bsu datu visaugst\u0101ko iztur\u012bbu un dro\u0161\u012bbu.<br \/>\nPendrive ir izstr\u0101d\u0101ta, lai pal\u012bdz\u0113tu jums to viegli piestiprin\u0101t pie atsl\u0113gu piekari\u0146a vai auklas.<br \/>\nPendrive ir iepakots ori\u0123in\u0101l\u0101 blister\u012b, kas garant\u0113, ka ieg\u0101d\u0101sieties jaunu un ori\u0123in\u0101lu produktu.<br \/>\nPendrive ir nodro\u0161in\u0101ta ar Plug and Play funkciju, kas noz\u012bm\u0113, ka datori, kas apr\u012bkoti ar USB portu, to autom\u0101tiski nosaka bez nepiecie\u0161am\u012bbas instal\u0113t papildu draiverus.<br \/>\nV\u0113l viena Platnet pendrives priek\u0161roc\u012bba ir zems ener\u0123ijas pat\u0113ri\u0146\u0161 un \u0101tra datu p\u0101rs\u016bt\u012b\u0161ana.<br \/>\nOper\u0113t\u0101jsist\u0113ma: Home Basic\/Home Premium\/Business\/Enterprise\/Ultimate\/Starter, Windows XP Professional\/Home Edition, Windows 2000 Professional, Windows Me, Mac OS10.1\u201310.4.7, Linux ar kodolu 2.4 un jaun\u0101ku versiju.<br \/>\nTemperat\u016bras darbs: 0-60 o C.<br \/>\nIetilp\u012bba: 128 GB.<\/p>\n<p><\/p>","protected":false},"excerpt":{"rendered":"<p>Alum\u012bnija korpusa konstrukcija nodro\u0161ina j\u016bsu datu visaugst\u0101ko iztur\u012bbu un dro\u0161\u012bbu. Pendrive ir izstr\u0101d\u0101ta, lai pal\u012bdz\u0113tu jums to viegli piestiprin\u0101t pie atsl\u0113gu piekari\u0146a vai auklas. Pendrive ir iepakots ori\u0123in\u0101l\u0101 blister\u012b, kas garant\u0113, ka ieg\u0101d\u0101sieties jaunu un ori\u0123in\u0101lu produktu. Pendrive ir nodro\u0161in\u0101ta ar Plug and Play funkciju, kas noz\u012bm\u0113, ka datori, kas apr\u012bkoti ar USB portu, to [&hellip;]<\/p>\n","protected":false},"featured_media":32448,"comment_status":"closed","ping_status":"closed","template":"","meta":{"inline_featured_image":false},"product_cat":[1431],"product_tag":[],"yst_prominent_words":[],"class_list":{"0":"post-32342","1":"product","2":"type-product","3":"status-publish","4":"has-post-thumbnail","6":"product_cat-karsu-lasitajiadapterizibatm","8":"first","9":"instock","10":"taxable","11":"shipping-taxable","12":"purchasable","13":"product-type-simple"},"jetpack_sharing_enabled":true,"_links":{"self":[{"href":"https:\/\/ddt.lv\/lv\/wp-json\/wp\/v2\/product\/32342"}],"collection":[{"href":"https:\/\/ddt.lv\/lv\/wp-json\/wp\/v2\/product"}],"about":[{"href":"https:\/\/ddt.lv\/lv\/wp-json\/wp\/v2\/types\/product"}],"replies":[{"embeddable":true,"href":"https:\/\/ddt.lv\/lv\/wp-json\/wp\/v2\/comments?post=32342"}],"wp:featuredmedia":[{"embeddable":true,"href":"https:\/\/ddt.lv\/lv\/wp-json\/wp\/v2\/media\/32448"}],"wp:attachment":[{"href":"https:\/\/ddt.lv\/lv\/wp-json\/wp\/v2\/media?parent=32342"}],"wp:term":[{"taxonomy":"product_cat","embeddable":true,"href":"https:\/\/ddt.lv\/lv\/wp-json\/wp\/v2\/product_cat?post=32342"},{"taxonomy":"product_tag","embeddable":true,"href":"https:\/\/ddt.lv\/lv\/wp-json\/wp\/v2\/product_tag?post=32342"},{"taxonomy":"yst_prominent_words","embeddable":true,"href":"https:\/\/ddt.lv\/lv\/wp-json\/wp\/v2\/yst_prominent_words?post=32342"}],"curies":[{"name":"wp","href":"https:\/\/api.w.org\/{rel}","templated":true}]}}