{"id":32341,"date":"2022-01-27T14:20:20","date_gmt":"2022-01-27T12:20:20","guid":{"rendered":"https:\/\/ddt.lv\/lv\/product\/adapteris-usb-c-uz-hdmi-4k-vga-platinet\/"},"modified":"2026-04-13T10:01:43","modified_gmt":"2026-04-13T07:01:43","slug":"adapteris-usb-c-uz-hdmi-4k-vga-platinet","status":"publish","type":"product","link":"https:\/\/ddt.lv\/lv\/product\/adapteris-usb-c-uz-hdmi-4k-vga-platinet\/","title":{"rendered":"Adapteris USB-C uz HDMI 4K &amp; VGA Platinet"},"content":{"rendered":"<p>Adapteris \u013caus piesl\u0113gt projektorus vai \u0101r\u0113jos monitorus moderniem ultrabook datoriem, kas apr\u012bkoti tikai ar C tipa USB savienot\u0101ju. \u0112rta konstrukcija.<br \/>\nAdaptera kompaktais, elegantais un vieglais dizains padara to par ide\u0101lu kl\u0113pjdatora papildin\u0101jumu, ko varat \u0113rti pa\u0146emt l\u012bdzi jebkur. HDMI 4K @ 30Hz, 1080p @ 60Hz atbalsts; VGA: 1080p 60Hz atbalsts HDMI un VGA portam, kas darbojas vienlaikus. Alum\u012bnija korpuss.Plug &amp; Play.<\/p>\n<p><\/p>","protected":false},"excerpt":{"rendered":"<p>Adapteris \u013caus piesl\u0113gt projektorus vai \u0101r\u0113jos monitorus moderniem ultrabook datoriem, kas apr\u012bkoti tikai ar C tipa USB savienot\u0101ju. \u0112rta konstrukcija. Adaptera kompaktais, elegantais un vieglais dizains padara to par ide\u0101lu kl\u0113pjdatora papildin\u0101jumu, ko varat \u0113rti pa\u0146emt l\u012bdzi jebkur. HDMI 4K @ 30Hz, 1080p @ 60Hz atbalsts; VGA: 1080p 60Hz atbalsts HDMI un VGA portam, kas [&hellip;]<\/p>\n","protected":false},"featured_media":32451,"comment_status":"closed","ping_status":"closed","template":"","meta":{"inline_featured_image":false},"product_cat":[1431],"product_tag":[],"yst_prominent_words":[],"class_list":{"0":"post-32341","1":"product","2":"type-product","3":"status-publish","4":"has-post-thumbnail","6":"product_cat-karsu-lasitajiadapterizibatm","8":"first","9":"instock","10":"taxable","11":"shipping-taxable","12":"purchasable","13":"product-type-simple"},"jetpack_sharing_enabled":true,"_links":{"self":[{"href":"https:\/\/ddt.lv\/lv\/wp-json\/wp\/v2\/product\/32341"}],"collection":[{"href":"https:\/\/ddt.lv\/lv\/wp-json\/wp\/v2\/product"}],"about":[{"href":"https:\/\/ddt.lv\/lv\/wp-json\/wp\/v2\/types\/product"}],"replies":[{"embeddable":true,"href":"https:\/\/ddt.lv\/lv\/wp-json\/wp\/v2\/comments?post=32341"}],"wp:featuredmedia":[{"embeddable":true,"href":"https:\/\/ddt.lv\/lv\/wp-json\/wp\/v2\/media\/32451"}],"wp:attachment":[{"href":"https:\/\/ddt.lv\/lv\/wp-json\/wp\/v2\/media?parent=32341"}],"wp:term":[{"taxonomy":"product_cat","embeddable":true,"href":"https:\/\/ddt.lv\/lv\/wp-json\/wp\/v2\/product_cat?post=32341"},{"taxonomy":"product_tag","embeddable":true,"href":"https:\/\/ddt.lv\/lv\/wp-json\/wp\/v2\/product_tag?post=32341"},{"taxonomy":"yst_prominent_words","embeddable":true,"href":"https:\/\/ddt.lv\/lv\/wp-json\/wp\/v2\/yst_prominent_words?post=32341"}],"curies":[{"name":"wp","href":"https:\/\/api.w.org\/{rel}","templated":true}]}}