{"id":32339,"date":"2022-01-27T14:20:19","date_gmt":"2022-01-27T12:20:19","guid":{"rendered":"https:\/\/ddt.lv\/lv\/product\/gaisa-mitrinatajs-led-rgb-200ml-usb-35-40ml-h-balts-platinet\/"},"modified":"2026-04-27T08:41:41","modified_gmt":"2026-04-27T05:41:41","slug":"gaisa-mitrinatajs-led-rgb-200ml-usb-35-40ml-h-balts-platinet","status":"publish","type":"product","link":"https:\/\/ddt.lv\/lv\/product\/gaisa-mitrinatajs-led-rgb-200ml-usb-35-40ml-h-balts-platinet\/","title":{"rendered":"Gaisa mitrin\u0101t\u0101js LED RGB 200ml USB 35-40ml\/h balts Platinet"},"content":{"rendered":"<p>Mini gaisa mitrin\u0101t\u0101js HAZY par\u016bp\u0113sies par pareizo gaisa mitrumu j\u016bsu biroj\u0101 vai gu\u013camistab\u0101! Izmantojot ultraska\u0146u, tas p\u0101rv\u0113r\u0161 \u016bdeni smalk\u0101 migl\u0101, kas sniedz t\u016bl\u012bt\u0113ju atvieglojumu un uzlabo j\u016bsu labsaj\u016btu. Pieejams balt\u0101 un tum\u0161i zil\u0101 kr\u0101s\u0101.<\/p>\n<p>Produkta \u012bpa\u0161\u012bbas:<br \/>\nTilpums: 200ml.<br \/>\nJauda: 35-40mL \/ h.<br \/>\nSvars: 110g.<br \/>\nNep\u0101rtraukta darb\u012bba l\u012bdz 4 stund\u0101m.<br \/>\nIntermit\u0113jo\u0161a darb\u012bba l\u012bdz 8 stund\u0101m.<br \/>\nDelik\u0101ts fona apgaismojums 7 kr\u0101s\u0101s.<br \/>\nAutom\u0101tiska izsl\u0113g\u0161an\u0101s p\u0113c \u016bdens pat\u0113ri\u0146a.<br \/>\n<\/p>","protected":false},"excerpt":{"rendered":"<p>Mini gaisa mitrin\u0101t\u0101js HAZY par\u016bp\u0113sies par pareizo gaisa mitrumu j\u016bsu biroj\u0101 vai gu\u013camistab\u0101! Izmantojot ultraska\u0146u, tas p\u0101rv\u0113r\u0161 \u016bdeni smalk\u0101 migl\u0101, kas sniedz t\u016bl\u012bt\u0113ju atvieglojumu un uzlabo j\u016bsu labsaj\u016btu. Pieejams balt\u0101 un tum\u0161i zil\u0101 kr\u0101s\u0101. Produkta \u012bpa\u0161\u012bbas: Tilpums: 200ml. Jauda: 35-40mL \/ h. Svars: 110g. Nep\u0101rtraukta darb\u012bba l\u012bdz 4 stund\u0101m. Intermit\u0113jo\u0161a darb\u012bba l\u012bdz 8 stund\u0101m. Delik\u0101ts [&hellip;]<\/p>\n","protected":false},"featured_media":32456,"comment_status":"closed","ping_status":"closed","template":"","meta":{"inline_featured_image":false},"product_cat":[1500],"product_tag":[],"yst_prominent_words":[],"class_list":{"0":"post-32339","1":"product","2":"type-product","3":"status-publish","4":"has-post-thumbnail","6":"product_cat-mitrinataji-jonizetaji","8":"first","9":"instock","10":"taxable","11":"shipping-taxable","12":"purchasable","13":"product-type-simple"},"jetpack_sharing_enabled":true,"_links":{"self":[{"href":"https:\/\/ddt.lv\/lv\/wp-json\/wp\/v2\/product\/32339"}],"collection":[{"href":"https:\/\/ddt.lv\/lv\/wp-json\/wp\/v2\/product"}],"about":[{"href":"https:\/\/ddt.lv\/lv\/wp-json\/wp\/v2\/types\/product"}],"replies":[{"embeddable":true,"href":"https:\/\/ddt.lv\/lv\/wp-json\/wp\/v2\/comments?post=32339"}],"wp:featuredmedia":[{"embeddable":true,"href":"https:\/\/ddt.lv\/lv\/wp-json\/wp\/v2\/media\/32456"}],"wp:attachment":[{"href":"https:\/\/ddt.lv\/lv\/wp-json\/wp\/v2\/media?parent=32339"}],"wp:term":[{"taxonomy":"product_cat","embeddable":true,"href":"https:\/\/ddt.lv\/lv\/wp-json\/wp\/v2\/product_cat?post=32339"},{"taxonomy":"product_tag","embeddable":true,"href":"https:\/\/ddt.lv\/lv\/wp-json\/wp\/v2\/product_tag?post=32339"},{"taxonomy":"yst_prominent_words","embeddable":true,"href":"https:\/\/ddt.lv\/lv\/wp-json\/wp\/v2\/yst_prominent_words?post=32339"}],"curies":[{"name":"wp","href":"https:\/\/api.w.org\/{rel}","templated":true}]}}