{"id":32338,"date":"2022-01-27T14:20:18","date_gmt":"2022-01-27T12:20:18","guid":{"rendered":"https:\/\/ddt.lv\/lv\/product\/kompakts-ozona-generators-usb-0-4w-5v-dc-5mg-h-balts-platinet\/"},"modified":"2026-04-08T14:41:34","modified_gmt":"2026-04-08T11:41:34","slug":"kompakts-ozona-generators-usb-0-4w-5v-dc-5mg-h-balts-platinet","status":"publish","type":"product","link":"https:\/\/ddt.lv\/lv\/product\/kompakts-ozona-generators-usb-0-4w-5v-dc-5mg-h-balts-platinet\/","title":{"rendered":"Kompakts ozona \u0123ener\u0101tors USB 0.4W 5V DC 5mg\/h balts Platinet"},"content":{"rendered":"<p>Platinet portat\u012bvais mini ozonators efekt\u012bvi ozon\u0113 un dezinfic\u0113 gaisu, nov\u0113r\u0161 nepat\u012bkam\u0101s smakas un atsvaidzina. Tas izn\u012bcina bakt\u0113rijas, v\u012brusus, patog\u0113nos mikroorganismus, s\u0113n\u012btes, alerg\u0113nus, putek\u013cu \u0113rc\u012btes un pel\u0113jumu. Tas dezinfic\u0113 ledusskapju iek\u0161pusi un pal\u012bdz pagarin\u0101t d\u0101rze\u0146u, aug\u013cu, ga\u013cas un citu p\u0101rtikas produktu svaigumu. To var izmantot dr\u0113bju skapjos, apavu skapjos, uzglab\u0101\u0161anas konteineros, pieliekamajos, automa\u0161\u012bn\u0101s, akv\u0101rijos utt. Uzl\u0101d\u0113jas, izmantojot USB kabeli, bezvadu, bez trok\u0161\u0146a, intuit\u012bvi lietojams, viegls, moderns &#8211; noder katr\u0101 m\u0101j\u0101.Tehnisk\u0101s specifik\u0101cijas\u2022 Ener\u0123ijas pat\u0113ri\u0146\u0161: 0,4 W\u2022 Ieejas spriegums: DC 5V\u2022 Ozona emisija: 5 mg \/ h\u2022 Izdal\u012bto anjonu daudzums: 5 * 105 gab \/ m3\u2022 Neto svars: 0,1 kg\u2022 Produkta izm\u0113ri: O82 x 43mm\u2022 Darba zonas p\u0101rkl\u0101jums: 0,35m3\u2022 Darba zona laiks: l\u012bdz 15 stund\u0101m\u2022 Akumulatora ietilp\u012bba: 500 mAh\u2022 Komplekt\u0101cij\u0101 ietilpst: mini ozonators, lieto\u0161anas instrukcija, microUSB kabelis, garums 50 cm\u2022 <\/p>","protected":false},"excerpt":{"rendered":"<p>Platinet portat\u012bvais mini ozonators efekt\u012bvi ozon\u0113 un dezinfic\u0113 gaisu, nov\u0113r\u0161 nepat\u012bkam\u0101s smakas un atsvaidzina. Tas izn\u012bcina bakt\u0113rijas, v\u012brusus, patog\u0113nos mikroorganismus, s\u0113n\u012btes, alerg\u0113nus, putek\u013cu \u0113rc\u012btes un pel\u0113jumu. Tas dezinfic\u0113 ledusskapju iek\u0161pusi un pal\u012bdz pagarin\u0101t d\u0101rze\u0146u, aug\u013cu, ga\u013cas un citu p\u0101rtikas produktu svaigumu. To var izmantot dr\u0113bju skapjos, apavu skapjos, uzglab\u0101\u0161anas konteineros, pieliekamajos, automa\u0161\u012bn\u0101s, akv\u0101rijos utt. Uzl\u0101d\u0113jas, [&hellip;]<\/p>\n","protected":false},"featured_media":32458,"comment_status":"closed","ping_status":"closed","template":"","meta":{"inline_featured_image":false},"product_cat":[1500],"product_tag":[],"yst_prominent_words":[],"class_list":{"0":"post-32338","1":"product","2":"type-product","3":"status-publish","4":"has-post-thumbnail","6":"product_cat-mitrinataji-jonizetaji","8":"first","9":"outofstock","10":"taxable","11":"shipping-taxable","12":"purchasable","13":"product-type-simple"},"jetpack_sharing_enabled":true,"_links":{"self":[{"href":"https:\/\/ddt.lv\/lv\/wp-json\/wp\/v2\/product\/32338"}],"collection":[{"href":"https:\/\/ddt.lv\/lv\/wp-json\/wp\/v2\/product"}],"about":[{"href":"https:\/\/ddt.lv\/lv\/wp-json\/wp\/v2\/types\/product"}],"replies":[{"embeddable":true,"href":"https:\/\/ddt.lv\/lv\/wp-json\/wp\/v2\/comments?post=32338"}],"wp:featuredmedia":[{"embeddable":true,"href":"https:\/\/ddt.lv\/lv\/wp-json\/wp\/v2\/media\/32458"}],"wp:attachment":[{"href":"https:\/\/ddt.lv\/lv\/wp-json\/wp\/v2\/media?parent=32338"}],"wp:term":[{"taxonomy":"product_cat","embeddable":true,"href":"https:\/\/ddt.lv\/lv\/wp-json\/wp\/v2\/product_cat?post=32338"},{"taxonomy":"product_tag","embeddable":true,"href":"https:\/\/ddt.lv\/lv\/wp-json\/wp\/v2\/product_tag?post=32338"},{"taxonomy":"yst_prominent_words","embeddable":true,"href":"https:\/\/ddt.lv\/lv\/wp-json\/wp\/v2\/yst_prominent_words?post=32338"}],"curies":[{"name":"wp","href":"https:\/\/api.w.org\/{rel}","templated":true}]}}