{"id":32337,"date":"2022-01-27T14:20:17","date_gmt":"2022-01-27T12:20:17","guid":{"rendered":"https:\/\/ddt.lv\/lv\/product\/gaisa-mitrinatajs-led-rgb-300ml-usb-25-35ml-h-gaisi-zils-platinet\/"},"modified":"2026-04-08T14:41:33","modified_gmt":"2026-04-08T11:41:33","slug":"gaisa-mitrinatajs-led-rgb-300ml-usb-25-35ml-h-gaisi-zils-platinet","status":"publish","type":"product","link":"https:\/\/ddt.lv\/lv\/product\/gaisa-mitrinatajs-led-rgb-300ml-usb-25-35ml-h-gaisi-zils-platinet\/","title":{"rendered":"Gaisa mitrin\u0101t\u0101js LED RGB 300ml USB 25-35ml\/h gai\u0161i zils Platinet"},"content":{"rendered":"<p>Nakts LED lampa.<br \/>\n4 korpusa kr\u0101sas.<br \/>\nM\u016bsdien\u012bgs dizains.<br \/>\nTaimera funkcija.<br \/>\nMitrin\u0101t\u0101js ir ide\u0101li piem\u0113rots aler\u0123iskiem cilv\u0113kiem un cilv\u0113kiem, kas dz\u012bvo liel\u0101s, pies\u0101r\u0146ot\u0101s pils\u0113t\u0101s. Sausais un siltais gaiss slikti ietekm\u0113 matus, \u0101du, deguna blakusdobumus un miegu. Iz\u017euvusi g\u013cot\u0101da ir pastiprin\u0101tu sl\u0101pju un ar\u012b imunit\u0101tes samazin\u0101\u0161an\u0101s c\u0113lonis.<br \/>\nPareizam mitrumam telp\u0101 j\u0101b\u016bt no 40 l\u012bdz 60%.<br \/>\n&#8211; 300 ml tilpums.<br \/>\n&#8211; jauda 25 &#8211; 35 ml \/ h.<br \/>\n&#8211; svars: 143 grami.<br \/>\n&#8211; izm\u0113ri: 80 x 80 x 135 mm.<br \/>\n&#8211; Materi\u0101ls: ABS \/ PP.<br \/>\n&#8211; nep\u0101rtrauktas mitrin\u0101\u0161anas laiks: 10 stundas.<br \/>\n&#8211; pagaidu mitrin\u0101\u0161anas laiks: 16 stundas.<br \/>\n&#8211; baro\u0161anas avots: DC 5V.<br \/>\n&#8211; jauda: 2W.<br \/>\n&#8211; autom\u0101tiska aizsardz\u012bba pret \u016bdens tr\u016bkumu.<\/p>\n<p><\/p>","protected":false},"excerpt":{"rendered":"<p>Nakts LED lampa. 4 korpusa kr\u0101sas. M\u016bsdien\u012bgs dizains. Taimera funkcija. Mitrin\u0101t\u0101js ir ide\u0101li piem\u0113rots aler\u0123iskiem cilv\u0113kiem un cilv\u0113kiem, kas dz\u012bvo liel\u0101s, pies\u0101r\u0146ot\u0101s pils\u0113t\u0101s. Sausais un siltais gaiss slikti ietekm\u0113 matus, \u0101du, deguna blakusdobumus un miegu. Iz\u017euvusi g\u013cot\u0101da ir pastiprin\u0101tu sl\u0101pju un ar\u012b imunit\u0101tes samazin\u0101\u0161an\u0101s c\u0113lonis. Pareizam mitrumam telp\u0101 j\u0101b\u016bt no 40 l\u012bdz 60%. &#8211; 300 [&hellip;]<\/p>\n","protected":false},"featured_media":32461,"comment_status":"closed","ping_status":"closed","template":"","meta":{"inline_featured_image":false},"product_cat":[1500],"product_tag":[],"yst_prominent_words":[],"class_list":{"0":"post-32337","1":"product","2":"type-product","3":"status-publish","4":"has-post-thumbnail","6":"product_cat-mitrinataji-jonizetaji","8":"first","9":"outofstock","10":"taxable","11":"shipping-taxable","12":"purchasable","13":"product-type-simple"},"jetpack_sharing_enabled":true,"_links":{"self":[{"href":"https:\/\/ddt.lv\/lv\/wp-json\/wp\/v2\/product\/32337"}],"collection":[{"href":"https:\/\/ddt.lv\/lv\/wp-json\/wp\/v2\/product"}],"about":[{"href":"https:\/\/ddt.lv\/lv\/wp-json\/wp\/v2\/types\/product"}],"replies":[{"embeddable":true,"href":"https:\/\/ddt.lv\/lv\/wp-json\/wp\/v2\/comments?post=32337"}],"wp:featuredmedia":[{"embeddable":true,"href":"https:\/\/ddt.lv\/lv\/wp-json\/wp\/v2\/media\/32461"}],"wp:attachment":[{"href":"https:\/\/ddt.lv\/lv\/wp-json\/wp\/v2\/media?parent=32337"}],"wp:term":[{"taxonomy":"product_cat","embeddable":true,"href":"https:\/\/ddt.lv\/lv\/wp-json\/wp\/v2\/product_cat?post=32337"},{"taxonomy":"product_tag","embeddable":true,"href":"https:\/\/ddt.lv\/lv\/wp-json\/wp\/v2\/product_tag?post=32337"},{"taxonomy":"yst_prominent_words","embeddable":true,"href":"https:\/\/ddt.lv\/lv\/wp-json\/wp\/v2\/yst_prominent_words?post=32337"}],"curies":[{"name":"wp","href":"https:\/\/api.w.org\/{rel}","templated":true}]}}